{"id":12439,"date":"2024-07-18T11:12:46","date_gmt":"2024-07-18T09:12:46","guid":{"rendered":"https:\/\/www.heim-ag.ch\/heizsysteme\/impressum\/"},"modified":"2024-10-11T07:20:59","modified_gmt":"2024-10-11T05:20:59","slug":"mentions-legales","status":"publish","type":"page","link":"https:\/\/www.heim-ag.ch\/heizsysteme\/fr\/mentions-legales\/","title":{"rendered":"Mentions l\u00e9gales"},"content":{"rendered":"<h1>Mentions l\u00e9gales<\/h1>\n<div>\n<div class=\"content-generator-output\"><strong>Instance responsable :<\/strong><br \/>Heim AG Heizsysteme<br \/>Wittenwilerstrasse 31<br \/>8355 Aadorf<br \/>Schweiz<br \/><strong>E-Mail<\/strong>: info@heim-ag.ch<\/p>\n<p><strong>Personnes autoris\u00e9es \u00e0 repr\u00e9senter l&rsquo;association<\/strong><br \/>Steffen Rausch, Pascal Born, Reinhard R\u00fcegg, Martin Frank, Yves Furlato, Stefan Walter Reisp, Martin Schneider, Martin Schrag\u00a0<\/p>\n<p><strong>Nom de l&rsquo;entreprise:<\/strong> Heim AG Heizsysteme<br \/><strong>Num\u00e9ro d&rsquo;enregistrement:<\/strong> CHE-284.404.580 MWST<br \/><strong>Umsatzsteuer-Identifikationsnummer<\/strong>: CHE-284.404.580 MWST\u00a0<\/p>\n<p><strong>Clause de non-responsabilit\u00e9<\/strong><br \/>L&rsquo;auteur ne garantit pas l&rsquo;exactitude, la pr\u00e9cision, l&rsquo;actualit\u00e9, la fiabilit\u00e9 et l&rsquo;exhaustivit\u00e9 des informations.<br \/>L&rsquo;auteur ne saurait \u00eatre tenu pour responsable des dommages mat\u00e9riels ou immat\u00e9riels qui pourraient \u00eatre caus\u00e9s par l&rsquo;acc\u00e8s aux informations diffus\u00e9es ou par leur utilisation ou non-utilisation, par le mauvais usage de la connexion ou par des probl\u00e8mes techniques.<\/p>\n<p>Toutes les offres sont sans engagement. L&rsquo;auteur se r\u00e9serve express\u00e9ment le droit de modifier, de compl\u00e9ter ou de supprimer des parties de pages ou l&rsquo;ensemble de l&rsquo;offre sans avis pr\u00e9alable, ou d&rsquo;en suspendre temporairement ou d\u00e9finitivement la publication.<\/p>\n<p><strong>Exclusion de responsabilit\u00e9 pour les contenus et les liens<\/strong><br \/>Les renvois et liens vers des sites web de tiers ne rel\u00e8vent pas de notre responsabilit\u00e9. Nous d\u00e9clinons toute responsabilit\u00e9 pour de tels sites web. L&rsquo;acc\u00e8s \u00e0 de tels sites et leur utilisation se font aux risques et p\u00e9rils de l&rsquo;utilisateur concern\u00e9.<\/p>\n<p><strong>D\u00e9claration de droits d&rsquo;auteur<\/strong><br \/>Les droits d&rsquo;auteur et tous les autres droits sur les contenus, images, photos ou autres fichiers de ce site Internet appartiennent exclusivement \u00e0 Heim AG Heizsysteme ou aux d\u00e9tenteurs de droits sp\u00e9cialement cit\u00e9s. Pour la reproduction de tout \u00e9l\u00e9ment, l&rsquo;accord \u00e9crit du d\u00e9tenteur des droits d&rsquo;auteur doit \u00eatre obtenu au pr\u00e9alable.<\/p>\n<p><a style=\"color: inherit; text-decoration: none;\" href=\"https:\/\/brainbox.swiss\/\"><strong>Source<\/strong> : BrainBox Solutions<\/a><\/div>\n<\/div>\n<div>\n<h3>Conception graphique et fournisseur technique<\/h3>\n<p>La conception graphique a \u00e9t\u00e9 r\u00e9alis\u00e9e par Kommunikation &amp; Design pour le compte de Heim AG Heizsysteme.<\/p>\n<p>URL: <a title=\"Kommunikation &amp; Design \u2013 Werbeagentur in Baden-W\u00fcrttemberg nahe der Schweizer Grenze\" href=\"http:\/\/www.kommunikation-design.com\" target=\"_blank\" rel=\"noopener\">www.kommunikation-design.com<\/a><\/p>\n<\/div>\n<p><!--more--><br \/>\n<!-- {\"type\":\"layout\",\"children\":[{\"type\":\"section\",\"props\":{\"image_position\":\"center-center\",\"style\":\"default\",\"title_breakpoint\":\"xl\",\"title_position\":\"top-left\",\"title_rotation\":\"left\",\"vertical_align\":\"middle\",\"width\":\"default\"},\"children\":[{\"type\":\"row\",\"children\":[{\"type\":\"column\",\"props\":{\"image_position\":\"center-center\",\"position_sticky_breakpoint\":\"m\",\"width_medium\":\"3-4\"},\"children\":[{\"type\":\"headline\",\"props\":{\"content\":\"Mentions l\\u00e9gales\",\"title_element\":\"h1\"}},{\"type\":\"text\",\"props\":{\"column_breakpoint\":\"m\",\"content\":\"\n\n<div class=\\\"content-generator-output\\\"><strong>Instance responsable :<\\\/strong><br \\\/>Heim AG Heizsysteme<br \\\/>Wittenwilerstrasse 31<br \\\/>8355 Aadorf<br \\\/>Schweiz<br \\\/><strong>E-Mail<\\\/strong>: info@heim-ag.ch<br \\\/><br \\\/><strong>Personnes autoris\\u00e9es \\u00e0 repr\\u00e9senter l'association<\\\/strong><br \\\/>Steffen Rausch, Pascal Born, Reinhard R\\u00fcegg, Martin Frank, Yves Furlato, Stefan Walter Reisp, Martin Schneider, Martin Schrag\\u00a0<br \\\/><br \\\/><strong>Nom de l'entreprise:<\\\/strong> Heim AG Heizsysteme<br \\\/><strong>Num\\u00e9ro d'enregistrement:<\\\/strong> CHE-284.404.580 MWST<br \\\/><strong>Umsatzsteuer-Identifikationsnummer<\\\/strong>: CHE-284.404.580 MWST\\u00a0<br \\\/><br \\\/>\\n\n\n<p><strong>Clause de non-responsabilit\\u00e9<\\\/strong><br \\\/>L'auteur ne garantit pas l'exactitude, la pr\\u00e9cision, l'actualit\\u00e9, la fiabilit\\u00e9 et l'exhaustivit\\u00e9 des informations.<br \\\/>L'auteur ne saurait \\u00eatre tenu pour responsable des dommages mat\\u00e9riels ou immat\\u00e9riels qui pourraient \\u00eatre caus\\u00e9s par l'acc\\u00e8s aux informations diffus\\u00e9es ou par leur utilisation ou non-utilisation, par le mauvais usage de la connexion ou par des probl\\u00e8mes techniques.<\\\/p>\\nToutes les offres sont sans engagement. L'auteur se r\\u00e9serve express\\u00e9ment le droit de modifier, de compl\\u00e9ter ou de supprimer des parties de pages ou l'ensemble de l'offre sans avis pr\\u00e9alable, ou d'en suspendre temporairement ou d\\u00e9finitivement la publication.<br \\\/><br \\\/><strong>Exclusion de responsabilit\\u00e9 pour les contenus et les liens<\\\/strong><br \\\/>Les renvois et liens vers des sites web de tiers ne rel\\u00e8vent pas de notre responsabilit\\u00e9. Nous d\\u00e9clinons toute responsabilit\\u00e9 pour de tels sites web. L'acc\\u00e8s \\u00e0 de tels sites et leur utilisation se font aux risques et p\\u00e9rils de l'utilisateur concern\\u00e9.<br \\\/><br \\\/><strong>D\\u00e9claration de droits d'auteur<\\\/strong><br \\\/>Les droits d'auteur et tous les autres droits sur les contenus, images, photos ou autres fichiers de ce site Internet appartiennent exclusivement \\u00e0 Heim AG Heizsysteme ou aux d\\u00e9tenteurs de droits sp\\u00e9cialement cit\\u00e9s. Pour la reproduction de tout \\u00e9l\\u00e9ment, l'accord \\u00e9crit du d\\u00e9tenteur des droits d'auteur doit \\u00eatre obtenu au pr\\u00e9alable.<br \\\/><br \\\/><a style=\\\"color: inherit; text-decoration: none;\\\" href=\\\"https:\\\/\\\/brainbox.swiss\\\/\\\"><strong>Source<\\\/strong> : BrainBox Solutions<\\\/a><\\\/div>\",\"margin\":\"default\"}},{\"type\":\"text\",\"props\":{\"column_breakpoint\":\"m\",\"content\":\"\n\n<h3>Conception graphique et fournisseur technique<\\\/h3>\\n\n\n<p>La conception graphique a \\u00e9t\\u00e9 r\\u00e9alis\\u00e9e par Kommunikation &amp; Design pour le compte de Heim AG Heizsysteme.<\\\/p>\\n\n\n<p>URL: <a title=\\\"Kommunikation &amp; Design \\u2013 Werbeagentur in Baden-W\\u00fcrttemberg nahe der Schweizer Grenze\\\" href=\\\"http:\\\/\\\/www.kommunikation-design.com\\\" target=\\\"_blank\\\" rel=\\\"noopener\\\">www.kommunikation-design.com<\\\/a><\\\/p>\",\"margin\":\"default\"}}]},{\"type\":\"column\",\"props\":{\"image_position\":\"center-center\",\"position_sticky_breakpoint\":\"m\",\"width_medium\":\"1-4\"}}],\"props\":{\"layout\":\"3-4,1-4\"}}]}],\"version\":\"4.4.8\"} --><\/p>\n","protected":false},"excerpt":{"rendered":"<p>Mentions l\u00e9gales Instance responsable :Heim AG HeizsystemeWittenwilerstrasse 318355 AadorfSchweizE-Mail: info@heim-ag.ch Personnes autoris\u00e9es \u00e0 repr\u00e9senter l&rsquo;associationSteffen Rausch, Pascal Born, Reinhard R\u00fcegg, Martin Frank, Yves Furlato, Stefan Walter Reisp, Martin Schneider, Martin Schrag\u00a0 Nom de l&rsquo;entreprise: Heim AG HeizsystemeNum\u00e9ro d&rsquo;enregistrement: CHE-284.404.580 MWSTUmsatzsteuer-Identifikationsnummer: CHE-284.404.580 MWST\u00a0 Clause de non-responsabilit\u00e9L&rsquo;auteur ne garantit pas l&rsquo;exactitude, la pr\u00e9cision, l&rsquo;actualit\u00e9, la fiabilit\u00e9 et [&hellip;]<\/p>\n","protected":false},"author":1,"featured_media":0,"parent":0,"menu_order":0,"comment_status":"closed","ping_status":"closed","template":"","meta":{"_acf_changed":false,"footnotes":""},"class_list":["post-12439","page","type-page","status-publish","hentry"],"acf":[],"yoast_head":"<!-- This site is optimized with the Yoast SEO plugin v27.4 - https:\/\/yoast.com\/product\/yoast-seo-wordpress\/ -->\n<title>Mentions l\u00e9gales - Heim AG Heizsysteme<\/title>\n<meta name=\"description\" content=\"Tu trouveras ici nos mentions l\u00e9gales avec les personnes autoris\u00e9es \u00e0 repr\u00e9senter l&#039;entreprise, les clauses de non-responsabilit\u00e9 et les d\u00e9clarations de droits d&#039;auteur.\" \/>\n<meta name=\"robots\" content=\"index, follow, max-snippet:-1, max-image-preview:large, max-video-preview:-1\" \/>\n<link rel=\"canonical\" href=\"https:\/\/www.heim-ag.ch\/heizsysteme\/fr\/mentions-legales\/\" \/>\n<meta property=\"og:locale\" content=\"fr_FR\" \/>\n<meta property=\"og:type\" content=\"article\" \/>\n<meta property=\"og:title\" content=\"Mentions l\u00e9gales - Heim AG Heizsysteme\" \/>\n<meta property=\"og:description\" content=\"Tu trouveras ici nos mentions l\u00e9gales avec les personnes autoris\u00e9es \u00e0 repr\u00e9senter l&#039;entreprise, les clauses de non-responsabilit\u00e9 et les d\u00e9clarations de droits d&#039;auteur.\" \/>\n<meta property=\"og:url\" content=\"https:\/\/www.heim-ag.ch\/heizsysteme\/fr\/mentions-legales\/\" \/>\n<meta property=\"og:site_name\" content=\"Heim AG Heizsysteme\" \/>\n<meta property=\"article:modified_time\" content=\"2024-10-11T05:20:59+00:00\" \/>\n<meta property=\"og:image\" content=\"https:\/\/www.heim-ag.ch\/heizsysteme\/wp-content\/uploads\/sites\/2\/2024\/08\/heim-ag-logo-website-bild.jpg\" \/>\n\t<meta property=\"og:image:width\" content=\"1200\" \/>\n\t<meta property=\"og:image:height\" content=\"675\" \/>\n\t<meta property=\"og:image:type\" content=\"image\/jpeg\" \/>\n<meta name=\"twitter:card\" content=\"summary_large_image\" \/>\n<meta name=\"twitter:label1\" content=\"Dur\u00e9e de lecture estim\u00e9e\" \/>\n\t<meta name=\"twitter:data1\" content=\"2 minutes\" \/>\n<script type=\"application\/ld+json\" class=\"yoast-schema-graph\">{\"@context\":\"https:\\\/\\\/schema.org\",\"@graph\":[{\"@type\":\"WebPage\",\"@id\":\"https:\\\/\\\/www.heim-ag.ch\\\/heizsysteme\\\/fr\\\/mentions-legales\\\/\",\"url\":\"https:\\\/\\\/www.heim-ag.ch\\\/heizsysteme\\\/fr\\\/mentions-legales\\\/\",\"name\":\"Mentions l\u00e9gales - Heim AG Heizsysteme\",\"isPartOf\":{\"@id\":\"https:\\\/\\\/www.heim-ag.ch\\\/heizsysteme\\\/fr\\\/#website\"},\"datePublished\":\"2024-07-18T09:12:46+00:00\",\"dateModified\":\"2024-10-11T05:20:59+00:00\",\"description\":\"Tu trouveras ici nos mentions l\u00e9gales avec les personnes autoris\u00e9es \u00e0 repr\u00e9senter l'entreprise, les clauses de non-responsabilit\u00e9 et les d\u00e9clarations de droits d'auteur.\",\"breadcrumb\":{\"@id\":\"https:\\\/\\\/www.heim-ag.ch\\\/heizsysteme\\\/fr\\\/mentions-legales\\\/#breadcrumb\"},\"inLanguage\":\"fr-FR\",\"potentialAction\":[{\"@type\":\"ReadAction\",\"target\":[\"https:\\\/\\\/www.heim-ag.ch\\\/heizsysteme\\\/fr\\\/mentions-legales\\\/\"]}]},{\"@type\":\"BreadcrumbList\",\"@id\":\"https:\\\/\\\/www.heim-ag.ch\\\/heizsysteme\\\/fr\\\/mentions-legales\\\/#breadcrumb\",\"itemListElement\":[{\"@type\":\"ListItem\",\"position\":1,\"name\":\"Startseite\",\"item\":\"https:\\\/\\\/www.heim-ag.ch\\\/heizsysteme\\\/fr\\\/\"},{\"@type\":\"ListItem\",\"position\":2,\"name\":\"Mentions l\u00e9gales\"}]},{\"@type\":\"WebSite\",\"@id\":\"https:\\\/\\\/www.heim-ag.ch\\\/heizsysteme\\\/fr\\\/#website\",\"url\":\"https:\\\/\\\/www.heim-ag.ch\\\/heizsysteme\\\/fr\\\/\",\"name\":\"Heim AG Heizsysteme\",\"description\":\"Ganzheitlicher Partner f\u00fcr Energiel\u00f6sungen: erneuerbar und lokal\",\"publisher\":{\"@id\":\"https:\\\/\\\/www.heim-ag.ch\\\/heizsysteme\\\/fr\\\/#organization\"},\"alternateName\":\"Heim AG\",\"potentialAction\":[{\"@type\":\"SearchAction\",\"target\":{\"@type\":\"EntryPoint\",\"urlTemplate\":\"https:\\\/\\\/www.heim-ag.ch\\\/heizsysteme\\\/fr\\\/?s={search_term_string}\"},\"query-input\":{\"@type\":\"PropertyValueSpecification\",\"valueRequired\":true,\"valueName\":\"search_term_string\"}}],\"inLanguage\":\"fr-FR\"},{\"@type\":\"Organization\",\"@id\":\"https:\\\/\\\/www.heim-ag.ch\\\/heizsysteme\\\/fr\\\/#organization\",\"name\":\"Heim AG Heizsysteme\",\"alternateName\":\"Heim AG\",\"url\":\"https:\\\/\\\/www.heim-ag.ch\\\/heizsysteme\\\/fr\\\/\",\"logo\":{\"@type\":\"ImageObject\",\"inLanguage\":\"fr-FR\",\"@id\":\"https:\\\/\\\/www.heim-ag.ch\\\/heizsysteme\\\/fr\\\/#\\\/schema\\\/logo\\\/image\\\/\",\"url\":\"https:\\\/\\\/www.heim-ag.ch\\\/heizsysteme\\\/wp-content\\\/uploads\\\/sites\\\/2\\\/2024\\\/08\\\/heim-ag-logo-organisations-logo.jpg\",\"contentUrl\":\"https:\\\/\\\/www.heim-ag.ch\\\/heizsysteme\\\/wp-content\\\/uploads\\\/sites\\\/2\\\/2024\\\/08\\\/heim-ag-logo-organisations-logo.jpg\",\"width\":696,\"height\":697,\"caption\":\"Heim AG Heizsysteme\"},\"image\":{\"@id\":\"https:\\\/\\\/www.heim-ag.ch\\\/heizsysteme\\\/fr\\\/#\\\/schema\\\/logo\\\/image\\\/\"}}]}<\/script>\n<!-- \/ Yoast SEO plugin. -->","yoast_head_json":{"title":"Mentions l\u00e9gales - Heim AG Heizsysteme","description":"Tu trouveras ici nos mentions l\u00e9gales avec les personnes autoris\u00e9es \u00e0 repr\u00e9senter l'entreprise, les clauses de non-responsabilit\u00e9 et les d\u00e9clarations de droits d'auteur.","robots":{"index":"index","follow":"follow","max-snippet":"max-snippet:-1","max-image-preview":"max-image-preview:large","max-video-preview":"max-video-preview:-1"},"canonical":"https:\/\/www.heim-ag.ch\/heizsysteme\/fr\/mentions-legales\/","og_locale":"fr_FR","og_type":"article","og_title":"Mentions l\u00e9gales - Heim AG Heizsysteme","og_description":"Tu trouveras ici nos mentions l\u00e9gales avec les personnes autoris\u00e9es \u00e0 repr\u00e9senter l'entreprise, les clauses de non-responsabilit\u00e9 et les d\u00e9clarations de droits d'auteur.","og_url":"https:\/\/www.heim-ag.ch\/heizsysteme\/fr\/mentions-legales\/","og_site_name":"Heim AG Heizsysteme","article_modified_time":"2024-10-11T05:20:59+00:00","og_image":[{"width":1200,"height":675,"url":"https:\/\/www.heim-ag.ch\/heizsysteme\/wp-content\/uploads\/sites\/2\/2024\/08\/heim-ag-logo-website-bild.jpg","type":"image\/jpeg"}],"twitter_card":"summary_large_image","twitter_misc":{"Dur\u00e9e de lecture estim\u00e9e":"2 minutes"},"schema":{"@context":"https:\/\/schema.org","@graph":[{"@type":"WebPage","@id":"https:\/\/www.heim-ag.ch\/heizsysteme\/fr\/mentions-legales\/","url":"https:\/\/www.heim-ag.ch\/heizsysteme\/fr\/mentions-legales\/","name":"Mentions l\u00e9gales - Heim AG Heizsysteme","isPartOf":{"@id":"https:\/\/www.heim-ag.ch\/heizsysteme\/fr\/#website"},"datePublished":"2024-07-18T09:12:46+00:00","dateModified":"2024-10-11T05:20:59+00:00","description":"Tu trouveras ici nos mentions l\u00e9gales avec les personnes autoris\u00e9es \u00e0 repr\u00e9senter l'entreprise, les clauses de non-responsabilit\u00e9 et les d\u00e9clarations de droits d'auteur.","breadcrumb":{"@id":"https:\/\/www.heim-ag.ch\/heizsysteme\/fr\/mentions-legales\/#breadcrumb"},"inLanguage":"fr-FR","potentialAction":[{"@type":"ReadAction","target":["https:\/\/www.heim-ag.ch\/heizsysteme\/fr\/mentions-legales\/"]}]},{"@type":"BreadcrumbList","@id":"https:\/\/www.heim-ag.ch\/heizsysteme\/fr\/mentions-legales\/#breadcrumb","itemListElement":[{"@type":"ListItem","position":1,"name":"Startseite","item":"https:\/\/www.heim-ag.ch\/heizsysteme\/fr\/"},{"@type":"ListItem","position":2,"name":"Mentions l\u00e9gales"}]},{"@type":"WebSite","@id":"https:\/\/www.heim-ag.ch\/heizsysteme\/fr\/#website","url":"https:\/\/www.heim-ag.ch\/heizsysteme\/fr\/","name":"Heim AG Heizsysteme","description":"Ganzheitlicher Partner f\u00fcr Energiel\u00f6sungen: erneuerbar und lokal","publisher":{"@id":"https:\/\/www.heim-ag.ch\/heizsysteme\/fr\/#organization"},"alternateName":"Heim AG","potentialAction":[{"@type":"SearchAction","target":{"@type":"EntryPoint","urlTemplate":"https:\/\/www.heim-ag.ch\/heizsysteme\/fr\/?s={search_term_string}"},"query-input":{"@type":"PropertyValueSpecification","valueRequired":true,"valueName":"search_term_string"}}],"inLanguage":"fr-FR"},{"@type":"Organization","@id":"https:\/\/www.heim-ag.ch\/heizsysteme\/fr\/#organization","name":"Heim AG Heizsysteme","alternateName":"Heim AG","url":"https:\/\/www.heim-ag.ch\/heizsysteme\/fr\/","logo":{"@type":"ImageObject","inLanguage":"fr-FR","@id":"https:\/\/www.heim-ag.ch\/heizsysteme\/fr\/#\/schema\/logo\/image\/","url":"https:\/\/www.heim-ag.ch\/heizsysteme\/wp-content\/uploads\/sites\/2\/2024\/08\/heim-ag-logo-organisations-logo.jpg","contentUrl":"https:\/\/www.heim-ag.ch\/heizsysteme\/wp-content\/uploads\/sites\/2\/2024\/08\/heim-ag-logo-organisations-logo.jpg","width":696,"height":697,"caption":"Heim AG Heizsysteme"},"image":{"@id":"https:\/\/www.heim-ag.ch\/heizsysteme\/fr\/#\/schema\/logo\/image\/"}}]}},"_links":{"self":[{"href":"https:\/\/www.heim-ag.ch\/heizsysteme\/fr\/wp-json\/wp\/v2\/pages\/12439","targetHints":{"allow":["GET"]}}],"collection":[{"href":"https:\/\/www.heim-ag.ch\/heizsysteme\/fr\/wp-json\/wp\/v2\/pages"}],"about":[{"href":"https:\/\/www.heim-ag.ch\/heizsysteme\/fr\/wp-json\/wp\/v2\/types\/page"}],"author":[{"embeddable":true,"href":"https:\/\/www.heim-ag.ch\/heizsysteme\/fr\/wp-json\/wp\/v2\/users\/1"}],"replies":[{"embeddable":true,"href":"https:\/\/www.heim-ag.ch\/heizsysteme\/fr\/wp-json\/wp\/v2\/comments?post=12439"}],"version-history":[{"count":4,"href":"https:\/\/www.heim-ag.ch\/heizsysteme\/fr\/wp-json\/wp\/v2\/pages\/12439\/revisions"}],"predecessor-version":[{"id":12443,"href":"https:\/\/www.heim-ag.ch\/heizsysteme\/fr\/wp-json\/wp\/v2\/pages\/12439\/revisions\/12443"}],"wp:attachment":[{"href":"https:\/\/www.heim-ag.ch\/heizsysteme\/fr\/wp-json\/wp\/v2\/media?parent=12439"}],"curies":[{"name":"wp","href":"https:\/\/api.w.org\/{rel}","templated":true}]}}