{"id":12491,"date":"2024-04-22T08:31:16","date_gmt":"2024-04-22T06:31:16","guid":{"rendered":"https:\/\/www.heim-ag.ch\/heizsysteme\/produkte-loesungen\/loesungen\/"},"modified":"2024-11-13T13:49:59","modified_gmt":"2024-11-13T12:49:59","slug":"solutions","status":"publish","type":"page","link":"https:\/\/www.heim-ag.ch\/heizsysteme\/fr\/produits-solutions\/solutions\/","title":{"rendered":"Solutions"},"content":{"rendered":"<h1>Nos solutions<\/h1>\n<div>\n<p>D\u00e9couvre des solutions sur mesure pour diff\u00e9rents domaines d&rsquo;application et trouve les produits parfaits pour tes besoins individuels. Nos solutions sont con\u00e7ues pour optimiser tes processus, \u00e9conomiser de l&rsquo;\u00e9nergie et pr\u00e9server l&rsquo;environnement. Laisse-toi inspirer par notre offre vari\u00e9e et trouve exactement ce dont tu as besoin pour r\u00e9aliser tes projets avec succ\u00e8s. De l&rsquo;id\u00e9e du client \u00e0 la solution ex\u00e9cut\u00e9e, nous sommes l\u00e0 pour toi.<\/p>\n<\/div>\n<ul>\n<li>\n<p>        <img decoding=\"async\" src=\"\/heizsysteme\/wp-content\/uploads\/sites\/2\/2024\/07\/einfamilienhaus-greenhover.jpg\" alt=\"Maison individuelle\"><\/p>\n<p><img decoding=\"async\" src=\"\/heizsysteme\/wp-content\/uploads\/sites\/2\/2024\/07\/einfamilienhaus-grey-hover-2.jpg\" alt><\/p>\n<h3>Maison<br \/>individuelle<\/h3>\n<p><a href=\"\/heizsysteme\/fr\/produits-solutions\/solutions\/maison-individuelle\/\">En savoir plus<\/a><\/p>\n<\/li>\n<li>\n<p>        <img decoding=\"async\" src=\"\/heizsysteme\/wp-content\/uploads\/sites\/2\/2024\/07\/mehrfamilienhaus-green-hover.jpg\" alt=\"Immeuble collectif\"><\/p>\n<p><img decoding=\"async\" src=\"\/heizsysteme\/wp-content\/uploads\/sites\/2\/2024\/07\/mehrfamilienhaus-grey-hover.jpg\" alt><\/p>\n<h3>Immeuble-<br \/>collectif<\/h3>\n<p><a href=\"\/heizsysteme\/fr\/produits-solutions\/solutions\/immeuble-collectif\/\">En savoir plus<\/a><\/p>\n<\/li>\n<li>\n<p>        <img decoding=\"async\" src=\"\/heizsysteme\/wp-content\/uploads\/sites\/2\/2024\/07\/landwirtschaft-green-hover.jpg\" alt=\"Agriculture et sylviculture\"><\/p>\n<p><img decoding=\"async\" src=\"\/heizsysteme\/wp-content\/uploads\/sites\/2\/2024\/07\/landwirtschaft-grey-hover.jpg\" alt><\/p>\n<h3>Agriculture et<br \/>sylviculture<\/h3>\n<p><a href=\"\/heizsysteme\/fr\/produits-solutions\/solutions\/agriculture-et-sylviculture\/\">En savoir plus<\/a><\/p>\n<\/li>\n<li>\n<p>        <img decoding=\"async\" src=\"\/heizsysteme\/wp-content\/uploads\/sites\/2\/2024\/07\/nah-fernwaerme-green-hover-1.jpg\" alt=\"Chauffage urbain et \u00e0 distance\"><\/p>\n<p><img decoding=\"async\" src=\"\/heizsysteme\/wp-content\/uploads\/sites\/2\/2024\/07\/nah-fernwaerme-grey-hover.jpg\" alt><\/p>\n<h3>Chauffage urbain <br \/> et \u00e0 distance<\/h3>\n<p><a href=\"\/heizsysteme\/fr\/produits-solutions\/solutions\/chauffage-urbain-et-a-distance\/\">En savoir plus<\/a><\/p>\n<\/li>\n<li>\n<p>        <img decoding=\"async\" src=\"\/heizsysteme\/wp-content\/uploads\/sites\/2\/2024\/07\/industrie-gewerbe-green-hover.jpg\" alt=\"Industrie &#038; commerce\"><\/p>\n<p><img decoding=\"async\" src=\"\/heizsysteme\/wp-content\/uploads\/sites\/2\/2024\/07\/industrie-gewerbe-grey-hover.jpg\" alt><\/p>\n<h3>Industrie  et<br \/>commerce<\/h3>\n<p><a href=\"\/heizsysteme\/fr\/produits-solutions\/solutions\/industrie-et-commerce\/\">En savoir plus<\/a><\/p>\n<\/li>\n<li>\n<p>        <img decoding=\"async\" src=\"\/heizsysteme\/wp-content\/uploads\/sites\/2\/2024\/07\/holzverarbeitende-betriebe-green-hover.jpg\" alt=\"Entreprises de transformation du bois\"><\/p>\n<p><img decoding=\"async\" src=\"\/heizsysteme\/wp-content\/uploads\/sites\/2\/2024\/07\/holzverarbeitende-betriebe-grey-hover.jpg\" alt><\/p>\n<h3>Entreprises de transformation-<br \/> du bois<\/h3>\n<p><a href=\"\/heizsysteme\/fr\/produits-solutions\/solutions\/entreprises-de-transformation-du-bois\/\">En savoir plus<\/a><\/p>\n<\/li>\n<li>\n<p>        <img decoding=\"async\" src=\"\/heizsysteme\/wp-content\/uploads\/sites\/2\/2024\/07\/system-kombinationen-green-hover.jpg\" alt=\"Combinaisons de syst\u00e8mes\"><\/p>\n<p><img decoding=\"async\" src=\"\/heizsysteme\/wp-content\/uploads\/sites\/2\/2024\/07\/industrie-gewerbe-grey-hover-1.jpg\" alt><\/p>\n<h3>Combinaisons-<br \/>de syst\u00e8mes<\/h3>\n<p><a href=\"\/heizsysteme\/fr\/produits-solutions\/solutions\/combinaisons-de-systemes\/\">En savoir plus<\/a><\/p>\n<\/li>\n<\/ul>\n<p><!--more--><br \/>\n<!-- {\"type\":\"layout\",\"children\":[{\"type\":\"section\",\"props\":{\"image_position\":\"center-center\",\"padding_remove_bottom\":true,\"style\":\"default\",\"title_breakpoint\":\"xl\",\"title_position\":\"top-left\",\"title_rotation\":\"left\",\"vertical_align\":\"middle\",\"width\":\"default\"},\"children\":[{\"type\":\"row\",\"children\":[{\"type\":\"column\",\"props\":{\"image_position\":\"center-center\",\"position_sticky_breakpoint\":\"m\",\"width_medium\":\"1-2\"},\"children\":[{\"type\":\"headline\",\"props\":{\"animation\":\"none\",\"content\":\"Nos solutions\",\"margin_remove_top\":true,\"maxwidth\":\"2xlarge\",\"parallax_breakpoint\":\"m\",\"parallax_easing\":\"1\",\"parallax_end\":\"70vh + 70%\",\"parallax_opacity\":\"0.3,1\",\"parallax_y\":\"30,0\",\"text_align\":\"left\",\"title_color\":\"emphasis\",\"title_element\":\"h1\",\"title_style\":\"h1\"}},{\"type\":\"text\",\"props\":{\"column_breakpoint\":\"m\",\"content\":\"\n\n<p>D\\u00e9couvre des solutions sur mesure pour diff\\u00e9rents domaines d'application et trouve les produits parfaits pour tes besoins individuels. Nos solutions sont con\\u00e7ues pour optimiser tes processus, \\u00e9conomiser de l'\\u00e9nergie et pr\\u00e9server l'environnement. Laisse-toi inspirer par notre offre vari\\u00e9e et trouve exactement ce dont tu as besoin pour r\\u00e9aliser tes projets avec succ\\u00e8s. De l'id\\u00e9e du client \\u00e0 la solution ex\\u00e9cut\\u00e9e, nous sommes l\\u00e0 pour toi.<\\\/p>\",\"margin\":\"default\"}}]},{\"type\":\"column\",\"props\":{\"image_position\":\"center-center\",\"position_sticky_breakpoint\":\"m\",\"width_medium\":\"1-2\"}}],\"props\":{\"layout\":\"1-2,1-2\"}}]},{\"type\":\"section\",\"props\":{\"animation\":\"slide-bottom-small\",\"animation_delay\":false,\"header_transparent\":true,\"header_transparent_text_color\":\"dark\",\"image_effect\":\"parallax\",\"image_parallax_bgx\":\"-120,-120\",\"image_parallax_bgy\":\"420,120\",\"image_parallax_easing\":\"0.5\",\"image_position\":\"bottom-left\",\"image_size\":\"contain\",\"padding_remove_top\":false,\"preserve_color\":false,\"style\":\"default\",\"title_breakpoint\":\"xl\",\"title_position\":\"top-left\",\"title_rotation\":\"left\",\"vertical_align\":\"\",\"width\":\"large\"},\"children\":[{\"type\":\"row\",\"props\":{\"id\":\"unsere-holzfeuerungen\",\"margin\":\"xlarge\",\"margin_remove_bottom\":false},\"children\":[{\"type\":\"column\",\"props\":{\"image_position\":\"center-center\",\"position_sticky_breakpoint\":\"m\",\"width_medium\":\"1-1\",\"widths\":[\"1-1\"]},\"children\":[{\"name\":\"Gallery Hover Image \\u2013 Verlinkung andere Seiten\",\"type\":\"gallery\",\"children\":[{\"type\":\"gallery_item\",\"props\":{\"content\":\"\",\"hover_image\":\"wp-content\\\/uploads\\\/sites\\\/2\\\/2024\\\/07\\\/einfamilienhaus-grey-hover-2.jpg\",\"image\":\"wp-content\\\/uploads\\\/sites\\\/2\\\/2024\\\/07\\\/einfamilienhaus-greenhover.jpg\",\"image_alt\":\"Maison individuelle\",\"link\":\"fr\\\/produits-solutions\\\/solutions\\\/maison-individuelle\\\/\",\"link_text\":\"En savoir plus\",\"meta\":\"\",\"title\":\"Maison<br \/>individuelle\"}},{\"type\":\"gallery_item\",\"props\":{\"content\":\"\",\"hover_image\":\"wp-content\\\/uploads\\\/sites\\\/2\\\/2024\\\/07\\\/mehrfamilienhaus-grey-hover.jpg\",\"image\":\"wp-content\\\/uploads\\\/sites\\\/2\\\/2024\\\/07\\\/mehrfamilienhaus-green-hover.jpg\",\"image_alt\":\"Immeuble collectif\",\"link\":\"fr\\\/produits-solutions\\\/solutions\\\/immeuble-collectif\\\/\",\"link_text\":\"En savoir plus\",\"meta\":\"\",\"title\":\"Immeuble-<br \/>collectif\"}},{\"type\":\"gallery_item\",\"props\":{\"content\":\"\",\"hover_image\":\"wp-content\\\/uploads\\\/sites\\\/2\\\/2024\\\/07\\\/landwirtschaft-grey-hover.jpg\",\"image\":\"wp-content\\\/uploads\\\/sites\\\/2\\\/2024\\\/07\\\/landwirtschaft-green-hover.jpg\",\"image_alt\":\"Agriculture et sylviculture\",\"link\":\"fr\\\/produits-solutions\\\/solutions\\\/agriculture-et-sylviculture\\\/\",\"link_text\":\"En savoir plus\",\"meta\":\"\",\"title\":\"Agriculture et<br \/>sylviculture\"}},{\"type\":\"gallery_item\",\"props\":{\"content\":\"\",\"hover_image\":\"wp-content\\\/uploads\\\/sites\\\/2\\\/2024\\\/07\\\/nah-fernwaerme-grey-hover.jpg\",\"image\":\"wp-content\\\/uploads\\\/sites\\\/2\\\/2024\\\/07\\\/nah-fernwaerme-green-hover-1.jpg\",\"image_alt\":\"Chauffage urbain et \\u00e0 distance\",\"link\":\"fr\\\/produits-solutions\\\/solutions\\\/chauffage-urbain-et-a-distance\\\/\",\"link_text\":\"En savoir plus\",\"meta\":\"\",\"title\":\"Chauffage urbain <br \/> et \\u00e0 distance\"}},{\"type\":\"gallery_item\",\"props\":{\"content\":\"\",\"hover_image\":\"wp-content\\\/uploads\\\/sites\\\/2\\\/2024\\\/07\\\/industrie-gewerbe-grey-hover.jpg\",\"image\":\"wp-content\\\/uploads\\\/sites\\\/2\\\/2024\\\/07\\\/industrie-gewerbe-green-hover.jpg\",\"image_alt\":\"Industrie & commerce\",\"link\":\"fr\\\/produits-solutions\\\/solutions\\\/industrie-et-commerce\\\/\",\"link_text\":\"En savoir plus\",\"meta\":\"\",\"title\":\"Industrie  et<br \/>commerce\"}},{\"type\":\"gallery_item\",\"props\":{\"content\":\"\",\"hover_image\":\"wp-content\\\/uploads\\\/sites\\\/2\\\/2024\\\/07\\\/holzverarbeitende-betriebe-grey-hover.jpg\",\"image\":\"wp-content\\\/uploads\\\/sites\\\/2\\\/2024\\\/07\\\/holzverarbeitende-betriebe-green-hover.jpg\",\"image_alt\":\"Entreprises de transformation du bois\",\"link\":\"fr\\\/produits-solutions\\\/solutions\\\/entreprises-de-transformation-du-bois\\\/\",\"link_text\":\"En savoir plus\",\"meta\":\"\",\"title\":\"Entreprises de transformation-<br \/> du bois\"}},{\"type\":\"gallery_item\",\"props\":{\"content\":\"\",\"hover_image\":\"wp-content\\\/uploads\\\/sites\\\/2\\\/2024\\\/07\\\/industrie-gewerbe-grey-hover-1.jpg\",\"image\":\"wp-content\\\/uploads\\\/sites\\\/2\\\/2024\\\/07\\\/system-kombinationen-green-hover.jpg\",\"image_alt\":\"Combinaisons de syst\\u00e8mes\",\"link\":\"fr\\\/produits-solutions\\\/solutions\\\/combinaisons-de-systemes\\\/\",\"link_text\":\"En savoir plus\",\"meta\":\"\",\"title\":\"Combinaisons-<br \/>de syst\\u00e8mes\"}}],\"props\":{\"filter_align\":\"left\",\"filter_all\":true,\"filter_grid_breakpoint\":\"m\",\"filter_grid_width\":\"auto\",\"filter_position\":\"top\",\"filter_style\":\"tab\",\"grid_column_align\":false,\"grid_default\":\"1\",\"grid_divider\":false,\"grid_medium\":\"4\",\"image_min_height\":\"200\",\"item_animation\":true,\"lightbox\":false,\"link_margin\":\"small\",\"link_style\":\"\",\"link_target\":true,\"link_text\":\"Mehr erfahren\",\"margin\":\"default\",\"margin_remove_top\":false,\"meta_align\":\"above-title\",\"meta_element\":\"div\",\"meta_margin\":\"small\",\"meta_style\":\"h6\",\"overlay_hover\":false,\"overlay_link\":true,\"overlay_maxwidth\":\"large\",\"overlay_mode\":\"cover\",\"overlay_position\":\"bottom-left\",\"overlay_style\":\"\",\"overlay_transition\":\"fade\",\"parallax_easing\":\"1\",\"show_content\":false,\"show_hover_image\":true,\"show_hover_video\":false,\"show_link\":true,\"show_meta\":true,\"show_title\":true,\"text_align\":\"left\",\"text_blend\":false,\"text_color\":\"light\",\"text_color_hover\":false,\"title_element\":\"h3\",\"title_hover_style\":\"reset\",\"title_margin\":\"small\",\"title_style\":\"h3\"}}]}]}],\"name\":\"Produkte Bereiche Green Hover\"}],\"version\":\"4.4.12\"} --><\/p>\n","protected":false},"excerpt":{"rendered":"<p>Nos solutions D\u00e9couvre des solutions sur mesure pour diff\u00e9rents domaines d&rsquo;application et trouve les produits parfaits pour tes besoins individuels. Nos solutions sont con\u00e7ues pour optimiser tes processus, \u00e9conomiser de l&rsquo;\u00e9nergie et pr\u00e9server l&rsquo;environnement. Laisse-toi inspirer par notre offre vari\u00e9e et trouve exactement ce dont tu as besoin pour r\u00e9aliser tes projets avec succ\u00e8s. De [&hellip;]<\/p>\n","protected":false},"author":6,"featured_media":0,"parent":12489,"menu_order":1,"comment_status":"closed","ping_status":"closed","template":"","meta":{"_acf_changed":false,"footnotes":""},"class_list":["post-12491","page","type-page","status-publish","hentry"],"acf":[],"yoast_head":"<!-- This site is optimized with the Yoast SEO plugin v27.5 - https:\/\/yoast.com\/product\/yoast-seo-wordpress\/ -->\n<title>Solutions - Heim AG Heizsysteme<\/title>\n<meta name=\"description\" content=\"Nous proposons des solutions sur mesure pour toi et ta maison\" \/>\n<meta name=\"robots\" content=\"index, follow, max-snippet:-1, max-image-preview:large, max-video-preview:-1\" \/>\n<link rel=\"canonical\" href=\"https:\/\/www.heim-ag.ch\/heizsysteme\/fr\/produits-solutions\/solutions\/\" \/>\n<meta property=\"og:locale\" content=\"fr_FR\" \/>\n<meta property=\"og:type\" content=\"article\" \/>\n<meta property=\"og:title\" content=\"Solutions - Heim AG Heizsysteme\" \/>\n<meta property=\"og:description\" content=\"Nous proposons des solutions sur mesure pour toi et ta maison\" \/>\n<meta property=\"og:url\" content=\"https:\/\/www.heim-ag.ch\/heizsysteme\/fr\/produits-solutions\/solutions\/\" \/>\n<meta property=\"og:site_name\" content=\"Heim AG Heizsysteme\" \/>\n<meta property=\"article:modified_time\" content=\"2024-11-13T12:49:59+00:00\" \/>\n<meta property=\"og:image\" content=\"https:\/\/www.heim-ag.ch\/heizsysteme\/wp-content\/uploads\/sites\/2\/2024\/08\/heim-ag-logo-website-bild.jpg\" \/>\n\t<meta property=\"og:image:width\" content=\"1200\" \/>\n\t<meta property=\"og:image:height\" content=\"675\" \/>\n\t<meta property=\"og:image:type\" content=\"image\/jpeg\" \/>\n<meta name=\"twitter:card\" content=\"summary_large_image\" \/>\n<meta name=\"twitter:label1\" content=\"Dur\u00e9e de lecture estim\u00e9e\" \/>\n\t<meta name=\"twitter:data1\" content=\"4 minutes\" \/>\n<script type=\"application\/ld+json\" class=\"yoast-schema-graph\">{\"@context\":\"https:\\\/\\\/schema.org\",\"@graph\":[{\"@type\":\"WebPage\",\"@id\":\"https:\\\/\\\/www.heim-ag.ch\\\/heizsysteme\\\/fr\\\/produits-solutions\\\/solutions\\\/\",\"url\":\"https:\\\/\\\/www.heim-ag.ch\\\/heizsysteme\\\/fr\\\/produits-solutions\\\/solutions\\\/\",\"name\":\"Solutions - Heim AG Heizsysteme\",\"isPartOf\":{\"@id\":\"https:\\\/\\\/www.heim-ag.ch\\\/heizsysteme\\\/fr\\\/#website\"},\"datePublished\":\"2024-04-22T06:31:16+00:00\",\"dateModified\":\"2024-11-13T12:49:59+00:00\",\"description\":\"Nous proposons des solutions sur mesure pour toi et ta maison\",\"breadcrumb\":{\"@id\":\"https:\\\/\\\/www.heim-ag.ch\\\/heizsysteme\\\/fr\\\/produits-solutions\\\/solutions\\\/#breadcrumb\"},\"inLanguage\":\"fr-FR\",\"potentialAction\":[{\"@type\":\"ReadAction\",\"target\":[\"https:\\\/\\\/www.heim-ag.ch\\\/heizsysteme\\\/fr\\\/produits-solutions\\\/solutions\\\/\"]}]},{\"@type\":\"BreadcrumbList\",\"@id\":\"https:\\\/\\\/www.heim-ag.ch\\\/heizsysteme\\\/fr\\\/produits-solutions\\\/solutions\\\/#breadcrumb\",\"itemListElement\":[{\"@type\":\"ListItem\",\"position\":1,\"name\":\"Startseite\",\"item\":\"https:\\\/\\\/www.heim-ag.ch\\\/heizsysteme\\\/fr\\\/\"},{\"@type\":\"ListItem\",\"position\":2,\"name\":\"Produits &amp; solutions\",\"item\":\"https:\\\/\\\/www.heim-ag.ch\\\/heizsysteme\\\/fr\\\/produits-solutions\\\/\"},{\"@type\":\"ListItem\",\"position\":3,\"name\":\"Solutions\"}]},{\"@type\":\"WebSite\",\"@id\":\"https:\\\/\\\/www.heim-ag.ch\\\/heizsysteme\\\/fr\\\/#website\",\"url\":\"https:\\\/\\\/www.heim-ag.ch\\\/heizsysteme\\\/fr\\\/\",\"name\":\"Heim AG Heizsysteme\",\"description\":\"Ganzheitlicher Partner f\u00fcr Energiel\u00f6sungen: erneuerbar und lokal\",\"publisher\":{\"@id\":\"https:\\\/\\\/www.heim-ag.ch\\\/heizsysteme\\\/fr\\\/#organization\"},\"alternateName\":\"Heim AG\",\"potentialAction\":[{\"@type\":\"SearchAction\",\"target\":{\"@type\":\"EntryPoint\",\"urlTemplate\":\"https:\\\/\\\/www.heim-ag.ch\\\/heizsysteme\\\/fr\\\/?s={search_term_string}\"},\"query-input\":{\"@type\":\"PropertyValueSpecification\",\"valueRequired\":true,\"valueName\":\"search_term_string\"}}],\"inLanguage\":\"fr-FR\"},{\"@type\":\"Organization\",\"@id\":\"https:\\\/\\\/www.heim-ag.ch\\\/heizsysteme\\\/fr\\\/#organization\",\"name\":\"Heim AG Heizsysteme\",\"alternateName\":\"Heim AG\",\"url\":\"https:\\\/\\\/www.heim-ag.ch\\\/heizsysteme\\\/fr\\\/\",\"logo\":{\"@type\":\"ImageObject\",\"inLanguage\":\"fr-FR\",\"@id\":\"https:\\\/\\\/www.heim-ag.ch\\\/heizsysteme\\\/fr\\\/#\\\/schema\\\/logo\\\/image\\\/\",\"url\":\"https:\\\/\\\/www.heim-ag.ch\\\/heizsysteme\\\/wp-content\\\/uploads\\\/sites\\\/2\\\/2024\\\/08\\\/heim-ag-logo-organisations-logo.jpg\",\"contentUrl\":\"https:\\\/\\\/www.heim-ag.ch\\\/heizsysteme\\\/wp-content\\\/uploads\\\/sites\\\/2\\\/2024\\\/08\\\/heim-ag-logo-organisations-logo.jpg\",\"width\":696,\"height\":697,\"caption\":\"Heim AG Heizsysteme\"},\"image\":{\"@id\":\"https:\\\/\\\/www.heim-ag.ch\\\/heizsysteme\\\/fr\\\/#\\\/schema\\\/logo\\\/image\\\/\"}}]}<\/script>\n<!-- \/ Yoast SEO plugin. -->","yoast_head_json":{"title":"Solutions - Heim AG Heizsysteme","description":"Nous proposons des solutions sur mesure pour toi et ta maison","robots":{"index":"index","follow":"follow","max-snippet":"max-snippet:-1","max-image-preview":"max-image-preview:large","max-video-preview":"max-video-preview:-1"},"canonical":"https:\/\/www.heim-ag.ch\/heizsysteme\/fr\/produits-solutions\/solutions\/","og_locale":"fr_FR","og_type":"article","og_title":"Solutions - Heim AG Heizsysteme","og_description":"Nous proposons des solutions sur mesure pour toi et ta maison","og_url":"https:\/\/www.heim-ag.ch\/heizsysteme\/fr\/produits-solutions\/solutions\/","og_site_name":"Heim AG Heizsysteme","article_modified_time":"2024-11-13T12:49:59+00:00","og_image":[{"width":1200,"height":675,"url":"https:\/\/www.heim-ag.ch\/heizsysteme\/wp-content\/uploads\/sites\/2\/2024\/08\/heim-ag-logo-website-bild.jpg","type":"image\/jpeg"}],"twitter_card":"summary_large_image","twitter_misc":{"Dur\u00e9e de lecture estim\u00e9e":"4 minutes"},"schema":{"@context":"https:\/\/schema.org","@graph":[{"@type":"WebPage","@id":"https:\/\/www.heim-ag.ch\/heizsysteme\/fr\/produits-solutions\/solutions\/","url":"https:\/\/www.heim-ag.ch\/heizsysteme\/fr\/produits-solutions\/solutions\/","name":"Solutions - Heim AG Heizsysteme","isPartOf":{"@id":"https:\/\/www.heim-ag.ch\/heizsysteme\/fr\/#website"},"datePublished":"2024-04-22T06:31:16+00:00","dateModified":"2024-11-13T12:49:59+00:00","description":"Nous proposons des solutions sur mesure pour toi et ta maison","breadcrumb":{"@id":"https:\/\/www.heim-ag.ch\/heizsysteme\/fr\/produits-solutions\/solutions\/#breadcrumb"},"inLanguage":"fr-FR","potentialAction":[{"@type":"ReadAction","target":["https:\/\/www.heim-ag.ch\/heizsysteme\/fr\/produits-solutions\/solutions\/"]}]},{"@type":"BreadcrumbList","@id":"https:\/\/www.heim-ag.ch\/heizsysteme\/fr\/produits-solutions\/solutions\/#breadcrumb","itemListElement":[{"@type":"ListItem","position":1,"name":"Startseite","item":"https:\/\/www.heim-ag.ch\/heizsysteme\/fr\/"},{"@type":"ListItem","position":2,"name":"Produits &amp; solutions","item":"https:\/\/www.heim-ag.ch\/heizsysteme\/fr\/produits-solutions\/"},{"@type":"ListItem","position":3,"name":"Solutions"}]},{"@type":"WebSite","@id":"https:\/\/www.heim-ag.ch\/heizsysteme\/fr\/#website","url":"https:\/\/www.heim-ag.ch\/heizsysteme\/fr\/","name":"Heim AG Heizsysteme","description":"Ganzheitlicher Partner f\u00fcr Energiel\u00f6sungen: erneuerbar und lokal","publisher":{"@id":"https:\/\/www.heim-ag.ch\/heizsysteme\/fr\/#organization"},"alternateName":"Heim AG","potentialAction":[{"@type":"SearchAction","target":{"@type":"EntryPoint","urlTemplate":"https:\/\/www.heim-ag.ch\/heizsysteme\/fr\/?s={search_term_string}"},"query-input":{"@type":"PropertyValueSpecification","valueRequired":true,"valueName":"search_term_string"}}],"inLanguage":"fr-FR"},{"@type":"Organization","@id":"https:\/\/www.heim-ag.ch\/heizsysteme\/fr\/#organization","name":"Heim AG Heizsysteme","alternateName":"Heim AG","url":"https:\/\/www.heim-ag.ch\/heizsysteme\/fr\/","logo":{"@type":"ImageObject","inLanguage":"fr-FR","@id":"https:\/\/www.heim-ag.ch\/heizsysteme\/fr\/#\/schema\/logo\/image\/","url":"https:\/\/www.heim-ag.ch\/heizsysteme\/wp-content\/uploads\/sites\/2\/2024\/08\/heim-ag-logo-organisations-logo.jpg","contentUrl":"https:\/\/www.heim-ag.ch\/heizsysteme\/wp-content\/uploads\/sites\/2\/2024\/08\/heim-ag-logo-organisations-logo.jpg","width":696,"height":697,"caption":"Heim AG Heizsysteme"},"image":{"@id":"https:\/\/www.heim-ag.ch\/heizsysteme\/fr\/#\/schema\/logo\/image\/"}}]}},"_links":{"self":[{"href":"https:\/\/www.heim-ag.ch\/heizsysteme\/fr\/wp-json\/wp\/v2\/pages\/12491","targetHints":{"allow":["GET"]}}],"collection":[{"href":"https:\/\/www.heim-ag.ch\/heizsysteme\/fr\/wp-json\/wp\/v2\/pages"}],"about":[{"href":"https:\/\/www.heim-ag.ch\/heizsysteme\/fr\/wp-json\/wp\/v2\/types\/page"}],"author":[{"embeddable":true,"href":"https:\/\/www.heim-ag.ch\/heizsysteme\/fr\/wp-json\/wp\/v2\/users\/6"}],"replies":[{"embeddable":true,"href":"https:\/\/www.heim-ag.ch\/heizsysteme\/fr\/wp-json\/wp\/v2\/comments?post=12491"}],"version-history":[{"count":8,"href":"https:\/\/www.heim-ag.ch\/heizsysteme\/fr\/wp-json\/wp\/v2\/pages\/12491\/revisions"}],"predecessor-version":[{"id":14886,"href":"https:\/\/www.heim-ag.ch\/heizsysteme\/fr\/wp-json\/wp\/v2\/pages\/12491\/revisions\/14886"}],"up":[{"embeddable":true,"href":"https:\/\/www.heim-ag.ch\/heizsysteme\/fr\/wp-json\/wp\/v2\/pages\/12489"}],"wp:attachment":[{"href":"https:\/\/www.heim-ag.ch\/heizsysteme\/fr\/wp-json\/wp\/v2\/media?parent=12491"}],"curies":[{"name":"wp","href":"https:\/\/api.w.org\/{rel}","templated":true}]}}