{"id":13046,"date":"2024-04-22T08:11:03","date_gmt":"2024-04-22T06:11:03","guid":{"rendered":"https:\/\/www.heim-ag.ch\/heizsysteme\/produkte-loesungen\/pompes-a-chaleur\/waermepumpenboiler\/"},"modified":"2026-04-08T10:41:30","modified_gmt":"2026-04-08T08:41:30","slug":"chauffe-eau-pompe-a-chaleur","status":"publish","type":"page","link":"https:\/\/www.heim-ag.ch\/heizsysteme\/fr\/produits-solutions\/pompes-a-chaleur\/chauffe-eau-pompe-a-chaleur\/","title":{"rendered":"Chauffe-eau pompe \u00e0 chaleur"},"content":{"rendered":"<h2>Chauffe-eau pompe \u00e0 chaleur<\/h2>\n<div>\n<p><strong>L&rsquo;utilisation \u00e9conomique de la chaleur ambiante<\/strong><\/p>\n<p>Quatre unit\u00e9s fonctionnelles agissent ensemble pour \u00e9lever la chaleur pr\u00e9lev\u00e9e dans l&rsquo;air ambiant ou ext\u00e9rieur \u00e0 un niveau de temp\u00e9rature plus \u00e9lev\u00e9 : L&rsquo;\u00e9vaporateur, le condenseur, le d\u00e9tendeur et le compresseur. Les pompes \u00e0 chaleur \u00e0 eau chaude transf\u00e8rent la chaleur extraite de l&rsquo;air ambiant aspir\u00e9 dans un \u00e9vaporateur \u00e0 un fluide frigorig\u00e8ne. Celui-ci est amen\u00e9 \u00e0 une pression plus \u00e9lev\u00e9e \u00e0 l&rsquo;aide d&rsquo;un compresseur. La compression fait augmenter la temp\u00e9rature du fluide frigorig\u00e8ne. La chaleur est transf\u00e9r\u00e9e au contenu du ballon via un \u00e9changeur de chaleur de s\u00e9curit\u00e9 envelopp\u00e9 \u00e0 l&rsquo;ext\u00e9rieur du ballon d&rsquo;eau chaude. Le fluide de travail est d\u00e9tendu dans la soupape d&rsquo;expansion et se refroidit ainsi.<\/p>\n<\/p>\n<\/div>\n<p><p>\n        <a href=\"#pompes-\u00e0-chaleur-pour-chauffe-eau\">Nos chauffe-eau \u00e0 pompe \u00e0 chaleur<\/a>\n    <\/p>\n<\/p>\n<div>\n<h3>Solution solo ou combin\u00e9e<\/h3>\n<div>\n<p>Les pompes \u00e0 chaleur pour eau chaude domestique avec \u00e9changeur de chaleur tubulaire int\u00e9gr\u00e9 sont encore plus flexibles dans leur utilisation ; soit comme syst\u00e8me individuel pour un fonctionnement \u00e0 l&rsquo;\u00e9lectricit\u00e9 toute l&rsquo;ann\u00e9e, soit par exemple avec un chauffage \u00e0 b\u00fbches comme syst\u00e8me compl\u00e9mentaire \u00e0 raccorder \u00e0 ton installation de chauffage.<\/p>\n<p>L&rsquo;avantage est qu&rsquo;en hiver, lorsque ton syst\u00e8me de chauffage fonctionne de toute fa\u00e7on, ils peuvent ainsi fournir de l&rsquo;\u00e9nergie suppl\u00e9mentaire au chauffe-eau et r\u00e9duire ainsi la phase de chauffage. En dehors de la p\u00e9riode de chauffage, cette solution te permet d&rsquo;\u00e9viter la mise en service (non rentable) de ton installation de chauffage. La pompe \u00e0 chaleur pour eau chaude fonctionne alors seule de mani\u00e8re beaucoup plus \u00e9conomique et aussi plus efficace.<\/p>\n<\/div>\n<\/div>\n<h1>Nos chauffe-eau \u00e0 pompe \u00e0 chaleur<\/h1>\n<div>\n<\/div>\n<h3>Trouve une solution qui te convient<\/h3>\n<h2>Nous te conseillons volontiers sans engagement<\/h2>\n<p><p>\n        <a href=\"\/heizsysteme\/fr\/contact\/\">Contactez-nous<\/a>\n    <\/p>\n<\/p>\n<ul>\n<li>\n<h3>Pompes \u00e0 chaleur<\/h3>\n<div>\n<p>Des pompes \u00e0 chaleur pour tous les besoins et toutes les classes de puissance, de la maison individuelle aux installations industrielles.<\/p>\n<\/div>\n<\/li>\n<li>\n<h3>Energie solaire<\/h3>\n<div>\n<p>Nos solutions solaires t&rsquo;aident \u00e0 produire de l&rsquo;\u00e9lectricit\u00e9 de mani\u00e8re durable et \u00e9conomique, \u00e0 la stocker et \u00e0 l&rsquo;utiliser intelligemment.<\/p>\n<\/div>\n<\/li>\n<li>\n<h3>Energie du bois<\/h3>\n<div>\n<p>Nos syst\u00e8mes de chauffage au bois fournissent une chaleur efficace qui r\u00e9pond aux exigences les plus diverses.<\/p>\n<\/div>\n<\/li>\n<li>\n<h3>stockage d&rsquo;\u00e9nergie<\/h3>\n<div>\n<p>Nos solutions de stockage permettent une utilisation et un stockage efficaces de l&rsquo;\u00e9nergie. Des accumulateurs tampons modernes aux syst\u00e8mes de stockage de glace.<\/p>\n<\/div>\n<\/li>\n<\/ul>\n<p><!--more--><br \/>\n<!-- {\"type\":\"layout\",\"children\":[{\"type\":\"section\",\"props\":{\"image_position\":\"center-center\",\"padding\":\"small\",\"padding_remove_top\":false,\"style\":\"default\",\"title_breakpoint\":\"xl\",\"title_position\":\"top-left\",\"title_rotation\":\"left\",\"vertical_align\":\"middle\",\"width\":\"default\"},\"children\":[{\"type\":\"row\",\"props\":{\"layout\":\"1-3,1-3,1-3\"},\"children\":[{\"type\":\"column\",\"props\":{\"image_height\":\"750\",\"image_position\":\"center-center\",\"image_width\":\"750\",\"position_sticky_breakpoint\":\"m\",\"width_medium\":\"1-3\"},\"children\":[{\"type\":\"headline\",\"props\":{\"content\":\"Chauffe-eau pompe \\u00e0 chaleur\",\"title_element\":\"h2\",\"title_style\":\"h1\"}},{\"type\":\"text\",\"props\":{\"column_breakpoint\":\"m\",\"content\":\"\n\n<p><strong>L'utilisation \\u00e9conomique de la chaleur ambiante<\\\/strong><\\\/p>\\n\n\n<p>Quatre unit\\u00e9s fonctionnelles agissent ensemble pour \\u00e9lever la chaleur pr\\u00e9lev\\u00e9e dans l'air ambiant ou ext\\u00e9rieur \\u00e0 un niveau de temp\\u00e9rature plus \\u00e9lev\\u00e9 : L'\\u00e9vaporateur, le condenseur, le d\\u00e9tendeur et le compresseur. Les pompes \\u00e0 chaleur \\u00e0 eau chaude transf\\u00e8rent la chaleur extraite de l'air ambiant aspir\\u00e9 dans un \\u00e9vaporateur \\u00e0 un fluide frigorig\\u00e8ne. Celui-ci est amen\\u00e9 \\u00e0 une pression plus \\u00e9lev\\u00e9e \\u00e0 l'aide d'un compresseur. La compression fait augmenter la temp\\u00e9rature du fluide frigorig\\u00e8ne. La chaleur est transf\\u00e9r\\u00e9e au contenu du ballon via un \\u00e9changeur de chaleur de s\\u00e9curit\\u00e9 envelopp\\u00e9 \\u00e0 l'ext\\u00e9rieur du ballon d'eau chaude. Le fluide de travail est d\\u00e9tendu dans la soupape d'expansion et se refroidit ainsi.<\\\/p>\\n\n\n<p><\\\/p>\",\"margin\":\"default\"}},{\"type\":\"button\",\"props\":{\"grid_column_gap\":\"small\",\"grid_row_gap\":\"small\",\"margin\":\"default\"},\"children\":[{\"type\":\"button_item\",\"props\":{\"button_style\":\"default\",\"content\":\"Nos chauffe-eau \\u00e0 pompe \\u00e0 chaleur\",\"dialog_layout\":\"modal\",\"dialog_offcanvas_flip\":true,\"icon_align\":\"left\",\"link\":\"#pompes-\\u00e0-chaleur-pour-chauffe-eau\"}}]}]},{\"type\":\"column\",\"props\":{\"image_position\":\"center-center\",\"position_sticky_breakpoint\":\"m\",\"style\":\"card-secondary\",\"width_medium\":\"1-3\"},\"children\":[{\"type\":\"panel\",\"props\":{\"content\":\"\n\n<p>Les pompes \\u00e0 chaleur pour eau chaude domestique avec \\u00e9changeur de chaleur tubulaire int\\u00e9gr\\u00e9 sont encore plus flexibles dans leur utilisation ; soit comme syst\\u00e8me individuel pour un fonctionnement \\u00e0 l'\\u00e9lectricit\\u00e9 toute l'ann\\u00e9e, soit par exemple avec un chauffage \\u00e0 b\\u00fbches comme syst\\u00e8me compl\\u00e9mentaire \\u00e0 raccorder \\u00e0 ton installation de chauffage.<\\\/p>\\n\n\n<p>L'avantage est qu'en hiver, lorsque ton syst\\u00e8me de chauffage fonctionne de toute fa\\u00e7on, ils peuvent ainsi fournir de l'\\u00e9nergie suppl\\u00e9mentaire au chauffe-eau et r\\u00e9duire ainsi la phase de chauffage. En dehors de la p\\u00e9riode de chauffage, cette solution te permet d'\\u00e9viter la mise en service (non rentable) de ton installation de chauffage. La pompe \\u00e0 chaleur pour eau chaude fonctionne alors seule de mani\\u00e8re beaucoup plus \\u00e9conomique et aussi plus efficace.<br \\\/><br \\\/><\\\/p>\",\"content_column_breakpoint\":\"m\",\"icon_width\":80,\"image_align\":\"top\",\"image_grid_breakpoint\":\"m\",\"image_grid_width\":\"1-2\",\"image_svg_color\":\"emphasis\",\"link_style\":\"default\",\"link_text\":\"Read more\",\"margin\":\"default\",\"meta\":\"\",\"meta_align\":\"below-title\",\"meta_element\":\"div\",\"meta_style\":\"text-meta\",\"title\":\"Solution solo ou combin\\u00e9e\",\"title_align\":\"top\",\"title_element\":\"h3\",\"title_grid_breakpoint\":\"m\",\"title_grid_width\":\"1-2\",\"title_hover_style\":\"reset\"},\"name\":\"Panel-Vorteile\"}]},{\"type\":\"column\",\"props\":{\"image\":\"wp-content\\\/uploads\\\/sites\\\/2\\\/2024\\\/07\\\/waermepumpenboiler-1.jpg\",\"image_height\":\"750\",\"image_position\":\"center-right\",\"image_size\":\"height-1-1\",\"image_width\":\"750\",\"position_sticky_breakpoint\":\"m\",\"width_medium\":\"1-3\"}}]}],\"name\":\"Einleitungsbereich Produkte\"},{\"type\":\"section\",\"props\":{\"image_position\":\"center-center\",\"style\":\"muted\",\"title_breakpoint\":\"xl\",\"title_position\":\"top-left\",\"title_rotation\":\"left\",\"vertical_align\":\"\",\"width\":\"\"},\"children\":[{\"type\":\"row\",\"children\":[{\"type\":\"column\",\"props\":{\"image_position\":\"center-center\",\"position_sticky_breakpoint\":\"m\"},\"children\":[{\"type\":\"headline\",\"props\":{\"content\":\"Nos chauffe-eau \\u00e0 pompe \\u00e0 chaleur\",\"title_color\":\"primary\",\"title_element\":\"h1\",\"title_style\":\"h2\"}},{\"type\":\"grid\",\"props\":{\"content_column_breakpoint\":\"m\",\"filter_align\":\"left\",\"filter_all\":true,\"filter_grid_breakpoint\":\"m\",\"filter_grid_width\":\"auto\",\"filter_position\":\"top\",\"filter_style\":\"tab\",\"grid_default\":\"1\",\"grid_medium\":\"4\",\"grid_small\":\"3\",\"icon_width\":80,\"image_align\":\"top\",\"image_grid_breakpoint\":\"m\",\"image_grid_width\":\"1-2\",\"image_link\":true,\"image_loading\":false,\"image_svg_color\":\"emphasis\",\"image_transition\":\"scale-up\",\"image_transition_border\":true,\"item_animation\":true,\"lightbox_bg_close\":true,\"link_style\":\"danger\",\"link_text\":\"Vers le produit\",\"margin\":\"default\",\"meta_align\":\"below-title\",\"meta_element\":\"div\",\"meta_style\":\"text-meta\",\"panel_image_no_padding\":true,\"panel_padding\":\"default\",\"panel_style\":\"card-default\",\"show_content\":true,\"show_hover_image\":true,\"show_hover_video\":true,\"show_image\":true,\"show_link\":true,\"show_meta\":true,\"show_title\":true,\"show_video\":true,\"title_align\":\"top\",\"title_element\":\"h2\",\"title_grid_breakpoint\":\"m\",\"title_grid_width\":\"1-2\",\"title_hover_style\":\"reset\",\"title_style\":\"h5\"},\"children\":[{\"type\":\"grid_item\",\"source\":{\"query\":{\"name\":\"productss.customProductss\",\"arguments\":{\"terms\":[53],\"product_categories_operator\":\"IN\",\"users\":[],\"users_operator\":\"IN\",\"offset\":0,\"limit\":10,\"order\":\"date\",\"order_direction\":\"DESC\"}},\"props\":{\"title\":{\"filters\":{\"search\":\"\"},\"name\":\"title\"},\"image\":{\"filters\":{\"search\":\"\"},\"name\":\"field.product_image_group.product_image.url\"},\"image_alt\":{\"filters\":{\"search\":\"\"},\"name\":\"field.product_image_group.product_image.alt\"},\"link\":{\"filters\":{\"search\":\"\"},\"name\":\"link\"},\"content\":{\"filters\":{\"search\":\"\"},\"name\":\"field.product_teaser\"}}}}]}]}],\"props\":{\"id\":\"pompes-\\u00e0-chaleur-pour-chauffe-eau\",\"width\":\"default\"}}],\"name\":\"Produkte \\u00dcbersicht Teaser\"},{\"type\":\"section\",\"props\":{\"id\":\"unserevorteile\",\"image_position\":\"center-center\",\"style\":\"secondary\",\"title_breakpoint\":\"xl\",\"title_position\":\"top-left\",\"title_rotation\":\"left\",\"vertical_align\":\"\",\"width\":\"large\"},\"children\":[{\"type\":\"row\",\"props\":{\"layout\":\"2-5,3-5\"},\"children\":[{\"type\":\"column\",\"props\":{\"image_position\":\"center-center\",\"position_sticky_breakpoint\":\"m\",\"width_medium\":\"2-5\"},\"children\":[{\"type\":\"headline\",\"props\":{\"content\":\"Trouve une solution qui te convient\",\"margin_remove_bottom\":true,\"margin_remove_top\":true,\"title_element\":\"h3\",\"title_style\":\"h4\"}},{\"type\":\"headline\",\"props\":{\"content\":\"Nous te conseillons volontiers sans engagement\",\"margin\":\"small\",\"margin_remove_top\":true,\"title_color\":\"primary\",\"title_element\":\"h2\",\"title_style\":\"h1\"}},{\"type\":\"button\",\"props\":{\"grid_column_gap\":\"small\",\"grid_row_gap\":\"small\",\"margin\":\"small\",\"margin_remove_top\":false},\"children\":[{\"type\":\"button_item\",\"props\":{\"button_style\":\"primary\",\"content\":\"Contactez-nous\",\"dialog_layout\":\"modal\",\"dialog_offcanvas_flip\":true,\"icon_align\":\"left\",\"link\":\"fr\\\/contact\\\/\"}}]}]},{\"type\":\"column\",\"props\":{\"image_position\":\"center-center\",\"position_sticky_breakpoint\":\"m\",\"width_medium\":\"3-5\"},\"children\":[{\"type\":\"grid\",\"props\":{\"animation\":\"parallax\",\"content_column_breakpoint\":\"m\",\"filter_align\":\"left\",\"filter_all\":true,\"filter_grid_breakpoint\":\"m\",\"filter_grid_width\":\"auto\",\"filter_position\":\"top\",\"filter_style\":\"tab\",\"grid_column_gap\":\"large\",\"grid_default\":\"1\",\"grid_medium\":\"2\",\"grid_row_gap\":\"large\",\"grid_small\":\"2\",\"icon_width\":80,\"image_align\":\"top\",\"image_grid_breakpoint\":\"m\",\"image_grid_width\":\"1-2\",\"image_svg_color\":\"emphasis\",\"item_animation\":true,\"lightbox_bg_close\":true,\"link_style\":\"primary\",\"link_text\":\"Show more\",\"margin\":\"\",\"meta_align\":\"below-title\",\"meta_element\":\"div\",\"meta_style\":\"text-meta\",\"parallax_breakpoint\":\"m\",\"parallax_easing\":\"1\",\"parallax_y\":\"0,0\",\"show_content\":true,\"show_hover_image\":true,\"show_hover_video\":true,\"show_image\":true,\"show_link\":true,\"show_meta\":true,\"show_title\":true,\"show_video\":true,\"title_align\":\"top\",\"title_color\":\"primary\",\"title_element\":\"h3\",\"title_grid_breakpoint\":\"m\",\"title_grid_width\":\"1-2\",\"title_hover_style\":\"reset\",\"title_style\":\"h4\"},\"children\":[{\"type\":\"grid_item\",\"props\":{\"content\":\"\n\n<p>Des pompes \\u00e0 chaleur pour tous les besoins et toutes les classes de puissance, de la maison individuelle aux installations industrielles.<\\\/p>\",\"title\":\"Pompes \\u00e0 chaleur\"}},{\"type\":\"grid_item\",\"props\":{\"content\":\"\n\n<p>Nos solutions solaires t'aident \\u00e0 produire de l'\\u00e9lectricit\\u00e9 de mani\\u00e8re durable et \\u00e9conomique, \\u00e0 la stocker et \\u00e0 l'utiliser intelligemment.<\\\/p>\",\"title\":\"Energie solaire\"}},{\"type\":\"grid_item\",\"props\":{\"content\":\"\n\n<p>Nos syst\\u00e8mes de chauffage au bois fournissent une chaleur efficace qui r\\u00e9pond aux exigences les plus diverses.<\\\/p>\",\"title\":\"Energie du bois\"}},{\"type\":\"grid_item\",\"props\":{\"content\":\"\n\n<p>Nos solutions de stockage permettent une utilisation et un stockage efficaces de l'\\u00e9nergie. Des accumulateurs tampons modernes aux syst\\u00e8mes de stockage de glace.<\\\/p>\",\"title\":\"stockage d'\\u00e9nergie\"}}]}]}]}],\"name\":\"Wir beraten dich gerne Section gr\\u00fcn\"}],\"version\":\"4.5.33\"} --><\/p>\n","protected":false},"excerpt":{"rendered":"<p>Chauffe-eau pompe \u00e0 chaleur L&rsquo;utilisation \u00e9conomique de la chaleur ambiante Quatre unit\u00e9s fonctionnelles agissent ensemble pour \u00e9lever la chaleur pr\u00e9lev\u00e9e dans l&rsquo;air ambiant ou ext\u00e9rieur \u00e0 un niveau de temp\u00e9rature plus \u00e9lev\u00e9 : L&rsquo;\u00e9vaporateur, le condenseur, le d\u00e9tendeur et le compresseur. Les pompes \u00e0 chaleur \u00e0 eau chaude transf\u00e8rent la chaleur extraite de l&rsquo;air ambiant [&hellip;]<\/p>\n","protected":false},"author":6,"featured_media":0,"parent":12582,"menu_order":4,"comment_status":"closed","ping_status":"closed","template":"","meta":{"_acf_changed":false,"footnotes":""},"class_list":["post-13046","page","type-page","status-publish","hentry"],"acf":[],"yoast_head":"<!-- This site is optimized with the Yoast SEO plugin v27.5 - https:\/\/yoast.com\/product\/yoast-seo-wordpress\/ -->\n<title>Chauffe-eau pompe \u00e0 chaleur - Heim AG Heizsysteme<\/title>\n<meta name=\"description\" content=\"Heim AG propose diverses solutions innovantes avec des chauffe-eau \u00e0 pompe \u00e0 chaleur afin de trouver soit une solution en solo, soit une solution combin\u00e9e.\" \/>\n<meta name=\"robots\" content=\"index, follow, max-snippet:-1, max-image-preview:large, max-video-preview:-1\" \/>\n<link rel=\"canonical\" href=\"https:\/\/www.heim-ag.ch\/heizsysteme\/fr\/produits-solutions\/pompes-a-chaleur\/chauffe-eau-pompe-a-chaleur\/\" \/>\n<meta property=\"og:locale\" content=\"fr_FR\" \/>\n<meta property=\"og:type\" content=\"article\" \/>\n<meta property=\"og:title\" content=\"Chauffe-eau pompe \u00e0 chaleur - Heim AG Heizsysteme\" \/>\n<meta property=\"og:description\" content=\"Heim AG propose diverses solutions innovantes avec des chauffe-eau \u00e0 pompe \u00e0 chaleur afin de trouver soit une solution en solo, soit une solution combin\u00e9e.\" \/>\n<meta property=\"og:url\" content=\"https:\/\/www.heim-ag.ch\/heizsysteme\/fr\/produits-solutions\/pompes-a-chaleur\/chauffe-eau-pompe-a-chaleur\/\" \/>\n<meta property=\"og:site_name\" content=\"Heim AG Heizsysteme\" \/>\n<meta property=\"article:modified_time\" content=\"2026-04-08T08:41:30+00:00\" \/>\n<meta property=\"og:image\" content=\"https:\/\/www.heim-ag.ch\/heizsysteme\/wp-content\/uploads\/sites\/2\/2024\/08\/heim-ag-logo-website-bild.jpg\" \/>\n\t<meta property=\"og:image:width\" content=\"1200\" \/>\n\t<meta property=\"og:image:height\" content=\"675\" \/>\n\t<meta property=\"og:image:type\" content=\"image\/jpeg\" \/>\n<meta name=\"twitter:card\" content=\"summary_large_image\" \/>\n<meta name=\"twitter:label1\" content=\"Dur\u00e9e de lecture estim\u00e9e\" \/>\n\t<meta name=\"twitter:data1\" content=\"3 minutes\" \/>\n<script type=\"application\/ld+json\" class=\"yoast-schema-graph\">{\"@context\":\"https:\\\/\\\/schema.org\",\"@graph\":[{\"@type\":\"WebPage\",\"@id\":\"https:\\\/\\\/www.heim-ag.ch\\\/heizsysteme\\\/fr\\\/produits-solutions\\\/pompes-a-chaleur\\\/chauffe-eau-pompe-a-chaleur\\\/\",\"url\":\"https:\\\/\\\/www.heim-ag.ch\\\/heizsysteme\\\/fr\\\/produits-solutions\\\/pompes-a-chaleur\\\/chauffe-eau-pompe-a-chaleur\\\/\",\"name\":\"Chauffe-eau pompe \u00e0 chaleur - Heim AG Heizsysteme\",\"isPartOf\":{\"@id\":\"https:\\\/\\\/www.heim-ag.ch\\\/heizsysteme\\\/fr\\\/#website\"},\"datePublished\":\"2024-04-22T06:11:03+00:00\",\"dateModified\":\"2026-04-08T08:41:30+00:00\",\"description\":\"Heim AG propose diverses solutions innovantes avec des chauffe-eau \u00e0 pompe \u00e0 chaleur afin de trouver soit une solution en solo, soit une solution combin\u00e9e.\",\"breadcrumb\":{\"@id\":\"https:\\\/\\\/www.heim-ag.ch\\\/heizsysteme\\\/fr\\\/produits-solutions\\\/pompes-a-chaleur\\\/chauffe-eau-pompe-a-chaleur\\\/#breadcrumb\"},\"inLanguage\":\"fr-FR\",\"potentialAction\":[{\"@type\":\"ReadAction\",\"target\":[\"https:\\\/\\\/www.heim-ag.ch\\\/heizsysteme\\\/fr\\\/produits-solutions\\\/pompes-a-chaleur\\\/chauffe-eau-pompe-a-chaleur\\\/\"]}]},{\"@type\":\"BreadcrumbList\",\"@id\":\"https:\\\/\\\/www.heim-ag.ch\\\/heizsysteme\\\/fr\\\/produits-solutions\\\/pompes-a-chaleur\\\/chauffe-eau-pompe-a-chaleur\\\/#breadcrumb\",\"itemListElement\":[{\"@type\":\"ListItem\",\"position\":1,\"name\":\"Startseite\",\"item\":\"https:\\\/\\\/www.heim-ag.ch\\\/heizsysteme\\\/fr\\\/\"},{\"@type\":\"ListItem\",\"position\":2,\"name\":\"Produits &amp; solutions\",\"item\":\"https:\\\/\\\/www.heim-ag.ch\\\/heizsysteme\\\/fr\\\/produits-solutions\\\/\"},{\"@type\":\"ListItem\",\"position\":3,\"name\":\"Pompes \u00e0 chaleur\",\"item\":\"https:\\\/\\\/www.heim-ag.ch\\\/heizsysteme\\\/fr\\\/produits-solutions\\\/pompes-a-chaleur\\\/\"},{\"@type\":\"ListItem\",\"position\":4,\"name\":\"Chauffe-eau pompe \u00e0 chaleur\"}]},{\"@type\":\"WebSite\",\"@id\":\"https:\\\/\\\/www.heim-ag.ch\\\/heizsysteme\\\/fr\\\/#website\",\"url\":\"https:\\\/\\\/www.heim-ag.ch\\\/heizsysteme\\\/fr\\\/\",\"name\":\"Heim AG Heizsysteme\",\"description\":\"Ganzheitlicher Partner f\u00fcr Energiel\u00f6sungen: erneuerbar und lokal\",\"publisher\":{\"@id\":\"https:\\\/\\\/www.heim-ag.ch\\\/heizsysteme\\\/fr\\\/#organization\"},\"alternateName\":\"Heim AG\",\"potentialAction\":[{\"@type\":\"SearchAction\",\"target\":{\"@type\":\"EntryPoint\",\"urlTemplate\":\"https:\\\/\\\/www.heim-ag.ch\\\/heizsysteme\\\/fr\\\/?s={search_term_string}\"},\"query-input\":{\"@type\":\"PropertyValueSpecification\",\"valueRequired\":true,\"valueName\":\"search_term_string\"}}],\"inLanguage\":\"fr-FR\"},{\"@type\":\"Organization\",\"@id\":\"https:\\\/\\\/www.heim-ag.ch\\\/heizsysteme\\\/fr\\\/#organization\",\"name\":\"Heim AG Heizsysteme\",\"alternateName\":\"Heim AG\",\"url\":\"https:\\\/\\\/www.heim-ag.ch\\\/heizsysteme\\\/fr\\\/\",\"logo\":{\"@type\":\"ImageObject\",\"inLanguage\":\"fr-FR\",\"@id\":\"https:\\\/\\\/www.heim-ag.ch\\\/heizsysteme\\\/fr\\\/#\\\/schema\\\/logo\\\/image\\\/\",\"url\":\"https:\\\/\\\/www.heim-ag.ch\\\/heizsysteme\\\/wp-content\\\/uploads\\\/sites\\\/2\\\/2024\\\/08\\\/heim-ag-logo-organisations-logo.jpg\",\"contentUrl\":\"https:\\\/\\\/www.heim-ag.ch\\\/heizsysteme\\\/wp-content\\\/uploads\\\/sites\\\/2\\\/2024\\\/08\\\/heim-ag-logo-organisations-logo.jpg\",\"width\":696,\"height\":697,\"caption\":\"Heim AG Heizsysteme\"},\"image\":{\"@id\":\"https:\\\/\\\/www.heim-ag.ch\\\/heizsysteme\\\/fr\\\/#\\\/schema\\\/logo\\\/image\\\/\"}}]}<\/script>\n<!-- \/ Yoast SEO plugin. -->","yoast_head_json":{"title":"Chauffe-eau pompe \u00e0 chaleur - Heim AG Heizsysteme","description":"Heim AG propose diverses solutions innovantes avec des chauffe-eau \u00e0 pompe \u00e0 chaleur afin de trouver soit une solution en solo, soit une solution combin\u00e9e.","robots":{"index":"index","follow":"follow","max-snippet":"max-snippet:-1","max-image-preview":"max-image-preview:large","max-video-preview":"max-video-preview:-1"},"canonical":"https:\/\/www.heim-ag.ch\/heizsysteme\/fr\/produits-solutions\/pompes-a-chaleur\/chauffe-eau-pompe-a-chaleur\/","og_locale":"fr_FR","og_type":"article","og_title":"Chauffe-eau pompe \u00e0 chaleur - Heim AG Heizsysteme","og_description":"Heim AG propose diverses solutions innovantes avec des chauffe-eau \u00e0 pompe \u00e0 chaleur afin de trouver soit une solution en solo, soit une solution combin\u00e9e.","og_url":"https:\/\/www.heim-ag.ch\/heizsysteme\/fr\/produits-solutions\/pompes-a-chaleur\/chauffe-eau-pompe-a-chaleur\/","og_site_name":"Heim AG Heizsysteme","article_modified_time":"2026-04-08T08:41:30+00:00","og_image":[{"width":1200,"height":675,"url":"https:\/\/www.heim-ag.ch\/heizsysteme\/wp-content\/uploads\/sites\/2\/2024\/08\/heim-ag-logo-website-bild.jpg","type":"image\/jpeg"}],"twitter_card":"summary_large_image","twitter_misc":{"Dur\u00e9e de lecture estim\u00e9e":"3 minutes"},"schema":{"@context":"https:\/\/schema.org","@graph":[{"@type":"WebPage","@id":"https:\/\/www.heim-ag.ch\/heizsysteme\/fr\/produits-solutions\/pompes-a-chaleur\/chauffe-eau-pompe-a-chaleur\/","url":"https:\/\/www.heim-ag.ch\/heizsysteme\/fr\/produits-solutions\/pompes-a-chaleur\/chauffe-eau-pompe-a-chaleur\/","name":"Chauffe-eau pompe \u00e0 chaleur - Heim AG Heizsysteme","isPartOf":{"@id":"https:\/\/www.heim-ag.ch\/heizsysteme\/fr\/#website"},"datePublished":"2024-04-22T06:11:03+00:00","dateModified":"2026-04-08T08:41:30+00:00","description":"Heim AG propose diverses solutions innovantes avec des chauffe-eau \u00e0 pompe \u00e0 chaleur afin de trouver soit une solution en solo, soit une solution combin\u00e9e.","breadcrumb":{"@id":"https:\/\/www.heim-ag.ch\/heizsysteme\/fr\/produits-solutions\/pompes-a-chaleur\/chauffe-eau-pompe-a-chaleur\/#breadcrumb"},"inLanguage":"fr-FR","potentialAction":[{"@type":"ReadAction","target":["https:\/\/www.heim-ag.ch\/heizsysteme\/fr\/produits-solutions\/pompes-a-chaleur\/chauffe-eau-pompe-a-chaleur\/"]}]},{"@type":"BreadcrumbList","@id":"https:\/\/www.heim-ag.ch\/heizsysteme\/fr\/produits-solutions\/pompes-a-chaleur\/chauffe-eau-pompe-a-chaleur\/#breadcrumb","itemListElement":[{"@type":"ListItem","position":1,"name":"Startseite","item":"https:\/\/www.heim-ag.ch\/heizsysteme\/fr\/"},{"@type":"ListItem","position":2,"name":"Produits &amp; solutions","item":"https:\/\/www.heim-ag.ch\/heizsysteme\/fr\/produits-solutions\/"},{"@type":"ListItem","position":3,"name":"Pompes \u00e0 chaleur","item":"https:\/\/www.heim-ag.ch\/heizsysteme\/fr\/produits-solutions\/pompes-a-chaleur\/"},{"@type":"ListItem","position":4,"name":"Chauffe-eau pompe \u00e0 chaleur"}]},{"@type":"WebSite","@id":"https:\/\/www.heim-ag.ch\/heizsysteme\/fr\/#website","url":"https:\/\/www.heim-ag.ch\/heizsysteme\/fr\/","name":"Heim AG Heizsysteme","description":"Ganzheitlicher Partner f\u00fcr Energiel\u00f6sungen: erneuerbar und lokal","publisher":{"@id":"https:\/\/www.heim-ag.ch\/heizsysteme\/fr\/#organization"},"alternateName":"Heim AG","potentialAction":[{"@type":"SearchAction","target":{"@type":"EntryPoint","urlTemplate":"https:\/\/www.heim-ag.ch\/heizsysteme\/fr\/?s={search_term_string}"},"query-input":{"@type":"PropertyValueSpecification","valueRequired":true,"valueName":"search_term_string"}}],"inLanguage":"fr-FR"},{"@type":"Organization","@id":"https:\/\/www.heim-ag.ch\/heizsysteme\/fr\/#organization","name":"Heim AG Heizsysteme","alternateName":"Heim AG","url":"https:\/\/www.heim-ag.ch\/heizsysteme\/fr\/","logo":{"@type":"ImageObject","inLanguage":"fr-FR","@id":"https:\/\/www.heim-ag.ch\/heizsysteme\/fr\/#\/schema\/logo\/image\/","url":"https:\/\/www.heim-ag.ch\/heizsysteme\/wp-content\/uploads\/sites\/2\/2024\/08\/heim-ag-logo-organisations-logo.jpg","contentUrl":"https:\/\/www.heim-ag.ch\/heizsysteme\/wp-content\/uploads\/sites\/2\/2024\/08\/heim-ag-logo-organisations-logo.jpg","width":696,"height":697,"caption":"Heim AG Heizsysteme"},"image":{"@id":"https:\/\/www.heim-ag.ch\/heizsysteme\/fr\/#\/schema\/logo\/image\/"}}]}},"_links":{"self":[{"href":"https:\/\/www.heim-ag.ch\/heizsysteme\/fr\/wp-json\/wp\/v2\/pages\/13046","targetHints":{"allow":["GET"]}}],"collection":[{"href":"https:\/\/www.heim-ag.ch\/heizsysteme\/fr\/wp-json\/wp\/v2\/pages"}],"about":[{"href":"https:\/\/www.heim-ag.ch\/heizsysteme\/fr\/wp-json\/wp\/v2\/types\/page"}],"author":[{"embeddable":true,"href":"https:\/\/www.heim-ag.ch\/heizsysteme\/fr\/wp-json\/wp\/v2\/users\/6"}],"replies":[{"embeddable":true,"href":"https:\/\/www.heim-ag.ch\/heizsysteme\/fr\/wp-json\/wp\/v2\/comments?post=13046"}],"version-history":[{"count":10,"href":"https:\/\/www.heim-ag.ch\/heizsysteme\/fr\/wp-json\/wp\/v2\/pages\/13046\/revisions"}],"predecessor-version":[{"id":23303,"href":"https:\/\/www.heim-ag.ch\/heizsysteme\/fr\/wp-json\/wp\/v2\/pages\/13046\/revisions\/23303"}],"up":[{"embeddable":true,"href":"https:\/\/www.heim-ag.ch\/heizsysteme\/fr\/wp-json\/wp\/v2\/pages\/12582"}],"wp:attachment":[{"href":"https:\/\/www.heim-ag.ch\/heizsysteme\/fr\/wp-json\/wp\/v2\/media?parent=13046"}],"curies":[{"name":"wp","href":"https:\/\/api.w.org\/{rel}","templated":true}]}}