{"id":13087,"date":"2024-07-04T16:51:19","date_gmt":"2024-07-04T14:51:19","guid":{"rendered":"https:\/\/www.heim-ag.ch\/heizsysteme\/produkte-loesungen\/energie-du-bois\/logistique-des-combustibles\/brennstoffeinbringung\/"},"modified":"2024-11-13T11:45:39","modified_gmt":"2024-11-13T10:45:39","slug":"introduction-du-combustible","status":"publish","type":"page","link":"https:\/\/www.heim-ag.ch\/heizsysteme\/fr\/produits-solutions\/energie-du-bois\/logistique-des-combustibles\/introduction-du-combustible\/","title":{"rendered":"Introduction du combustible"},"content":{"rendered":"<h1>Introduction du combustible<\/h1>\n<div>\n<p>Nous veillons \u00e0 ce que le combustible biomasse concern\u00e9 puisse \u00eatre introduit de mani\u00e8re s\u00fbre et efficace dans l&rsquo;entrep\u00f4t pr\u00e9vu.<\/p>\n<\/div>\n<h2>Composants de nos solutions globales en mati\u00e8re de logistique des combustibles<\/h2>\n<div>\n<p>Nous \u00e9tudions les \u00e9l\u00e9ments de nos solutions globales individuellement, en fonction des besoins et du projet, et les concevons de mani\u00e8re \u00e0 ce que l&rsquo;interaction des diff\u00e9rents composants soit harmonis\u00e9e. C&rsquo;est ainsi que nous parvenons \u00e0 proposer une solution de stockage sur mesure r\u00e9pondant aux exigences individuelles.<\/p>\n<\/p>\n<\/div>\n<p><img decoding=\"async\" src=\"\/heizsysteme\/wp-content\/uploads\/sites\/2\/2024\/07\/Zerkleinerungstechnik.jpg\" alt=\"Zerkleinerungstechnik\"><\/p>\n<h2>Technique de broyage<\/h2>\n<div>\n<p>Avant de pouvoir \u00eatre stock\u00e9, le combustible doit \u00eatre broy\u00e9 selon sa forme. Chez Heim AG Heizsysteme, nous proposons des solutions de broyage du bois pour transformer les d\u00e9chets de bois en morceaux maniables, id\u00e9aux pour le stockage et la combustion. Cela optimise la qualit\u00e9 du combustible et l&rsquo;efficacit\u00e9.<\/p>\n<p>Ces d\u00e9chets de bois peuvent \u00eatre utilis\u00e9s directement pour produire de l&rsquo;\u00e9nergie dans les installations de combustion.<\/p>\n<\/div>\n<p><img decoding=\"async\" src=\"\/heizsysteme\/wp-content\/uploads\/sites\/2\/2024\/07\/Bodentor.jpg\" alt=\"Bodentore\"><\/p>\n<h2>Portes au sol<\/h2>\n<div>\n<p>Les portes de sol sont des couvertures robustes qui permettent d&rsquo;acc\u00e9der \u00e0 des zones souterraines telles que des caves, des puits ou des conduites d&rsquo;alimentation. Ils offrent s\u00e9curit\u00e9 et protection, sont praticables ou carrossables et s&rsquo;int\u00e8grent parfaitement dans diff\u00e9rents rev\u00eatements de sol.<\/p>\n<\/p>\n<\/div>\n<p><img decoding=\"async\" src=\"\/heizsysteme\/wp-content\/uploads\/sites\/2\/2024\/07\/Bunker_Senkrechtbefuellsystem_04-erweitert.jpg\" alt=\"Bunker Senkrechtbef\u00fcllsystem 04 erweitert\"><\/p>\n<h2>Syst\u00e8mes de remplissage de tr\u00e9mies \/ verticaux<\/h2>\n<div>\n<p>Les syst\u00e8mes de remplissage vertical des tr\u00e9mies permettent de remplir efficacement les espaces de stockage ou les silos. Ils assurent une r\u00e9partition uniforme du combustible, minimisent la formation de poussi\u00e8re et sont id\u00e9aux pour le stockage de produits en vrac comme les c\u00e9r\u00e9ales, les pellets ou les copeaux de bois.<\/p>\n<\/div>\n<p><img decoding=\"async\" src=\"\/heizsysteme\/wp-content\/uploads\/sites\/2\/2024\/07\/Einblasung.jpg\" alt=\"Einblasung\"><\/p>\n<h2>Injection (pellets)<\/h2>\n<div>\n<p>Les pellets en vrac sont livr\u00e9s par des camions-silos et inject\u00e9s dans l&rsquo;entrep\u00f4t.<\/p>\n<p>L&rsquo;injection de pellets permet de remplir l&rsquo;entrep\u00f4t de mani\u00e8re efficace et sans poussi\u00e8re. Elle garantit par ailleurs un approvisionnement propre et rapide de votre installation de chauffage.<\/p>\n<\/div>\n<h2>En tant que partenaire global, nous sommes \u00e0 ta disposition pour r\u00e9pondre \u00e0 toutes tes questions sur l&rsquo;\u00e9nergie du bois.<\/h2>\n<p>\n    <a href=\"\/heizsysteme\/fr\/contact\/\">Contacte-nous sans engagement<\/a>\n<\/p>\n<p><!--more--><br \/>\n<!-- {\"type\":\"layout\",\"children\":[{\"type\":\"section\",\"props\":{\"image_position\":\"center-center\",\"padding_remove_bottom\":false,\"style\":\"default\",\"title_breakpoint\":\"xl\",\"title_position\":\"top-left\",\"title_rotation\":\"left\",\"vertical_align\":\"middle\",\"width\":\"default\"},\"children\":[{\"type\":\"row\",\"props\":{\"layout\":\"1-2,1-2\"},\"children\":[{\"type\":\"column\",\"props\":{\"image_position\":\"center-center\",\"position_sticky_breakpoint\":\"m\",\"width_medium\":\"1-2\"},\"children\":[{\"type\":\"headline\",\"props\":{\"content\":\"Introduction du combustible\",\"title_color\":\"primary\",\"title_element\":\"h1\",\"title_style\":\"h1\"}},{\"type\":\"text\",\"props\":{\"column_breakpoint\":\"m\",\"content\":\"\n\n<p>Nous veillons \\u00e0 ce que le combustible biomasse concern\\u00e9 puisse \\u00eatre introduit de mani\\u00e8re s\\u00fbre et efficace dans l'entrep\\u00f4t pr\\u00e9vu.<\\\/p>\",\"margin\":\"default\"}},{\"type\":\"headline\",\"props\":{\"content\":\"Composants de nos solutions globales en mati\\u00e8re de logistique des combustibles\",\"title_color\":\"primary\",\"title_element\":\"h2\",\"title_style\":\"h4\"}},{\"type\":\"text\",\"props\":{\"column_breakpoint\":\"m\",\"content\":\"\n\n<p>Nous \\u00e9tudions les \\u00e9l\\u00e9ments de nos solutions globales individuellement, en fonction des besoins et du projet, et les concevons de mani\\u00e8re \\u00e0 ce que l'interaction des diff\\u00e9rents composants soit harmonis\\u00e9e. C'est ainsi que nous parvenons \\u00e0 proposer une solution de stockage sur mesure r\\u00e9pondant aux exigences individuelles.<\\\/p>\\n\n\n<p><\\\/p>\\n\n\n<p><\\\/p>\",\"margin\":\"default\"}}]},{\"type\":\"column\",\"props\":{\"image_position\":\"center-center\",\"position_sticky_breakpoint\":\"m\",\"width_medium\":\"1-2\"}}]}],\"name\":\"Einleitungsbereich Produkte\"},{\"type\":\"section\",\"props\":{\"image_position\":\"center-center\",\"padding_remove_top\":true,\"style\":\"default\",\"title_breakpoint\":\"xl\",\"title_position\":\"top-left\",\"title_rotation\":\"left\",\"vertical_align\":\"middle\",\"width\":\"default\"},\"children\":[{\"type\":\"row\",\"props\":{\"layout\":\"1-3,1-3,1-3\"},\"children\":[{\"type\":\"column\",\"props\":{\"image_position\":\"center-center\",\"position_sticky_breakpoint\":\"m\",\"width_medium\":\"1-3\"},\"children\":[{\"type\":\"image\",\"props\":{\"image\":\"wp-content\\\/uploads\\\/sites\\\/2\\\/2024\\\/07\\\/Zerkleinerungstechnik.jpg\",\"image_alt\":\"Zerkleinerungstechnik\",\"image_svg_color\":\"emphasis\",\"margin\":\"default\"}},{\"type\":\"headline\",\"props\":{\"content\":\"Technique de broyage\",\"title_element\":\"h2\",\"title_style\":\"h3\"}},{\"type\":\"text\",\"props\":{\"column_breakpoint\":\"m\",\"content\":\"\n\n<p>Avant de pouvoir \\u00eatre stock\\u00e9, le combustible doit \\u00eatre broy\\u00e9 selon sa forme. Chez Heim AG Heizsysteme, nous proposons des solutions de broyage du bois pour transformer les d\\u00e9chets de bois en morceaux maniables, id\\u00e9aux pour le stockage et la combustion. Cela optimise la qualit\\u00e9 du combustible et l'efficacit\\u00e9.<\\\/p>\\n\n\n<p>Ces d\\u00e9chets de bois peuvent \\u00eatre utilis\\u00e9s directement pour produire de l'\\u00e9nergie dans les installations de combustion.<\\\/p>\",\"margin\":\"default\"}}]},{\"type\":\"column\",\"props\":{\"image_position\":\"center-center\",\"position_sticky_breakpoint\":\"m\",\"width_medium\":\"1-3\"},\"children\":[{\"type\":\"image\",\"props\":{\"image\":\"wp-content\\\/uploads\\\/sites\\\/2\\\/2024\\\/07\\\/Bodentor.jpg\",\"image_alt\":\"Bodentore\",\"image_svg_color\":\"emphasis\",\"margin\":\"default\"}},{\"type\":\"headline\",\"props\":{\"content\":\"Portes au sol\",\"title_element\":\"h2\",\"title_style\":\"h3\"}},{\"type\":\"text\",\"props\":{\"column_breakpoint\":\"m\",\"content\":\"\n\n<p>Les portes de sol sont des couvertures robustes qui permettent d'acc\\u00e9der \\u00e0 des zones souterraines telles que des caves, des puits ou des conduites d'alimentation. Ils offrent s\\u00e9curit\\u00e9 et protection, sont praticables ou carrossables et s'int\\u00e8grent parfaitement dans diff\\u00e9rents rev\\u00eatements de sol.<\\\/p>\\n\n\n<p><\\\/p>\",\"margin\":\"default\"}}]},{\"type\":\"column\",\"props\":{\"image_position\":\"center-center\",\"position_sticky_breakpoint\":\"m\",\"width_medium\":\"1-3\"},\"children\":[{\"type\":\"image\",\"props\":{\"image\":\"wp-content\\\/uploads\\\/sites\\\/2\\\/2024\\\/07\\\/Bunker_Senkrechtbefuellsystem_04-erweitert.jpg\",\"image_alt\":\"Bunker Senkrechtbef\\u00fcllsystem 04 erweitert\",\"image_svg_color\":\"emphasis\",\"margin\":\"default\"}},{\"type\":\"headline\",\"props\":{\"content\":\"Syst\\u00e8mes de remplissage de tr\\u00e9mies \\\/ verticaux\",\"title_element\":\"h2\",\"title_style\":\"h3\"}},{\"type\":\"text\",\"props\":{\"column_breakpoint\":\"m\",\"content\":\"\n\n<p>Les syst\\u00e8mes de remplissage vertical des tr\\u00e9mies permettent de remplir efficacement les espaces de stockage ou les silos. Ils assurent une r\\u00e9partition uniforme du combustible, minimisent la formation de poussi\\u00e8re et sont id\\u00e9aux pour le stockage de produits en vrac comme les c\\u00e9r\\u00e9ales, les pellets ou les copeaux de bois.<\\\/p>\",\"margin\":\"default\"}}]}]}]},{\"type\":\"section\",\"props\":{\"image_position\":\"center-center\",\"style\":\"default\",\"title_breakpoint\":\"xl\",\"title_position\":\"top-left\",\"title_rotation\":\"left\",\"vertical_align\":\"middle\",\"width\":\"default\"},\"children\":[{\"type\":\"row\",\"props\":{\"layout\":\"1-3,1-3,1-3\"},\"children\":[{\"type\":\"column\",\"props\":{\"image_position\":\"center-center\",\"position_sticky_breakpoint\":\"m\",\"width_medium\":\"1-3\"},\"children\":[{\"type\":\"image\",\"props\":{\"image\":\"wp-content\\\/uploads\\\/sites\\\/2\\\/2024\\\/07\\\/Einblasung.jpg\",\"image_alt\":\"Einblasung\",\"image_svg_color\":\"emphasis\",\"margin\":\"default\"}},{\"type\":\"headline\",\"props\":{\"content\":\"Injection (pellets)\",\"title_element\":\"h2\",\"title_style\":\"h3\"}},{\"type\":\"text\",\"props\":{\"column_breakpoint\":\"m\",\"content\":\"\n\n<p>Les pellets en vrac sont livr\\u00e9s par des camions-silos et inject\\u00e9s dans l'entrep\\u00f4t.<\\\/p>\\n\n\n<p>L'injection de pellets permet de remplir l'entrep\\u00f4t de mani\\u00e8re efficace et sans poussi\\u00e8re. Elle garantit par ailleurs un approvisionnement propre et rapide de votre installation de chauffage.<\\\/p>\",\"margin\":\"default\"}}]},{\"type\":\"column\",\"props\":{\"image_position\":\"center-center\",\"position_sticky_breakpoint\":\"m\",\"width_medium\":\"1-3\"}},{\"type\":\"column\",\"props\":{\"image_position\":\"center-center\",\"position_sticky_breakpoint\":\"m\",\"width_medium\":\"1-3\"}}]}]},{\"type\":\"section\",\"props\":{\"image_position\":\"center-center\",\"padding_remove_top\":false,\"style\":\"muted\",\"title_breakpoint\":\"xl\",\"title_position\":\"top-left\",\"title_rotation\":\"left\",\"vertical_align\":\"middle\",\"width\":\"default\"},\"children\":[{\"type\":\"row\",\"children\":[{\"type\":\"column\",\"props\":{\"image_position\":\"center-center\",\"position_sticky_breakpoint\":\"m\"},\"children\":[{\"type\":\"headline\",\"props\":{\"content\":\"En tant que partenaire global, nous sommes \\u00e0 ta disposition pour r\\u00e9pondre \\u00e0 toutes tes questions sur l'\\u00e9nergie du bois.\",\"text_align\":\"center\",\"title_element\":\"h2\",\"title_style\":\"h2\"}},{\"type\":\"button\",\"props\":{\"grid_column_gap\":\"small\",\"grid_row_gap\":\"small\",\"margin\":\"default\",\"text_align\":\"center\"},\"children\":[{\"type\":\"button_item\",\"props\":{\"button_style\":\"default\",\"content\":\"Contacte-nous sans engagement\",\"icon_align\":\"left\",\"link\":\"fr\\\/contact\\\/\"}}]}]}]}]}],\"version\":\"4.4.12\"} --><\/p>\n","protected":false},"excerpt":{"rendered":"<p>Introduction du combustible Nous veillons \u00e0 ce que le combustible biomasse concern\u00e9 puisse \u00eatre introduit de mani\u00e8re s\u00fbre et efficace dans l&rsquo;entrep\u00f4t pr\u00e9vu. Composants de nos solutions globales en mati\u00e8re de logistique des combustibles Nous \u00e9tudions les \u00e9l\u00e9ments de nos solutions globales individuellement, en fonction des besoins et du projet, et les concevons de mani\u00e8re [&hellip;]<\/p>\n","protected":false},"author":6,"featured_media":0,"parent":13079,"menu_order":1,"comment_status":"closed","ping_status":"closed","template":"","meta":{"_acf_changed":false,"footnotes":""},"class_list":["post-13087","page","type-page","status-publish","hentry"],"acf":[],"yoast_head":"<!-- This site is optimized with the Yoast SEO plugin v27.4 - https:\/\/yoast.com\/product\/yoast-seo-wordpress\/ -->\n<title>Introduction du combustible - Heim AG Heizsysteme<\/title>\n<meta name=\"description\" content=\"Les \u00e9l\u00e9ments de nos solutions globales sont d\u00e9termin\u00e9s par nos soins de mani\u00e8re individuelle, en fonction des besoins et des projets sp\u00e9cifiques.\" \/>\n<meta name=\"robots\" content=\"index, follow, max-snippet:-1, max-image-preview:large, max-video-preview:-1\" \/>\n<link rel=\"canonical\" href=\"https:\/\/www.heim-ag.ch\/heizsysteme\/fr\/produits-solutions\/energie-du-bois\/logistique-des-combustibles\/introduction-du-combustible\/\" \/>\n<meta property=\"og:locale\" content=\"fr_FR\" \/>\n<meta property=\"og:type\" content=\"article\" \/>\n<meta property=\"og:title\" content=\"Introduction du combustible - Heim AG Heizsysteme\" \/>\n<meta property=\"og:description\" content=\"Les \u00e9l\u00e9ments de nos solutions globales sont d\u00e9termin\u00e9s par nos soins de mani\u00e8re individuelle, en fonction des besoins et des projets sp\u00e9cifiques.\" \/>\n<meta property=\"og:url\" content=\"https:\/\/www.heim-ag.ch\/heizsysteme\/fr\/produits-solutions\/energie-du-bois\/logistique-des-combustibles\/introduction-du-combustible\/\" \/>\n<meta property=\"og:site_name\" content=\"Heim AG Heizsysteme\" \/>\n<meta property=\"article:modified_time\" content=\"2024-11-13T10:45:39+00:00\" \/>\n<meta property=\"og:image\" content=\"https:\/\/www.heim-ag.ch\/heizsysteme\/wp-content\/uploads\/sites\/2\/2024\/08\/heim-ag-logo-website-bild.jpg\" \/>\n\t<meta property=\"og:image:width\" content=\"1200\" \/>\n\t<meta property=\"og:image:height\" content=\"675\" \/>\n\t<meta property=\"og:image:type\" content=\"image\/jpeg\" \/>\n<meta name=\"twitter:card\" content=\"summary_large_image\" \/>\n<meta name=\"twitter:label1\" content=\"Dur\u00e9e de lecture estim\u00e9e\" \/>\n\t<meta name=\"twitter:data1\" content=\"3 minutes\" \/>\n<script type=\"application\/ld+json\" class=\"yoast-schema-graph\">{\"@context\":\"https:\\\/\\\/schema.org\",\"@graph\":[{\"@type\":\"WebPage\",\"@id\":\"https:\\\/\\\/www.heim-ag.ch\\\/heizsysteme\\\/fr\\\/produits-solutions\\\/energie-du-bois\\\/logistique-des-combustibles\\\/introduction-du-combustible\\\/\",\"url\":\"https:\\\/\\\/www.heim-ag.ch\\\/heizsysteme\\\/fr\\\/produits-solutions\\\/energie-du-bois\\\/logistique-des-combustibles\\\/introduction-du-combustible\\\/\",\"name\":\"Introduction du combustible - Heim AG Heizsysteme\",\"isPartOf\":{\"@id\":\"https:\\\/\\\/www.heim-ag.ch\\\/heizsysteme\\\/fr\\\/#website\"},\"datePublished\":\"2024-07-04T14:51:19+00:00\",\"dateModified\":\"2024-11-13T10:45:39+00:00\",\"description\":\"Les \u00e9l\u00e9ments de nos solutions globales sont d\u00e9termin\u00e9s par nos soins de mani\u00e8re individuelle, en fonction des besoins et des projets sp\u00e9cifiques.\",\"breadcrumb\":{\"@id\":\"https:\\\/\\\/www.heim-ag.ch\\\/heizsysteme\\\/fr\\\/produits-solutions\\\/energie-du-bois\\\/logistique-des-combustibles\\\/introduction-du-combustible\\\/#breadcrumb\"},\"inLanguage\":\"fr-FR\",\"potentialAction\":[{\"@type\":\"ReadAction\",\"target\":[\"https:\\\/\\\/www.heim-ag.ch\\\/heizsysteme\\\/fr\\\/produits-solutions\\\/energie-du-bois\\\/logistique-des-combustibles\\\/introduction-du-combustible\\\/\"]}]},{\"@type\":\"BreadcrumbList\",\"@id\":\"https:\\\/\\\/www.heim-ag.ch\\\/heizsysteme\\\/fr\\\/produits-solutions\\\/energie-du-bois\\\/logistique-des-combustibles\\\/introduction-du-combustible\\\/#breadcrumb\",\"itemListElement\":[{\"@type\":\"ListItem\",\"position\":1,\"name\":\"Startseite\",\"item\":\"https:\\\/\\\/www.heim-ag.ch\\\/heizsysteme\\\/fr\\\/\"},{\"@type\":\"ListItem\",\"position\":2,\"name\":\"Produits &amp; solutions\",\"item\":\"https:\\\/\\\/www.heim-ag.ch\\\/heizsysteme\\\/fr\\\/produits-solutions\\\/\"},{\"@type\":\"ListItem\",\"position\":3,\"name\":\"Energie du bois\",\"item\":\"https:\\\/\\\/www.heim-ag.ch\\\/heizsysteme\\\/fr\\\/produits-solutions\\\/energie-du-bois\\\/\"},{\"@type\":\"ListItem\",\"position\":4,\"name\":\"Logistique des combustibles\",\"item\":\"https:\\\/\\\/www.heim-ag.ch\\\/heizsysteme\\\/fr\\\/produits-solutions\\\/energie-du-bois\\\/logistique-des-combustibles\\\/\"},{\"@type\":\"ListItem\",\"position\":5,\"name\":\"Introduction du combustible\"}]},{\"@type\":\"WebSite\",\"@id\":\"https:\\\/\\\/www.heim-ag.ch\\\/heizsysteme\\\/fr\\\/#website\",\"url\":\"https:\\\/\\\/www.heim-ag.ch\\\/heizsysteme\\\/fr\\\/\",\"name\":\"Heim AG Heizsysteme\",\"description\":\"Ganzheitlicher Partner f\u00fcr Energiel\u00f6sungen: erneuerbar und lokal\",\"publisher\":{\"@id\":\"https:\\\/\\\/www.heim-ag.ch\\\/heizsysteme\\\/fr\\\/#organization\"},\"alternateName\":\"Heim AG\",\"potentialAction\":[{\"@type\":\"SearchAction\",\"target\":{\"@type\":\"EntryPoint\",\"urlTemplate\":\"https:\\\/\\\/www.heim-ag.ch\\\/heizsysteme\\\/fr\\\/?s={search_term_string}\"},\"query-input\":{\"@type\":\"PropertyValueSpecification\",\"valueRequired\":true,\"valueName\":\"search_term_string\"}}],\"inLanguage\":\"fr-FR\"},{\"@type\":\"Organization\",\"@id\":\"https:\\\/\\\/www.heim-ag.ch\\\/heizsysteme\\\/fr\\\/#organization\",\"name\":\"Heim AG Heizsysteme\",\"alternateName\":\"Heim AG\",\"url\":\"https:\\\/\\\/www.heim-ag.ch\\\/heizsysteme\\\/fr\\\/\",\"logo\":{\"@type\":\"ImageObject\",\"inLanguage\":\"fr-FR\",\"@id\":\"https:\\\/\\\/www.heim-ag.ch\\\/heizsysteme\\\/fr\\\/#\\\/schema\\\/logo\\\/image\\\/\",\"url\":\"https:\\\/\\\/www.heim-ag.ch\\\/heizsysteme\\\/wp-content\\\/uploads\\\/sites\\\/2\\\/2024\\\/08\\\/heim-ag-logo-organisations-logo.jpg\",\"contentUrl\":\"https:\\\/\\\/www.heim-ag.ch\\\/heizsysteme\\\/wp-content\\\/uploads\\\/sites\\\/2\\\/2024\\\/08\\\/heim-ag-logo-organisations-logo.jpg\",\"width\":696,\"height\":697,\"caption\":\"Heim AG Heizsysteme\"},\"image\":{\"@id\":\"https:\\\/\\\/www.heim-ag.ch\\\/heizsysteme\\\/fr\\\/#\\\/schema\\\/logo\\\/image\\\/\"}}]}<\/script>\n<!-- \/ Yoast SEO plugin. -->","yoast_head_json":{"title":"Introduction du combustible - Heim AG Heizsysteme","description":"Les \u00e9l\u00e9ments de nos solutions globales sont d\u00e9termin\u00e9s par nos soins de mani\u00e8re individuelle, en fonction des besoins et des projets sp\u00e9cifiques.","robots":{"index":"index","follow":"follow","max-snippet":"max-snippet:-1","max-image-preview":"max-image-preview:large","max-video-preview":"max-video-preview:-1"},"canonical":"https:\/\/www.heim-ag.ch\/heizsysteme\/fr\/produits-solutions\/energie-du-bois\/logistique-des-combustibles\/introduction-du-combustible\/","og_locale":"fr_FR","og_type":"article","og_title":"Introduction du combustible - Heim AG Heizsysteme","og_description":"Les \u00e9l\u00e9ments de nos solutions globales sont d\u00e9termin\u00e9s par nos soins de mani\u00e8re individuelle, en fonction des besoins et des projets sp\u00e9cifiques.","og_url":"https:\/\/www.heim-ag.ch\/heizsysteme\/fr\/produits-solutions\/energie-du-bois\/logistique-des-combustibles\/introduction-du-combustible\/","og_site_name":"Heim AG Heizsysteme","article_modified_time":"2024-11-13T10:45:39+00:00","og_image":[{"width":1200,"height":675,"url":"https:\/\/www.heim-ag.ch\/heizsysteme\/wp-content\/uploads\/sites\/2\/2024\/08\/heim-ag-logo-website-bild.jpg","type":"image\/jpeg"}],"twitter_card":"summary_large_image","twitter_misc":{"Dur\u00e9e de lecture estim\u00e9e":"3 minutes"},"schema":{"@context":"https:\/\/schema.org","@graph":[{"@type":"WebPage","@id":"https:\/\/www.heim-ag.ch\/heizsysteme\/fr\/produits-solutions\/energie-du-bois\/logistique-des-combustibles\/introduction-du-combustible\/","url":"https:\/\/www.heim-ag.ch\/heizsysteme\/fr\/produits-solutions\/energie-du-bois\/logistique-des-combustibles\/introduction-du-combustible\/","name":"Introduction du combustible - Heim AG Heizsysteme","isPartOf":{"@id":"https:\/\/www.heim-ag.ch\/heizsysteme\/fr\/#website"},"datePublished":"2024-07-04T14:51:19+00:00","dateModified":"2024-11-13T10:45:39+00:00","description":"Les \u00e9l\u00e9ments de nos solutions globales sont d\u00e9termin\u00e9s par nos soins de mani\u00e8re individuelle, en fonction des besoins et des projets sp\u00e9cifiques.","breadcrumb":{"@id":"https:\/\/www.heim-ag.ch\/heizsysteme\/fr\/produits-solutions\/energie-du-bois\/logistique-des-combustibles\/introduction-du-combustible\/#breadcrumb"},"inLanguage":"fr-FR","potentialAction":[{"@type":"ReadAction","target":["https:\/\/www.heim-ag.ch\/heizsysteme\/fr\/produits-solutions\/energie-du-bois\/logistique-des-combustibles\/introduction-du-combustible\/"]}]},{"@type":"BreadcrumbList","@id":"https:\/\/www.heim-ag.ch\/heizsysteme\/fr\/produits-solutions\/energie-du-bois\/logistique-des-combustibles\/introduction-du-combustible\/#breadcrumb","itemListElement":[{"@type":"ListItem","position":1,"name":"Startseite","item":"https:\/\/www.heim-ag.ch\/heizsysteme\/fr\/"},{"@type":"ListItem","position":2,"name":"Produits &amp; solutions","item":"https:\/\/www.heim-ag.ch\/heizsysteme\/fr\/produits-solutions\/"},{"@type":"ListItem","position":3,"name":"Energie du bois","item":"https:\/\/www.heim-ag.ch\/heizsysteme\/fr\/produits-solutions\/energie-du-bois\/"},{"@type":"ListItem","position":4,"name":"Logistique des combustibles","item":"https:\/\/www.heim-ag.ch\/heizsysteme\/fr\/produits-solutions\/energie-du-bois\/logistique-des-combustibles\/"},{"@type":"ListItem","position":5,"name":"Introduction du combustible"}]},{"@type":"WebSite","@id":"https:\/\/www.heim-ag.ch\/heizsysteme\/fr\/#website","url":"https:\/\/www.heim-ag.ch\/heizsysteme\/fr\/","name":"Heim AG Heizsysteme","description":"Ganzheitlicher Partner f\u00fcr Energiel\u00f6sungen: erneuerbar und lokal","publisher":{"@id":"https:\/\/www.heim-ag.ch\/heizsysteme\/fr\/#organization"},"alternateName":"Heim AG","potentialAction":[{"@type":"SearchAction","target":{"@type":"EntryPoint","urlTemplate":"https:\/\/www.heim-ag.ch\/heizsysteme\/fr\/?s={search_term_string}"},"query-input":{"@type":"PropertyValueSpecification","valueRequired":true,"valueName":"search_term_string"}}],"inLanguage":"fr-FR"},{"@type":"Organization","@id":"https:\/\/www.heim-ag.ch\/heizsysteme\/fr\/#organization","name":"Heim AG Heizsysteme","alternateName":"Heim AG","url":"https:\/\/www.heim-ag.ch\/heizsysteme\/fr\/","logo":{"@type":"ImageObject","inLanguage":"fr-FR","@id":"https:\/\/www.heim-ag.ch\/heizsysteme\/fr\/#\/schema\/logo\/image\/","url":"https:\/\/www.heim-ag.ch\/heizsysteme\/wp-content\/uploads\/sites\/2\/2024\/08\/heim-ag-logo-organisations-logo.jpg","contentUrl":"https:\/\/www.heim-ag.ch\/heizsysteme\/wp-content\/uploads\/sites\/2\/2024\/08\/heim-ag-logo-organisations-logo.jpg","width":696,"height":697,"caption":"Heim AG Heizsysteme"},"image":{"@id":"https:\/\/www.heim-ag.ch\/heizsysteme\/fr\/#\/schema\/logo\/image\/"}}]}},"_links":{"self":[{"href":"https:\/\/www.heim-ag.ch\/heizsysteme\/fr\/wp-json\/wp\/v2\/pages\/13087","targetHints":{"allow":["GET"]}}],"collection":[{"href":"https:\/\/www.heim-ag.ch\/heizsysteme\/fr\/wp-json\/wp\/v2\/pages"}],"about":[{"href":"https:\/\/www.heim-ag.ch\/heizsysteme\/fr\/wp-json\/wp\/v2\/types\/page"}],"author":[{"embeddable":true,"href":"https:\/\/www.heim-ag.ch\/heizsysteme\/fr\/wp-json\/wp\/v2\/users\/6"}],"replies":[{"embeddable":true,"href":"https:\/\/www.heim-ag.ch\/heizsysteme\/fr\/wp-json\/wp\/v2\/comments?post=13087"}],"version-history":[{"count":7,"href":"https:\/\/www.heim-ag.ch\/heizsysteme\/fr\/wp-json\/wp\/v2\/pages\/13087\/revisions"}],"predecessor-version":[{"id":14863,"href":"https:\/\/www.heim-ag.ch\/heizsysteme\/fr\/wp-json\/wp\/v2\/pages\/13087\/revisions\/14863"}],"up":[{"embeddable":true,"href":"https:\/\/www.heim-ag.ch\/heizsysteme\/fr\/wp-json\/wp\/v2\/pages\/13079"}],"wp:attachment":[{"href":"https:\/\/www.heim-ag.ch\/heizsysteme\/fr\/wp-json\/wp\/v2\/media?parent=13087"}],"curies":[{"name":"wp","href":"https:\/\/api.w.org\/{rel}","templated":true}]}}