{"id":13149,"date":"2024-04-22T08:17:06","date_gmt":"2024-04-22T06:17:06","guid":{"rendered":"https:\/\/www.heim-ag.ch\/heizsysteme\/produkte-loesungen\/chauffages-au-bois\/pelletkessel\/"},"modified":"2026-04-08T10:55:01","modified_gmt":"2026-04-08T08:55:01","slug":"chaudiere-a-pellets","status":"publish","type":"page","link":"https:\/\/www.heim-ag.ch\/heizsysteme\/fr\/produits-solutions\/chauffages-au-bois\/chaudiere-a-pellets\/","title":{"rendered":"Chaudi\u00e8re \u00e0 pellets"},"content":{"rendered":"<h1>Chaudi\u00e8res \u00e0 granul\u00e9s de bois<\/h1>\n<div>\n<p>Les chauffages \u00e0 pellets HEIM Energie, \u00e9tablis depuis des ann\u00e9es sur le march\u00e9 et en service dans le monde entier, se distinguent par leur grande fiabilit\u00e9, leur rentabilit\u00e9 et leur simplicit\u00e9.<\/p>\n<p>Les pellets en tant que combustible se distinguent par leur homog\u00e9n\u00e9it\u00e9, leur capacit\u00e9 d&rsquo;\u00e9coulement et leur haute densit\u00e9 \u00e9nerg\u00e9tique. Ils n\u00e9cessitent ainsi peu d&rsquo;espace de stockage et peuvent \u00eatre transport\u00e9s facilement. Ainsi, le local de stockage du combustible et la chaufferie peuvent \u00eatre \u00e9loign\u00e9s l&rsquo;un de l&rsquo;autre sans que le transport vers le foyer ne soit entrav\u00e9.<\/p>\n<p>Les pellets sont en outre tr\u00e8s secs et provoquent donc moins d&rsquo;\u00e9missions au d\u00e9marrage que d&rsquo;autres combustibles bois.<\/p>\n<\/div>\n<p><p>\n        <a href=\"#unsere-pelletkessel\">Nos chaudi\u00e8res \u00e0 pellets<\/a>\n    <\/p>\n<\/p>\n<div>\n<h3>Avantages<\/h3>\n<div>\n<ul>\n<li>Fonctionnement enti\u00e8rement automatique du chauffage sans intervention de l&rsquo;op\u00e9rateur<\/li>\n<li>Haut rendement et faibles \u00e9missions<\/li>\n<li>Temp\u00e9ratures de d\u00e9part \u00e9lev\u00e9es possibles (jusqu&rsquo;\u00e0 95\u00b0C)<\/li>\n<li>Faibles co\u00fbts de maintenance et d&rsquo;exploitation<\/li>\n<li>Faible risque de panne gr\u00e2ce \u00e0 un combustible normalis\u00e9 et homog\u00e8ne<\/li>\n<\/ul>\n<\/div>\n<\/div>\n<p><img decoding=\"async\" src=\"\/heizsysteme\/wp-content\/uploads\/sites\/2\/2024\/07\/HEIM-Energie-HP-F-queschnitt.png\" alt=\"\"><\/p>\n<h2>Nos chaudi\u00e8res \u00e0 pellets<\/h2>\n<div>\n<\/div>\n<h5>Trouve une solution qui te convient<\/h5>\n<h2>Nous te conseillons volontiers sans engagement<\/h2>\n<p><p>\n        <a href=\"\/heizsysteme\/fr\/contact\/\">Contacte-nous sans engagement<\/a>\n    <\/p>\n<\/p>\n<ul>\n<li>\n<h3>Pompes \u00e0 chaleur<\/h3>\n<div>\n<p>Des pompes \u00e0 chaleur pour tous les besoins et toutes les classes de puissance, de la maison individuelle aux installations industrielles.<\/p>\n<\/div>\n<\/li>\n<li>\n<h3>\u00c9nergie solaire<\/h3>\n<div>\n<p>Nos solutions solaires t&rsquo;aident \u00e0 produire de l&rsquo;\u00e9lectricit\u00e9 de mani\u00e8re durable et \u00e9conomique, \u00e0 la stocker et \u00e0 l&rsquo;utiliser intelligemment.<\/p>\n<\/div>\n<\/li>\n<li>\n<h3>Energie du bois<\/h3>\n<div>\n<p>Nos syst\u00e8mes de chauffage au bois fournissent une chaleur efficace qui r\u00e9pond aux exigences les plus diverses.<\/p>\n<\/div>\n<\/li>\n<li>\n<h3>stockage d&rsquo;\u00e9nergie<\/h3>\n<div>\n<p>Nos solutions de stockage permettent une utilisation et un stockage efficaces de l&rsquo;\u00e9nergie. Des accumulateurs tampons modernes aux syst\u00e8mes de stockage de glace.<\/p>\n<\/div>\n<\/li>\n<\/ul>\n<p><!--more--><br \/>\n<!-- {\"type\":\"layout\",\"children\":[{\"type\":\"section\",\"props\":{\"image_position\":\"center-center\",\"style\":\"default\",\"title_breakpoint\":\"xl\",\"title_position\":\"top-left\",\"title_rotation\":\"left\",\"vertical_align\":\"middle\",\"width\":\"default\"},\"children\":[{\"type\":\"row\",\"props\":{\"layout\":\"1-3,1-3,1-3\"},\"children\":[{\"type\":\"column\",\"props\":{\"image_position\":\"center-center\",\"position_sticky_breakpoint\":\"m\",\"width_medium\":\"1-3\"},\"children\":[{\"type\":\"headline\",\"props\":{\"content\":\"Chaudi\\u00e8res \\u00e0 granul\\u00e9s de bois\",\"title_element\":\"h1\",\"title_style\":\"h1\"}},{\"type\":\"text\",\"props\":{\"column_breakpoint\":\"m\",\"content\":\"\n\n<p>Les chauffages \\u00e0 pellets HEIM Energie, \\u00e9tablis depuis des ann\\u00e9es sur le march\\u00e9 et en service dans le monde entier, se distinguent par leur grande fiabilit\\u00e9, leur rentabilit\\u00e9 et leur simplicit\\u00e9.<\\\/p>\\n\n\n<p>Les pellets en tant que combustible se distinguent par leur homog\\u00e9n\\u00e9it\\u00e9, leur capacit\\u00e9 d'\\u00e9coulement et leur haute densit\\u00e9 \\u00e9nerg\\u00e9tique. Ils n\\u00e9cessitent ainsi peu d'espace de stockage et peuvent \\u00eatre transport\\u00e9s facilement. Ainsi, le local de stockage du combustible et la chaufferie peuvent \\u00eatre \\u00e9loign\\u00e9s l'un de l'autre sans que le transport vers le foyer ne soit entrav\\u00e9.<\\\/p>\\n\n\n<p>Les pellets sont en outre tr\\u00e8s secs et provoquent donc moins d'\\u00e9missions au d\\u00e9marrage que d'autres combustibles bois.<\\\/p>\",\"margin\":\"default\"}},{\"type\":\"button\",\"props\":{\"grid_column_gap\":\"small\",\"grid_row_gap\":\"small\",\"margin\":\"default\"},\"children\":[{\"type\":\"button_item\",\"props\":{\"button_style\":\"default\",\"content\":\"Nos chaudi\\u00e8res \\u00e0 pellets\",\"dialog_layout\":\"modal\",\"dialog_offcanvas_flip\":true,\"icon_align\":\"left\",\"link\":\"#unsere-pelletkessel\"}}]}]},{\"type\":\"column\",\"props\":{\"image_position\":\"center-center\",\"position_sticky_breakpoint\":\"m\",\"style\":\"tile-secondary\",\"width_medium\":\"1-3\"},\"children\":[{\"type\":\"panel\",\"props\":{\"content\":\"\n\n<ul>\\n\n\n<li>Fonctionnement enti\\u00e8rement automatique du chauffage sans intervention de l'op\\u00e9rateur<\\\/li>\\n\n\n<li>Haut rendement et faibles \\u00e9missions<\\\/li>\\n\n\n<li>Temp\\u00e9ratures de d\\u00e9part \\u00e9lev\\u00e9es possibles (jusqu'\\u00e0 95\\u00b0C)<\\\/li>\\n\n\n<li>Faibles co\\u00fbts de maintenance et d'exploitation<\\\/li>\\n\n\n<li>Faible risque de panne gr\\u00e2ce \\u00e0 un combustible normalis\\u00e9 et homog\\u00e8ne<\\\/li>\\n<\\\/ul>\",\"content_column_breakpoint\":\"m\",\"icon_width\":80,\"image_align\":\"top\",\"image_grid_breakpoint\":\"m\",\"image_grid_width\":\"1-2\",\"image_svg_color\":\"emphasis\",\"link_style\":\"default\",\"link_text\":\"Read more\",\"margin\":\"default\",\"meta\":\"\",\"meta_align\":\"below-title\",\"meta_element\":\"div\",\"meta_style\":\"text-meta\",\"title\":\"Avantages\",\"title_align\":\"top\",\"title_element\":\"h3\",\"title_grid_breakpoint\":\"m\",\"title_grid_width\":\"1-2\",\"title_hover_style\":\"reset\"},\"name\":\"Panel-Vorteile\"}]},{\"type\":\"column\",\"props\":{\"class\":\"uk-visible@s\\t\",\"image\":\"wp-content\\\/uploads\\\/sites\\\/2\\\/2024\\\/07\\\/HEIM-Energie-HP-F-queschnitt.png\",\"image_height\":\"750\",\"image_position\":\"center-center\",\"image_size\":\"height-1-1\",\"image_width\":\"750\",\"position_sticky_breakpoint\":\"m\",\"width_medium\":\"1-3\"}}]},{\"type\":\"row\",\"children\":[{\"type\":\"column\",\"props\":{\"image_position\":\"center-center\",\"position_sticky_breakpoint\":\"m\"},\"children\":[{\"type\":\"image\",\"props\":{\"class\":\"uk-hidden@s\",\"image\":\"wp-content\\\/uploads\\\/sites\\\/2\\\/2024\\\/07\\\/HEIM-Energie-HP-F-queschnitt.png\",\"image_svg_color\":\"emphasis\",\"margin\":\"default\"}}]}]}],\"name\":\"Einleitungsbereich Produkte\"},{\"type\":\"section\",\"props\":{\"image_position\":\"center-center\",\"style\":\"default\",\"title_breakpoint\":\"xl\",\"title_position\":\"top-left\",\"title_rotation\":\"left\",\"vertical_align\":\"\",\"width\":\"\"},\"children\":[{\"type\":\"row\",\"children\":[{\"type\":\"column\",\"props\":{\"image_position\":\"center-center\",\"position_sticky_breakpoint\":\"m\"},\"children\":[{\"type\":\"headline\",\"props\":{\"content\":\"Nos chaudi\\u00e8res \\u00e0 pellets\",\"title_color\":\"primary\",\"title_element\":\"h2\",\"title_style\":\"h2\"}},{\"type\":\"grid\",\"props\":{\"content_column_breakpoint\":\"m\",\"filter_align\":\"left\",\"filter_all\":true,\"filter_grid_breakpoint\":\"m\",\"filter_grid_width\":\"auto\",\"filter_position\":\"top\",\"filter_style\":\"tab\",\"grid_default\":\"1\",\"grid_medium\":\"4\",\"icon_width\":80,\"image_align\":\"top\",\"image_grid_breakpoint\":\"m\",\"image_grid_width\":\"1-2\",\"image_link\":true,\"image_loading\":false,\"image_svg_color\":\"emphasis\",\"image_transition\":\"scale-up\",\"image_transition_border\":true,\"item_animation\":true,\"lightbox_bg_close\":true,\"link_style\":\"danger\",\"link_text\":\"Vers le produit\",\"margin\":\"default\",\"meta_align\":\"below-title\",\"meta_element\":\"div\",\"meta_style\":\"text-meta\",\"panel_image_no_padding\":true,\"panel_padding\":\"default\",\"panel_style\":\"card-default\",\"show_content\":true,\"show_hover_image\":true,\"show_hover_video\":true,\"show_image\":true,\"show_link\":true,\"show_meta\":true,\"show_title\":true,\"show_video\":true,\"title_align\":\"top\",\"title_element\":\"h2\",\"title_grid_breakpoint\":\"m\",\"title_grid_width\":\"1-2\",\"title_hover_style\":\"reset\",\"title_style\":\"h5\"},\"children\":[{\"type\":\"grid_item\",\"source\":{\"query\":{\"name\":\"productss.customProductss\",\"arguments\":{\"terms\":[37],\"product_categories_operator\":\"IN\",\"users\":[],\"users_operator\":\"IN\",\"offset\":0,\"limit\":10,\"order\":\"date\",\"order_direction\":\"DESC\"}},\"props\":{\"title\":{\"filters\":{\"search\":\"\"},\"name\":\"title\"},\"image\":{\"filters\":{\"search\":\"\"},\"name\":\"field.product_image_group.product_image.url\"},\"image_alt\":{\"filters\":{\"search\":\"\"},\"name\":\"field.product_image_group.product_image.alt\"},\"link\":{\"filters\":{\"search\":\"\"},\"name\":\"link\"},\"content\":{\"filters\":{\"search\":\"\"},\"name\":\"field.product_teaser\"}}}}]}]}],\"props\":{\"id\":\"unsere-pelletkessel\",\"width\":\"default\"}}],\"name\":\"Produkte \\u00dcbersicht Teaser\"},{\"type\":\"section\",\"props\":{\"id\":\"unserevorteile\",\"image_position\":\"center-center\",\"style\":\"muted\",\"title_breakpoint\":\"xl\",\"title_position\":\"top-left\",\"title_rotation\":\"left\",\"vertical_align\":\"\",\"width\":\"large\"},\"children\":[{\"type\":\"row\",\"props\":{\"layout\":\"2-5,3-5\"},\"children\":[{\"type\":\"column\",\"props\":{\"image_position\":\"center-center\",\"position_sticky_breakpoint\":\"m\",\"width_medium\":\"2-5\"},\"children\":[{\"type\":\"headline\",\"props\":{\"content\":\"Trouve une solution qui te convient\",\"margin_remove_bottom\":true,\"margin_remove_top\":true,\"title_element\":\"h5\",\"title_style\":\"h4\"}},{\"type\":\"headline\",\"props\":{\"content\":\"Nous te conseillons volontiers sans engagement\",\"margin\":\"small\",\"margin_remove_top\":true,\"title_element\":\"h2\",\"title_style\":\"h1\"}},{\"type\":\"button\",\"props\":{\"grid_column_gap\":\"small\",\"grid_row_gap\":\"small\",\"margin\":\"default\"},\"children\":[{\"type\":\"button_item\",\"props\":{\"button_style\":\"default\",\"content\":\"Contacte-nous sans engagement\",\"dialog_layout\":\"modal\",\"dialog_offcanvas_flip\":true,\"icon_align\":\"left\",\"link\":\"fr\\\/contact\\\/\"}}]}]},{\"type\":\"column\",\"props\":{\"image_position\":\"center-center\",\"position_sticky_breakpoint\":\"m\",\"width_medium\":\"3-5\"},\"children\":[{\"type\":\"grid\",\"props\":{\"animation\":\"parallax\",\"content_column_breakpoint\":\"m\",\"filter_align\":\"left\",\"filter_all\":true,\"filter_grid_breakpoint\":\"m\",\"filter_grid_width\":\"auto\",\"filter_position\":\"top\",\"filter_style\":\"tab\",\"grid_column_gap\":\"large\",\"grid_default\":\"1\",\"grid_medium\":\"2\",\"grid_row_gap\":\"large\",\"grid_small\":\"2\",\"icon_width\":80,\"image_align\":\"top\",\"image_grid_breakpoint\":\"m\",\"image_grid_width\":\"1-2\",\"image_svg_color\":\"emphasis\",\"item_animation\":true,\"lightbox_bg_close\":true,\"link_style\":\"primary\",\"link_text\":\"Show more\",\"margin\":\"\",\"meta_align\":\"below-title\",\"meta_element\":\"div\",\"meta_style\":\"text-meta\",\"parallax_breakpoint\":\"m\",\"parallax_easing\":\"1\",\"parallax_y\":\"0,0\",\"show_content\":true,\"show_hover_image\":true,\"show_hover_video\":true,\"show_image\":true,\"show_link\":true,\"show_meta\":true,\"show_title\":true,\"show_video\":true,\"title_align\":\"top\",\"title_color\":\"primary\",\"title_element\":\"h3\",\"title_grid_breakpoint\":\"m\",\"title_grid_width\":\"1-2\",\"title_hover_style\":\"reset\",\"title_style\":\"h4\"},\"children\":[{\"type\":\"grid_item\",\"props\":{\"content\":\"\n\n<p>Des pompes \\u00e0 chaleur pour tous les besoins et toutes les classes de puissance, de la maison individuelle aux installations industrielles.<\\\/p>\",\"title\":\"Pompes \\u00e0 chaleur\"}},{\"type\":\"grid_item\",\"props\":{\"content\":\"\n\n<p>Nos solutions solaires t'aident \\u00e0 produire de l'\\u00e9lectricit\\u00e9 de mani\\u00e8re durable et \\u00e9conomique, \\u00e0 la stocker et \\u00e0 l'utiliser intelligemment.<\\\/p>\",\"title\":\"\\u00c9nergie solaire\"}},{\"type\":\"grid_item\",\"props\":{\"content\":\"\n\n<p>Nos syst\\u00e8mes de chauffage au bois fournissent une chaleur efficace qui r\\u00e9pond aux exigences les plus diverses.<\\\/p>\",\"title\":\"Energie du bois\"}},{\"type\":\"grid_item\",\"props\":{\"content\":\"\n\n<p>Nos solutions de stockage permettent une utilisation et un stockage efficaces de l'\\u00e9nergie. Des accumulateurs tampons modernes aux syst\\u00e8mes de stockage de glace.<\\\/p>\",\"title\":\"stockage d'\\u00e9nergie\"}}]}]}]}],\"name\":\"Wir beraten dich gerne Section\"}],\"version\":\"4.5.33\"} --><\/p>\n","protected":false},"excerpt":{"rendered":"<p>Chaudi\u00e8res \u00e0 granul\u00e9s de bois Les chauffages \u00e0 pellets HEIM Energie, \u00e9tablis depuis des ann\u00e9es sur le march\u00e9 et en service dans le monde entier, se distinguent par leur grande fiabilit\u00e9, leur rentabilit\u00e9 et leur simplicit\u00e9. Les pellets en tant que combustible se distinguent par leur homog\u00e9n\u00e9it\u00e9, leur capacit\u00e9 d&rsquo;\u00e9coulement et leur haute densit\u00e9 \u00e9nerg\u00e9tique. [&hellip;]<\/p>\n","protected":false},"author":6,"featured_media":0,"parent":13132,"menu_order":2,"comment_status":"closed","ping_status":"closed","template":"","meta":{"_acf_changed":false,"footnotes":""},"class_list":["post-13149","page","type-page","status-publish","hentry"],"acf":[],"yoast_head":"<!-- This site is optimized with the Yoast SEO plugin v27.5 - https:\/\/yoast.com\/product\/yoast-seo-wordpress\/ -->\n<title>Chaudi\u00e8re \u00e0 pellets - Heim AG Heizsysteme<\/title>\n<meta name=\"description\" content=\"La chaudi\u00e8re \u00e0 pellets HEIM Energie comme chauffage se distingue par sa simplicit\u00e9 d&#039;utilisation et son design moderne.\" \/>\n<meta name=\"robots\" content=\"index, follow, max-snippet:-1, max-image-preview:large, max-video-preview:-1\" \/>\n<link rel=\"canonical\" href=\"https:\/\/www.heim-ag.ch\/heizsysteme\/fr\/produits-solutions\/chauffages-au-bois\/chaudiere-a-pellets\/\" \/>\n<meta property=\"og:locale\" content=\"fr_FR\" \/>\n<meta property=\"og:type\" content=\"article\" \/>\n<meta property=\"og:title\" content=\"Chaudi\u00e8re \u00e0 pellets - Heim AG Heizsysteme\" \/>\n<meta property=\"og:description\" content=\"La chaudi\u00e8re \u00e0 pellets HEIM Energie comme chauffage se distingue par sa simplicit\u00e9 d&#039;utilisation et son design moderne.\" \/>\n<meta property=\"og:url\" content=\"https:\/\/www.heim-ag.ch\/heizsysteme\/fr\/produits-solutions\/chauffages-au-bois\/chaudiere-a-pellets\/\" \/>\n<meta property=\"og:site_name\" content=\"Heim AG Heizsysteme\" \/>\n<meta property=\"article:modified_time\" content=\"2026-04-08T08:55:01+00:00\" \/>\n<meta property=\"og:image\" content=\"https:\/\/www.heim-ag.ch\/heizsysteme\/wp-content\/uploads\/sites\/2\/2024\/08\/heim-ag-logo-website-bild.jpg\" \/>\n\t<meta property=\"og:image:width\" content=\"1200\" \/>\n\t<meta property=\"og:image:height\" content=\"675\" \/>\n\t<meta property=\"og:image:type\" content=\"image\/jpeg\" \/>\n<meta name=\"twitter:card\" content=\"summary_large_image\" \/>\n<meta name=\"twitter:label1\" content=\"Dur\u00e9e de lecture estim\u00e9e\" \/>\n\t<meta name=\"twitter:data1\" content=\"2 minutes\" \/>\n<script type=\"application\/ld+json\" class=\"yoast-schema-graph\">{\"@context\":\"https:\\\/\\\/schema.org\",\"@graph\":[{\"@type\":\"WebPage\",\"@id\":\"https:\\\/\\\/www.heim-ag.ch\\\/heizsysteme\\\/fr\\\/produits-solutions\\\/chauffages-au-bois\\\/chaudiere-a-pellets\\\/\",\"url\":\"https:\\\/\\\/www.heim-ag.ch\\\/heizsysteme\\\/fr\\\/produits-solutions\\\/chauffages-au-bois\\\/chaudiere-a-pellets\\\/\",\"name\":\"Chaudi\u00e8re \u00e0 pellets - Heim AG Heizsysteme\",\"isPartOf\":{\"@id\":\"https:\\\/\\\/www.heim-ag.ch\\\/heizsysteme\\\/fr\\\/#website\"},\"datePublished\":\"2024-04-22T06:17:06+00:00\",\"dateModified\":\"2026-04-08T08:55:01+00:00\",\"description\":\"La chaudi\u00e8re \u00e0 pellets HEIM Energie comme chauffage se distingue par sa simplicit\u00e9 d'utilisation et son design moderne.\",\"breadcrumb\":{\"@id\":\"https:\\\/\\\/www.heim-ag.ch\\\/heizsysteme\\\/fr\\\/produits-solutions\\\/chauffages-au-bois\\\/chaudiere-a-pellets\\\/#breadcrumb\"},\"inLanguage\":\"fr-FR\",\"potentialAction\":[{\"@type\":\"ReadAction\",\"target\":[\"https:\\\/\\\/www.heim-ag.ch\\\/heizsysteme\\\/fr\\\/produits-solutions\\\/chauffages-au-bois\\\/chaudiere-a-pellets\\\/\"]}]},{\"@type\":\"BreadcrumbList\",\"@id\":\"https:\\\/\\\/www.heim-ag.ch\\\/heizsysteme\\\/fr\\\/produits-solutions\\\/chauffages-au-bois\\\/chaudiere-a-pellets\\\/#breadcrumb\",\"itemListElement\":[{\"@type\":\"ListItem\",\"position\":1,\"name\":\"Startseite\",\"item\":\"https:\\\/\\\/www.heim-ag.ch\\\/heizsysteme\\\/fr\\\/\"},{\"@type\":\"ListItem\",\"position\":2,\"name\":\"Produits &amp; solutions\",\"item\":\"https:\\\/\\\/www.heim-ag.ch\\\/heizsysteme\\\/fr\\\/produits-solutions\\\/\"},{\"@type\":\"ListItem\",\"position\":3,\"name\":\"Chauffage au bois\",\"item\":\"https:\\\/\\\/www.heim-ag.ch\\\/heizsysteme\\\/fr\\\/produits-solutions\\\/chauffages-au-bois\\\/\"},{\"@type\":\"ListItem\",\"position\":4,\"name\":\"Chaudi\u00e8re \u00e0 pellets\"}]},{\"@type\":\"WebSite\",\"@id\":\"https:\\\/\\\/www.heim-ag.ch\\\/heizsysteme\\\/fr\\\/#website\",\"url\":\"https:\\\/\\\/www.heim-ag.ch\\\/heizsysteme\\\/fr\\\/\",\"name\":\"Heim AG Heizsysteme\",\"description\":\"Ganzheitlicher Partner f\u00fcr Energiel\u00f6sungen: erneuerbar und lokal\",\"publisher\":{\"@id\":\"https:\\\/\\\/www.heim-ag.ch\\\/heizsysteme\\\/fr\\\/#organization\"},\"alternateName\":\"Heim AG\",\"potentialAction\":[{\"@type\":\"SearchAction\",\"target\":{\"@type\":\"EntryPoint\",\"urlTemplate\":\"https:\\\/\\\/www.heim-ag.ch\\\/heizsysteme\\\/fr\\\/?s={search_term_string}\"},\"query-input\":{\"@type\":\"PropertyValueSpecification\",\"valueRequired\":true,\"valueName\":\"search_term_string\"}}],\"inLanguage\":\"fr-FR\"},{\"@type\":\"Organization\",\"@id\":\"https:\\\/\\\/www.heim-ag.ch\\\/heizsysteme\\\/fr\\\/#organization\",\"name\":\"Heim AG Heizsysteme\",\"alternateName\":\"Heim AG\",\"url\":\"https:\\\/\\\/www.heim-ag.ch\\\/heizsysteme\\\/fr\\\/\",\"logo\":{\"@type\":\"ImageObject\",\"inLanguage\":\"fr-FR\",\"@id\":\"https:\\\/\\\/www.heim-ag.ch\\\/heizsysteme\\\/fr\\\/#\\\/schema\\\/logo\\\/image\\\/\",\"url\":\"https:\\\/\\\/www.heim-ag.ch\\\/heizsysteme\\\/wp-content\\\/uploads\\\/sites\\\/2\\\/2024\\\/08\\\/heim-ag-logo-organisations-logo.jpg\",\"contentUrl\":\"https:\\\/\\\/www.heim-ag.ch\\\/heizsysteme\\\/wp-content\\\/uploads\\\/sites\\\/2\\\/2024\\\/08\\\/heim-ag-logo-organisations-logo.jpg\",\"width\":696,\"height\":697,\"caption\":\"Heim AG Heizsysteme\"},\"image\":{\"@id\":\"https:\\\/\\\/www.heim-ag.ch\\\/heizsysteme\\\/fr\\\/#\\\/schema\\\/logo\\\/image\\\/\"}}]}<\/script>\n<!-- \/ Yoast SEO plugin. -->","yoast_head_json":{"title":"Chaudi\u00e8re \u00e0 pellets - Heim AG Heizsysteme","description":"La chaudi\u00e8re \u00e0 pellets HEIM Energie comme chauffage se distingue par sa simplicit\u00e9 d'utilisation et son design moderne.","robots":{"index":"index","follow":"follow","max-snippet":"max-snippet:-1","max-image-preview":"max-image-preview:large","max-video-preview":"max-video-preview:-1"},"canonical":"https:\/\/www.heim-ag.ch\/heizsysteme\/fr\/produits-solutions\/chauffages-au-bois\/chaudiere-a-pellets\/","og_locale":"fr_FR","og_type":"article","og_title":"Chaudi\u00e8re \u00e0 pellets - Heim AG Heizsysteme","og_description":"La chaudi\u00e8re \u00e0 pellets HEIM Energie comme chauffage se distingue par sa simplicit\u00e9 d'utilisation et son design moderne.","og_url":"https:\/\/www.heim-ag.ch\/heizsysteme\/fr\/produits-solutions\/chauffages-au-bois\/chaudiere-a-pellets\/","og_site_name":"Heim AG Heizsysteme","article_modified_time":"2026-04-08T08:55:01+00:00","og_image":[{"width":1200,"height":675,"url":"https:\/\/www.heim-ag.ch\/heizsysteme\/wp-content\/uploads\/sites\/2\/2024\/08\/heim-ag-logo-website-bild.jpg","type":"image\/jpeg"}],"twitter_card":"summary_large_image","twitter_misc":{"Dur\u00e9e de lecture estim\u00e9e":"2 minutes"},"schema":{"@context":"https:\/\/schema.org","@graph":[{"@type":"WebPage","@id":"https:\/\/www.heim-ag.ch\/heizsysteme\/fr\/produits-solutions\/chauffages-au-bois\/chaudiere-a-pellets\/","url":"https:\/\/www.heim-ag.ch\/heizsysteme\/fr\/produits-solutions\/chauffages-au-bois\/chaudiere-a-pellets\/","name":"Chaudi\u00e8re \u00e0 pellets - Heim AG Heizsysteme","isPartOf":{"@id":"https:\/\/www.heim-ag.ch\/heizsysteme\/fr\/#website"},"datePublished":"2024-04-22T06:17:06+00:00","dateModified":"2026-04-08T08:55:01+00:00","description":"La chaudi\u00e8re \u00e0 pellets HEIM Energie comme chauffage se distingue par sa simplicit\u00e9 d'utilisation et son design moderne.","breadcrumb":{"@id":"https:\/\/www.heim-ag.ch\/heizsysteme\/fr\/produits-solutions\/chauffages-au-bois\/chaudiere-a-pellets\/#breadcrumb"},"inLanguage":"fr-FR","potentialAction":[{"@type":"ReadAction","target":["https:\/\/www.heim-ag.ch\/heizsysteme\/fr\/produits-solutions\/chauffages-au-bois\/chaudiere-a-pellets\/"]}]},{"@type":"BreadcrumbList","@id":"https:\/\/www.heim-ag.ch\/heizsysteme\/fr\/produits-solutions\/chauffages-au-bois\/chaudiere-a-pellets\/#breadcrumb","itemListElement":[{"@type":"ListItem","position":1,"name":"Startseite","item":"https:\/\/www.heim-ag.ch\/heizsysteme\/fr\/"},{"@type":"ListItem","position":2,"name":"Produits &amp; solutions","item":"https:\/\/www.heim-ag.ch\/heizsysteme\/fr\/produits-solutions\/"},{"@type":"ListItem","position":3,"name":"Chauffage au bois","item":"https:\/\/www.heim-ag.ch\/heizsysteme\/fr\/produits-solutions\/chauffages-au-bois\/"},{"@type":"ListItem","position":4,"name":"Chaudi\u00e8re \u00e0 pellets"}]},{"@type":"WebSite","@id":"https:\/\/www.heim-ag.ch\/heizsysteme\/fr\/#website","url":"https:\/\/www.heim-ag.ch\/heizsysteme\/fr\/","name":"Heim AG Heizsysteme","description":"Ganzheitlicher Partner f\u00fcr Energiel\u00f6sungen: erneuerbar und lokal","publisher":{"@id":"https:\/\/www.heim-ag.ch\/heizsysteme\/fr\/#organization"},"alternateName":"Heim AG","potentialAction":[{"@type":"SearchAction","target":{"@type":"EntryPoint","urlTemplate":"https:\/\/www.heim-ag.ch\/heizsysteme\/fr\/?s={search_term_string}"},"query-input":{"@type":"PropertyValueSpecification","valueRequired":true,"valueName":"search_term_string"}}],"inLanguage":"fr-FR"},{"@type":"Organization","@id":"https:\/\/www.heim-ag.ch\/heizsysteme\/fr\/#organization","name":"Heim AG Heizsysteme","alternateName":"Heim AG","url":"https:\/\/www.heim-ag.ch\/heizsysteme\/fr\/","logo":{"@type":"ImageObject","inLanguage":"fr-FR","@id":"https:\/\/www.heim-ag.ch\/heizsysteme\/fr\/#\/schema\/logo\/image\/","url":"https:\/\/www.heim-ag.ch\/heizsysteme\/wp-content\/uploads\/sites\/2\/2024\/08\/heim-ag-logo-organisations-logo.jpg","contentUrl":"https:\/\/www.heim-ag.ch\/heizsysteme\/wp-content\/uploads\/sites\/2\/2024\/08\/heim-ag-logo-organisations-logo.jpg","width":696,"height":697,"caption":"Heim AG Heizsysteme"},"image":{"@id":"https:\/\/www.heim-ag.ch\/heizsysteme\/fr\/#\/schema\/logo\/image\/"}}]}},"_links":{"self":[{"href":"https:\/\/www.heim-ag.ch\/heizsysteme\/fr\/wp-json\/wp\/v2\/pages\/13149","targetHints":{"allow":["GET"]}}],"collection":[{"href":"https:\/\/www.heim-ag.ch\/heizsysteme\/fr\/wp-json\/wp\/v2\/pages"}],"about":[{"href":"https:\/\/www.heim-ag.ch\/heizsysteme\/fr\/wp-json\/wp\/v2\/types\/page"}],"author":[{"embeddable":true,"href":"https:\/\/www.heim-ag.ch\/heizsysteme\/fr\/wp-json\/wp\/v2\/users\/6"}],"replies":[{"embeddable":true,"href":"https:\/\/www.heim-ag.ch\/heizsysteme\/fr\/wp-json\/wp\/v2\/comments?post=13149"}],"version-history":[{"count":7,"href":"https:\/\/www.heim-ag.ch\/heizsysteme\/fr\/wp-json\/wp\/v2\/pages\/13149\/revisions"}],"predecessor-version":[{"id":23314,"href":"https:\/\/www.heim-ag.ch\/heizsysteme\/fr\/wp-json\/wp\/v2\/pages\/13149\/revisions\/23314"}],"up":[{"embeddable":true,"href":"https:\/\/www.heim-ag.ch\/heizsysteme\/fr\/wp-json\/wp\/v2\/pages\/13132"}],"wp:attachment":[{"href":"https:\/\/www.heim-ag.ch\/heizsysteme\/fr\/wp-json\/wp\/v2\/media?parent=13149"}],"curies":[{"name":"wp","href":"https:\/\/api.w.org\/{rel}","templated":true}]}}