{"id":13215,"date":"2024-04-22T08:32:27","date_gmt":"2024-04-22T06:32:27","guid":{"rendered":"https:\/\/www.heim-ag.ch\/heizsysteme\/produkte-loesungen\/produkttypen\/"},"modified":"2024-11-13T14:03:31","modified_gmt":"2024-11-13T13:03:31","slug":"gammes-de-produits","status":"publish","type":"page","link":"https:\/\/www.heim-ag.ch\/heizsysteme\/fr\/gammes-de-produits\/","title":{"rendered":"Gammes de produits"},"content":{"rendered":"<h1>Gammes de produits<\/h1>\n<div>\n<p>Tu cherches des modes d&#8217;emploi, des fiches techniques ou d&rsquo;autres informations sur nos pompes \u00e0 chaleur ou nos chauffages au bois ? Ici, tu trouveras ce que tu cherches en quelques \u00e9tapes seulement.<\/p>\n<\/div>\n<ul>\n<li>\n<p>        <img decoding=\"async\" src=\"\/heizsysteme\/wp-content\/uploads\/sites\/2\/2024\/07\/holzfeuerung-green-hover.jpg\" alt=\"Chauffage au bois\"><\/p>\n<p><img decoding=\"async\" src=\"\/heizsysteme\/wp-content\/uploads\/sites\/2\/2024\/07\/holzfeuerung-grey-hover.jpg\" alt><\/p>\n<h3>Chauffage au bois<\/h3>\n<p><a href=\"\/heizsysteme\/fr\/gammes-de-produits\/chauffage-au-bois\/\">Nos chauffages au bois<\/a><\/p>\n<\/li>\n<li>\n<p>        <img decoding=\"async\" src=\"\/heizsysteme\/wp-content\/uploads\/sites\/2\/2024\/07\/sole-wasser-waermepumpe-green-hover.jpg\" alt=\"Pompes \u00e0 chaleur\"><\/p>\n<p><img decoding=\"async\" src=\"\/heizsysteme\/wp-content\/uploads\/sites\/2\/2024\/07\/sole-wasser-waermepumpe-grey-hover.jpg\" alt><\/p>\n<h3>Pompes \u00e0 chaleur<\/h3>\n<p><a href=\"\/heizsysteme\/fr\/gammes-de-produits\/pompes-a-chaleur\/\">Nos pompes \u00e0 chaleur<\/a><\/p>\n<\/li>\n<li>\n<p>        <img decoding=\"async\" src=\"\/heizsysteme\/wp-content\/uploads\/sites\/2\/2024\/07\/luft-wasser-waermepumpe-green-hover.jpg\" alt=\"Pompes \u00e0 chaleur de Heim\"><\/p>\n<p><img decoding=\"async\" src=\"\/heizsysteme\/wp-content\/uploads\/sites\/2\/2024\/07\/luft-wasser-waermepumpe-greeyhover.jpg\" alt><\/p>\n<h3>Pompes \u00e0 chaleur de Heim<\/h3>\n<p><a href=\"\/heizsysteme\/fr\/gammes-de-produits\/pompes-a-chaleur-de-heim\/\">Nos pompes \u00e0 chaleur<\/a><\/p>\n<\/li>\n<\/ul>\n<p><!--more--><br \/>\n<!-- {\"type\":\"layout\",\"children\":[{\"type\":\"section\",\"props\":{\"image_position\":\"center-center\",\"style\":\"default\",\"title_breakpoint\":\"xl\",\"title_position\":\"top-left\",\"title_rotation\":\"left\",\"vertical_align\":\"middle\",\"width\":\"default\"},\"children\":[{\"type\":\"row\",\"children\":[{\"type\":\"column\",\"props\":{\"image_position\":\"center-center\",\"position_sticky_breakpoint\":\"m\",\"width_medium\":\"1-2\"},\"children\":[{\"type\":\"headline\",\"props\":{\"animation\":\"none\",\"content\":\"Gammes de produits\",\"margin_remove_top\":true,\"maxwidth\":\"2xlarge\",\"parallax_breakpoint\":\"m\",\"parallax_easing\":\"1\",\"parallax_end\":\"70vh + 70%\",\"parallax_opacity\":\"0.3,1\",\"parallax_y\":\"30,0\",\"text_align\":\"left\",\"title_color\":\"emphasis\",\"title_element\":\"h1\",\"title_style\":\"h1\"}},{\"type\":\"text\",\"props\":{\"column_breakpoint\":\"m\",\"content\":\"\n\n<p>Tu cherches des modes d'emploi, des fiches techniques ou d'autres informations sur nos pompes \\u00e0 chaleur ou nos chauffages au bois ? Ici, tu trouveras ce que tu cherches en quelques \\u00e9tapes seulement.<\\\/p>\",\"margin\":\"default\"}}]},{\"type\":\"column\",\"props\":{\"image_position\":\"center-center\",\"position_sticky_breakpoint\":\"m\",\"width_medium\":\"1-2\"}}],\"props\":{\"layout\":\"1-2,1-2\"}}]},{\"type\":\"section\",\"props\":{\"image_position\":\"center-center\",\"style\":\"muted\",\"title_breakpoint\":\"xl\",\"title_position\":\"top-left\",\"title_rotation\":\"left\",\"vertical_align\":\"\",\"width\":\"default\"},\"children\":[{\"type\":\"row\",\"children\":[{\"type\":\"column\",\"props\":{\"image_position\":\"center-center\",\"position_sticky_breakpoint\":\"m\"},\"children\":[{\"name\":\"Grid Panel Style Card\",\"type\":\"grid\",\"children\":[{\"type\":\"grid_item\",\"props\":{\"content\":\"\",\"image\":\"wp-content\\\/uploads\\\/sites\\\/2\\\/2024\\\/06\\\/wasser-wasser-waermepumpe.jpg\",\"image_alt\":\"Wasser-Wasser-W\\u00e4rmepumpe\",\"link\":\"produkte-loesungen\\\/produkttypen\\\/waermepumpen\\\/\",\"link_text\":\"Mehr erfahren\",\"meta\":\"\",\"title\":\"W\\u00e4rme-<br \/>pumpen\"}},{\"type\":\"grid_item\",\"props\":{\"content\":\"\",\"image\":\"wp-content\\\/uploads\\\/sites\\\/2\\\/2024\\\/06\\\/sole-wasser-waermepumpe.jpg\",\"image_alt\":\"Sole-Wasser-W\\u00e4rmepumpe\",\"link\":\"produkte-loesungen\\\/produkttypen\\\/heim-waermepumpen\\\/\",\"link_text\":\"Mehr erfahren\",\"meta\":\"\",\"title\":\"Heim W\\u00e4rmepumpen\"}},{\"type\":\"grid_item\",\"props\":{\"content\":\"\",\"image\":\"wp-content\\\/uploads\\\/sites\\\/2\\\/2024\\\/06\\\/energiezentrale.jpg\",\"image_alt\":\"Energiezentrale\",\"link\":\"produkte-loesungen\\\/produkttypen\\\/heim-waermepumpen\\\/\",\"link_text\":\"Mehr erfahren\",\"meta\":\"\",\"title\":\"Gross-<br \/>w\\u00e4rmepumpen\"}},{\"type\":\"grid_item\",\"props\":{\"content\":\"\",\"image\":\"wp-content\\\/uploads\\\/sites\\\/2\\\/2024\\\/07\\\/holzfeuerungen-bhkw.jpg\",\"image_alt\":\"Holzfeuerungen \",\"link\":\"produkte-loesungen\\\/produkttypen\\\/holzfeuerungen\\\/\",\"link_text\":\"Mehr erfahren\",\"meta\":\"\",\"title\":\"Holz-<br \/>feuerungen\"}}],\"props\":{\"content_column_breakpoint\":\"m\",\"content_margin\":\"small\",\"filter_align\":\"left\",\"filter_all\":true,\"filter_grid_breakpoint\":\"m\",\"filter_grid_width\":\"auto\",\"filter_position\":\"top\",\"filter_style\":\"tab\",\"grid_column_align\":true,\"grid_default\":\"1\",\"grid_divider\":false,\"grid_large\":\"4\",\"grid_medium\":\"3\",\"grid_row_align\":false,\"grid_small\":\"2\",\"icon_width\":80,\"image_align\":\"top\",\"image_grid_breakpoint\":\"m\",\"image_grid_width\":\"1-2\",\"image_link\":true,\"image_svg_color\":\"emphasis\",\"image_width\":\"900\",\"item_animation\":true,\"link_style\":\"primary\",\"link_text\":\"Read More\",\"margin\":\"remove-vertical\",\"meta_align\":\"above-title\",\"meta_color\":\"primary\",\"meta_element\":\"div\",\"meta_style\":\"text-meta\",\"panel_image_no_padding\":true,\"panel_link\":false,\"panel_padding\":\"default\",\"panel_style\":\"card-default\",\"parallax_easing\":\"1\",\"show_content\":true,\"show_image\":true,\"show_link\":true,\"show_meta\":true,\"show_title\":true,\"title_align\":\"top\",\"title_element\":\"h2\",\"title_grid_breakpoint\":\"m\",\"title_grid_width\":\"1-2\",\"title_hover_style\":\"reset\",\"title_link\":true,\"title_margin\":\"small\",\"title_style\":\"h3\"}}]}],\"props\":{\"status\":\"disabled\"}}],\"name\":\"Referenzanlagen Teaser Holz\"},{\"type\":\"section\",\"props\":{\"animation\":\"slide-bottom-small\",\"animation_delay\":false,\"header_transparent\":true,\"header_transparent_text_color\":\"dark\",\"image_effect\":\"parallax\",\"image_parallax_bgx\":\"-120,-120\",\"image_parallax_bgy\":\"420,120\",\"image_parallax_easing\":\"0.5\",\"image_position\":\"bottom-left\",\"image_size\":\"contain\",\"padding_remove_top\":true,\"style\":\"default\",\"title_breakpoint\":\"xl\",\"title_position\":\"top-left\",\"title_rotation\":\"left\",\"vertical_align\":\"\",\"width\":\"large\"},\"children\":[{\"type\":\"row\",\"props\":{\"id\":\"produkte-l\\u00f6sungen\",\"margin\":\"xlarge\",\"margin_remove_bottom\":false},\"children\":[{\"type\":\"column\",\"props\":{\"image_position\":\"center-center\",\"position_sticky_breakpoint\":\"m\",\"width_medium\":\"1-1\",\"widths\":[\"1-1\"]},\"children\":[{\"name\":\"Gallery Hover Image \\u2013 Verlinkung andere Seiten\",\"type\":\"gallery\",\"children\":[{\"type\":\"gallery_item\",\"props\":{\"content\":\"\",\"hover_image\":\"wp-content\\\/uploads\\\/sites\\\/2\\\/2024\\\/07\\\/holzfeuerung-grey-hover.jpg\",\"image\":\"wp-content\\\/uploads\\\/sites\\\/2\\\/2024\\\/07\\\/holzfeuerung-green-hover.jpg\",\"image_alt\":\"Chauffage au bois\",\"link\":\"fr\\\/gammes-de-produits\\\/chauffage-au-bois\\\/\",\"link_text\":\"Nos chauffages au bois\",\"meta\":\"\",\"title\":\"Chauffage au bois\"}},{\"type\":\"gallery_item\",\"props\":{\"content\":\"\",\"hover_image\":\"wp-content\\\/uploads\\\/sites\\\/2\\\/2024\\\/07\\\/sole-wasser-waermepumpe-grey-hover.jpg\",\"image\":\"wp-content\\\/uploads\\\/sites\\\/2\\\/2024\\\/07\\\/sole-wasser-waermepumpe-green-hover.jpg\",\"image_alt\":\"Pompes \\u00e0 chaleur\",\"link\":\"fr\\\/gammes-de-produits\\\/pompes-a-chaleur\\\/\",\"link_text\":\"Nos pompes \\u00e0 chaleur\",\"meta\":\"\",\"title\":\"Pompes \\u00e0 chaleur\"}},{\"type\":\"gallery_item\",\"props\":{\"content\":\"\",\"hover_image\":\"wp-content\\\/uploads\\\/sites\\\/2\\\/2024\\\/07\\\/luft-wasser-waermepumpe-greeyhover.jpg\",\"image\":\"wp-content\\\/uploads\\\/sites\\\/2\\\/2024\\\/07\\\/luft-wasser-waermepumpe-green-hover.jpg\",\"image_alt\":\"Pompes \\u00e0 chaleur de Heim\",\"link\":\"fr\\\/gammes-de-produits\\\/pompes-a-chaleur-de-heim\\\/\",\"link_text\":\"Nos pompes \\u00e0 chaleur\",\"meta\":\"\",\"title\":\"Pompes \\u00e0 chaleur de Heim\"}}],\"props\":{\"filter_align\":\"left\",\"filter_all\":true,\"filter_grid_breakpoint\":\"m\",\"filter_grid_width\":\"auto\",\"filter_position\":\"top\",\"filter_style\":\"tab\",\"grid_column_align\":false,\"grid_default\":\"1\",\"grid_divider\":false,\"grid_medium\":\"3\",\"image_min_height\":\"200\",\"item_animation\":true,\"lightbox\":false,\"link_margin\":\"small\",\"link_style\":\"\",\"link_target\":true,\"link_text\":\"Mehr erfahren\",\"margin\":\"default\",\"meta_align\":\"above-title\",\"meta_element\":\"div\",\"meta_margin\":\"small\",\"meta_style\":\"h6\",\"overlay_hover\":false,\"overlay_link\":true,\"overlay_maxwidth\":\"large\",\"overlay_mode\":\"cover\",\"overlay_position\":\"bottom-left\",\"overlay_style\":\"\",\"overlay_transition\":\"fade\",\"parallax_easing\":\"1\",\"show_content\":true,\"show_hover_image\":true,\"show_hover_video\":false,\"show_link\":true,\"show_meta\":true,\"show_title\":true,\"text_align\":\"left\",\"text_blend\":false,\"text_color\":\"light\",\"text_color_hover\":false,\"title_element\":\"h3\",\"title_hover_style\":\"reset\",\"title_margin\":\"small\",\"title_style\":\"h3\"}}]}]}],\"name\":\"Produkt\\u00fcbersicht Fachpartner\"}],\"version\":\"4.4.12\"} --><\/p>\n","protected":false},"excerpt":{"rendered":"<p>Gammes de produits Tu cherches des modes d&#8217;emploi, des fiches techniques ou d&rsquo;autres informations sur nos pompes \u00e0 chaleur ou nos chauffages au bois ? Ici, tu trouveras ce que tu cherches en quelques \u00e9tapes seulement. Chauffage au bois Nos chauffages au bois Pompes \u00e0 chaleur Nos pompes \u00e0 chaleur Pompes \u00e0 chaleur de Heim [&hellip;]<\/p>\n","protected":false},"author":6,"featured_media":0,"parent":0,"menu_order":3,"comment_status":"closed","ping_status":"closed","template":"","meta":{"_acf_changed":false,"footnotes":""},"class_list":["post-13215","page","type-page","status-publish","hentry"],"acf":[],"yoast_head":"<!-- This site is optimized with the Yoast SEO plugin v27.5 - https:\/\/yoast.com\/product\/yoast-seo-wordpress\/ -->\n<title>Gammes de produits - Heim AG Heizsysteme<\/title>\n<meta name=\"description\" content=\"Tu cherches des modes d&#039;emploi, des fiches techniques ou d&#039;autres informations sur nos types de produits pour pompe \u00e0 chaleur ou chauffage au bois ?\" \/>\n<meta name=\"robots\" content=\"index, follow, max-snippet:-1, max-image-preview:large, max-video-preview:-1\" \/>\n<link rel=\"canonical\" href=\"https:\/\/www.heim-ag.ch\/heizsysteme\/fr\/gammes-de-produits\/\" \/>\n<meta property=\"og:locale\" content=\"fr_FR\" \/>\n<meta property=\"og:type\" content=\"article\" \/>\n<meta property=\"og:title\" content=\"Gammes de produits - Heim AG Heizsysteme\" \/>\n<meta property=\"og:description\" content=\"Tu cherches des modes d&#039;emploi, des fiches techniques ou d&#039;autres informations sur nos types de produits pour pompe \u00e0 chaleur ou chauffage au bois ?\" \/>\n<meta property=\"og:url\" content=\"https:\/\/www.heim-ag.ch\/heizsysteme\/fr\/gammes-de-produits\/\" \/>\n<meta property=\"og:site_name\" content=\"Heim AG Heizsysteme\" \/>\n<meta property=\"article:modified_time\" content=\"2024-11-13T13:03:31+00:00\" \/>\n<meta property=\"og:image\" content=\"https:\/\/www.heim-ag.ch\/heizsysteme\/wp-content\/uploads\/sites\/2\/2024\/08\/heim-ag-logo-website-bild.jpg\" \/>\n\t<meta property=\"og:image:width\" content=\"1200\" \/>\n\t<meta property=\"og:image:height\" content=\"675\" \/>\n\t<meta property=\"og:image:type\" content=\"image\/jpeg\" \/>\n<meta name=\"twitter:card\" content=\"summary_large_image\" \/>\n<meta name=\"twitter:label1\" content=\"Dur\u00e9e de lecture estim\u00e9e\" \/>\n\t<meta name=\"twitter:data1\" content=\"2 minutes\" \/>\n<script type=\"application\/ld+json\" class=\"yoast-schema-graph\">{\"@context\":\"https:\\\/\\\/schema.org\",\"@graph\":[{\"@type\":\"WebPage\",\"@id\":\"https:\\\/\\\/www.heim-ag.ch\\\/heizsysteme\\\/fr\\\/gammes-de-produits\\\/\",\"url\":\"https:\\\/\\\/www.heim-ag.ch\\\/heizsysteme\\\/fr\\\/gammes-de-produits\\\/\",\"name\":\"Gammes de produits - Heim AG Heizsysteme\",\"isPartOf\":{\"@id\":\"https:\\\/\\\/www.heim-ag.ch\\\/heizsysteme\\\/fr\\\/#website\"},\"datePublished\":\"2024-04-22T06:32:27+00:00\",\"dateModified\":\"2024-11-13T13:03:31+00:00\",\"description\":\"Tu cherches des modes d'emploi, des fiches techniques ou d'autres informations sur nos types de produits pour pompe \u00e0 chaleur ou chauffage au bois ?\",\"breadcrumb\":{\"@id\":\"https:\\\/\\\/www.heim-ag.ch\\\/heizsysteme\\\/fr\\\/gammes-de-produits\\\/#breadcrumb\"},\"inLanguage\":\"fr-FR\",\"potentialAction\":[{\"@type\":\"ReadAction\",\"target\":[\"https:\\\/\\\/www.heim-ag.ch\\\/heizsysteme\\\/fr\\\/gammes-de-produits\\\/\"]}]},{\"@type\":\"BreadcrumbList\",\"@id\":\"https:\\\/\\\/www.heim-ag.ch\\\/heizsysteme\\\/fr\\\/gammes-de-produits\\\/#breadcrumb\",\"itemListElement\":[{\"@type\":\"ListItem\",\"position\":1,\"name\":\"Startseite\",\"item\":\"https:\\\/\\\/www.heim-ag.ch\\\/heizsysteme\\\/fr\\\/\"},{\"@type\":\"ListItem\",\"position\":2,\"name\":\"Gammes de produits\"}]},{\"@type\":\"WebSite\",\"@id\":\"https:\\\/\\\/www.heim-ag.ch\\\/heizsysteme\\\/fr\\\/#website\",\"url\":\"https:\\\/\\\/www.heim-ag.ch\\\/heizsysteme\\\/fr\\\/\",\"name\":\"Heim AG Heizsysteme\",\"description\":\"Ganzheitlicher Partner f\u00fcr Energiel\u00f6sungen: erneuerbar und lokal\",\"publisher\":{\"@id\":\"https:\\\/\\\/www.heim-ag.ch\\\/heizsysteme\\\/fr\\\/#organization\"},\"alternateName\":\"Heim AG\",\"potentialAction\":[{\"@type\":\"SearchAction\",\"target\":{\"@type\":\"EntryPoint\",\"urlTemplate\":\"https:\\\/\\\/www.heim-ag.ch\\\/heizsysteme\\\/fr\\\/?s={search_term_string}\"},\"query-input\":{\"@type\":\"PropertyValueSpecification\",\"valueRequired\":true,\"valueName\":\"search_term_string\"}}],\"inLanguage\":\"fr-FR\"},{\"@type\":\"Organization\",\"@id\":\"https:\\\/\\\/www.heim-ag.ch\\\/heizsysteme\\\/fr\\\/#organization\",\"name\":\"Heim AG Heizsysteme\",\"alternateName\":\"Heim AG\",\"url\":\"https:\\\/\\\/www.heim-ag.ch\\\/heizsysteme\\\/fr\\\/\",\"logo\":{\"@type\":\"ImageObject\",\"inLanguage\":\"fr-FR\",\"@id\":\"https:\\\/\\\/www.heim-ag.ch\\\/heizsysteme\\\/fr\\\/#\\\/schema\\\/logo\\\/image\\\/\",\"url\":\"https:\\\/\\\/www.heim-ag.ch\\\/heizsysteme\\\/wp-content\\\/uploads\\\/sites\\\/2\\\/2024\\\/08\\\/heim-ag-logo-organisations-logo.jpg\",\"contentUrl\":\"https:\\\/\\\/www.heim-ag.ch\\\/heizsysteme\\\/wp-content\\\/uploads\\\/sites\\\/2\\\/2024\\\/08\\\/heim-ag-logo-organisations-logo.jpg\",\"width\":696,\"height\":697,\"caption\":\"Heim AG Heizsysteme\"},\"image\":{\"@id\":\"https:\\\/\\\/www.heim-ag.ch\\\/heizsysteme\\\/fr\\\/#\\\/schema\\\/logo\\\/image\\\/\"}}]}<\/script>\n<!-- \/ Yoast SEO plugin. -->","yoast_head_json":{"title":"Gammes de produits - Heim AG Heizsysteme","description":"Tu cherches des modes d'emploi, des fiches techniques ou d'autres informations sur nos types de produits pour pompe \u00e0 chaleur ou chauffage au bois ?","robots":{"index":"index","follow":"follow","max-snippet":"max-snippet:-1","max-image-preview":"max-image-preview:large","max-video-preview":"max-video-preview:-1"},"canonical":"https:\/\/www.heim-ag.ch\/heizsysteme\/fr\/gammes-de-produits\/","og_locale":"fr_FR","og_type":"article","og_title":"Gammes de produits - Heim AG Heizsysteme","og_description":"Tu cherches des modes d'emploi, des fiches techniques ou d'autres informations sur nos types de produits pour pompe \u00e0 chaleur ou chauffage au bois ?","og_url":"https:\/\/www.heim-ag.ch\/heizsysteme\/fr\/gammes-de-produits\/","og_site_name":"Heim AG Heizsysteme","article_modified_time":"2024-11-13T13:03:31+00:00","og_image":[{"width":1200,"height":675,"url":"https:\/\/www.heim-ag.ch\/heizsysteme\/wp-content\/uploads\/sites\/2\/2024\/08\/heim-ag-logo-website-bild.jpg","type":"image\/jpeg"}],"twitter_card":"summary_large_image","twitter_misc":{"Dur\u00e9e de lecture estim\u00e9e":"2 minutes"},"schema":{"@context":"https:\/\/schema.org","@graph":[{"@type":"WebPage","@id":"https:\/\/www.heim-ag.ch\/heizsysteme\/fr\/gammes-de-produits\/","url":"https:\/\/www.heim-ag.ch\/heizsysteme\/fr\/gammes-de-produits\/","name":"Gammes de produits - Heim AG Heizsysteme","isPartOf":{"@id":"https:\/\/www.heim-ag.ch\/heizsysteme\/fr\/#website"},"datePublished":"2024-04-22T06:32:27+00:00","dateModified":"2024-11-13T13:03:31+00:00","description":"Tu cherches des modes d'emploi, des fiches techniques ou d'autres informations sur nos types de produits pour pompe \u00e0 chaleur ou chauffage au bois ?","breadcrumb":{"@id":"https:\/\/www.heim-ag.ch\/heizsysteme\/fr\/gammes-de-produits\/#breadcrumb"},"inLanguage":"fr-FR","potentialAction":[{"@type":"ReadAction","target":["https:\/\/www.heim-ag.ch\/heizsysteme\/fr\/gammes-de-produits\/"]}]},{"@type":"BreadcrumbList","@id":"https:\/\/www.heim-ag.ch\/heizsysteme\/fr\/gammes-de-produits\/#breadcrumb","itemListElement":[{"@type":"ListItem","position":1,"name":"Startseite","item":"https:\/\/www.heim-ag.ch\/heizsysteme\/fr\/"},{"@type":"ListItem","position":2,"name":"Gammes de produits"}]},{"@type":"WebSite","@id":"https:\/\/www.heim-ag.ch\/heizsysteme\/fr\/#website","url":"https:\/\/www.heim-ag.ch\/heizsysteme\/fr\/","name":"Heim AG Heizsysteme","description":"Ganzheitlicher Partner f\u00fcr Energiel\u00f6sungen: erneuerbar und lokal","publisher":{"@id":"https:\/\/www.heim-ag.ch\/heizsysteme\/fr\/#organization"},"alternateName":"Heim AG","potentialAction":[{"@type":"SearchAction","target":{"@type":"EntryPoint","urlTemplate":"https:\/\/www.heim-ag.ch\/heizsysteme\/fr\/?s={search_term_string}"},"query-input":{"@type":"PropertyValueSpecification","valueRequired":true,"valueName":"search_term_string"}}],"inLanguage":"fr-FR"},{"@type":"Organization","@id":"https:\/\/www.heim-ag.ch\/heizsysteme\/fr\/#organization","name":"Heim AG Heizsysteme","alternateName":"Heim AG","url":"https:\/\/www.heim-ag.ch\/heizsysteme\/fr\/","logo":{"@type":"ImageObject","inLanguage":"fr-FR","@id":"https:\/\/www.heim-ag.ch\/heizsysteme\/fr\/#\/schema\/logo\/image\/","url":"https:\/\/www.heim-ag.ch\/heizsysteme\/wp-content\/uploads\/sites\/2\/2024\/08\/heim-ag-logo-organisations-logo.jpg","contentUrl":"https:\/\/www.heim-ag.ch\/heizsysteme\/wp-content\/uploads\/sites\/2\/2024\/08\/heim-ag-logo-organisations-logo.jpg","width":696,"height":697,"caption":"Heim AG Heizsysteme"},"image":{"@id":"https:\/\/www.heim-ag.ch\/heizsysteme\/fr\/#\/schema\/logo\/image\/"}}]}},"_links":{"self":[{"href":"https:\/\/www.heim-ag.ch\/heizsysteme\/fr\/wp-json\/wp\/v2\/pages\/13215","targetHints":{"allow":["GET"]}}],"collection":[{"href":"https:\/\/www.heim-ag.ch\/heizsysteme\/fr\/wp-json\/wp\/v2\/pages"}],"about":[{"href":"https:\/\/www.heim-ag.ch\/heizsysteme\/fr\/wp-json\/wp\/v2\/types\/page"}],"author":[{"embeddable":true,"href":"https:\/\/www.heim-ag.ch\/heizsysteme\/fr\/wp-json\/wp\/v2\/users\/6"}],"replies":[{"embeddable":true,"href":"https:\/\/www.heim-ag.ch\/heizsysteme\/fr\/wp-json\/wp\/v2\/comments?post=13215"}],"version-history":[{"count":10,"href":"https:\/\/www.heim-ag.ch\/heizsysteme\/fr\/wp-json\/wp\/v2\/pages\/13215\/revisions"}],"predecessor-version":[{"id":14893,"href":"https:\/\/www.heim-ag.ch\/heizsysteme\/fr\/wp-json\/wp\/v2\/pages\/13215\/revisions\/14893"}],"wp:attachment":[{"href":"https:\/\/www.heim-ag.ch\/heizsysteme\/fr\/wp-json\/wp\/v2\/media?parent=13215"}],"curies":[{"name":"wp","href":"https:\/\/api.w.org\/{rel}","templated":true}]}}