{"id":13581,"date":"2024-07-04T16:52:08","date_gmt":"2024-07-04T14:52:08","guid":{"rendered":"https:\/\/www.heim-ag.ch\/heizsysteme\/brennstofflagerung\/"},"modified":"2024-10-10T10:25:22","modified_gmt":"2024-10-10T08:25:22","slug":"stockage-du-combustible","status":"publish","type":"page","link":"https:\/\/www.heim-ag.ch\/heizsysteme\/fr\/stockage-du-combustible\/","title":{"rendered":"Stockage du combustible"},"content":{"rendered":"<h1>Stockage du combustible<\/h1>\n<div>\n<p>Le stockage du combustible est un \u00e9l\u00e9ment important de ton syst\u00e8me de chauffage. Il garantit que le combustible peut \u00eatre stock\u00e9 temporairement dans la quantit\u00e9 et la qualit\u00e9 d\u00e9finies. Nous veillons \u00e0 ce que l&rsquo;introduction dans le local de stockage puisse se faire rapidement et efficacement, tout comme l&rsquo;\u00e9vacuation vers le syst\u00e8me de chauffage.<\/p>\n<p>Un local de stockage doit imp\u00e9rativement r\u00e9pondre \u00e0 diverses exigences l\u00e9gales en mati\u00e8re de classe de r\u00e9sistance au feu, de ventilation du local de stockage et d&rsquo;ouvertures de d\u00e9gagement pour les pompiers. De plus, un entrep\u00f4t de combustible doit toujours \u00eatre sec afin de prot\u00e9ger le combustible des intemp\u00e9ries.<\/p>\n<p>Le volume de l&rsquo;entrep\u00f4t et les intervalles de remplissage qui y sont li\u00e9s sont discut\u00e9s lors de l&rsquo;entretien commun, et des redondances possibles sont mises en place pour qu&rsquo;en cas de panne d&rsquo;un composant, le chauffage puisse continuer \u00e0 fonctionner.<\/p>\n<\/div>\n<p><img decoding=\"async\" src=\"\/heizsysteme\/wp-content\/uploads\/sites\/2\/2024\/07\/Schraegboeden.jpg\" alt=\"Schr\u00e4gb\u00f6den\"><\/p>\n<h3>Tablettes inclin\u00e9es<\/h3>\n<div>\n<p>Les fonds inclin\u00e9s permettent de vider uniform\u00e9ment le combustible de l&rsquo;espace de stockage. Ils sont sp\u00e9cialement con\u00e7us pour optimiser le flux de combustible et \u00e9viter les obstructions, ce qui am\u00e9liore les op\u00e9rations et r\u00e9duit l&rsquo;entretien. Ils sont utilis\u00e9s pour les combustibles qui s&rsquo;\u00e9coulent facilement, comme les pellets.<\/p>\n<p>Le fond inclin\u00e9 dirige les pellets vers la vis sans fin, mont\u00e9e au point le plus bas. Ces derniers sont ensuite transport\u00e9s vers la production de chaleur par d&rsquo;autres vis sans fin ou par des conduites d&rsquo;aspiration.<\/p>\n<\/div>\n<p><img decoding=\"async\" src=\"\/heizsysteme\/wp-content\/uploads\/sites\/2\/2024\/07\/Erdtank.jpg\" alt=\"Erdtank\"><\/p>\n<h3>R\u00e9servoir enterr\u00e9<\/h3>\n<div>\n<p>S&rsquo;il n&rsquo;y a pas de place dans le b\u00e2timent pour stocker les pellets, un r\u00e9servoir souterrain \u00e0 l&rsquo;ext\u00e9rieur du b\u00e2timent constitue une solution s\u00fbre et peu encombrante.<\/p>\n<p>Les r\u00e9servoirs souterrains sont fabriqu\u00e9s sans soudure et prot\u00e8gent le combustible des influences ext\u00e9rieures, ce qui garantit une qualit\u00e9 constante. En raison de leur situation souterraine, les r\u00e9servoirs souterrains doivent absolument \u00eatre \u00e9tanches \u00e0 l&rsquo;humidit\u00e9 et aux infiltrations d&rsquo;eau. Les r\u00e9servoirs souterrains existent en diff\u00e9rentes formes et volumes, ce qui les rend tr\u00e8s flexibles et ne prend pas de place pr\u00e9cieuse dans le b\u00e2timent. Le combustible est transport\u00e9 efficacement vers la chaudi\u00e8re au moyen d&rsquo;un syst\u00e8me d&rsquo;extraction par aspiration.<\/p>\n<p>.<\/p>\n<\/div>\n<p><img decoding=\"async\" src=\"\/heizsysteme\/wp-content\/uploads\/sites\/2\/2024\/08\/sacksilo.png\" alt=\"Sacksilo\"><\/p>\n<h3>Silos \u00e0 sacs<\/h3>\n<div>\n<p>Les silos \u00e0 sacs sont des conteneurs dot\u00e9s d&rsquo;une structure rigide \u00e0 laquelle est accroch\u00e9 un sac en tissu. Il s&rsquo;agit d&rsquo;une m\u00e9thode simple pour stocker des combustibles coulants tels que les pellets, sans devoir prendre de mesures de construction. Ils sont faciles \u00e0 installer et \u00e0 remplir. Ils offrent une capacit\u00e9 de stockage suffisante pour les maisons individuelles et les immeubles collectifs. Leur construction flexible permet de les adapter \u00e0 diff\u00e9rentes conditions spatiales en termes de dimensions et de hauteur de pi\u00e8ce.<\/p>\n<p>Les silos en tissu sont dot\u00e9s d&rsquo;un c\u00f4ne en bas, sur lequel le combustible est collect\u00e9 et transport\u00e9 vers la production de chaleur au moyen de vis sans fin ou de conduites d&rsquo;aspiration.<\/p>\n<\/div>\n<p><img decoding=\"async\" src=\"\/heizsysteme\/wp-content\/uploads\/sites\/2\/2024\/07\/Gaergasueberwachung-1.jpg\" alt=\"G\u00e4rgas\u00fcberwachung\"><\/p>\n<h3>Contr\u00f4le des gaz de fermentation<\/h3>\n<div>\n<p>Les syst\u00e8mes de surveillance des gaz de fermentation assurent la s\u00e9curit\u00e9 prescrite dans les entrep\u00f4ts de combustibles. Ils ont pour mission d&rsquo;\u00e9vacuer le dioxyde de carbone produit dans le local avant que les personnes ne puissent y p\u00e9n\u00e9trer. Ils contribuent largement \u00e0 la pr\u00e9vention des accidents et garantissent la s\u00e9curit\u00e9 du personnel d&rsquo;exploitation.<\/p>\n<\/div>\n<p><img decoding=\"async\" src=\"\/heizsysteme\/wp-content\/uploads\/sites\/2\/2024\/07\/Lagerraumbelueftung.jpg\" alt=\"Lagerraumbel\u00fcftung\"><\/p>\n<h3>Ventilation de l&rsquo;entrep\u00f4t<\/h3>\n<div>\n<p>La ventilation de l&rsquo;espace de stockage garantit une circulation optimale de l&rsquo;air, permettant \u00e0 la fois de r\u00e9duire l&rsquo;humidit\u00e9 et de pr\u00e9server la qualit\u00e9 du combustible. La ventilation contr\u00f4l\u00e9e permet d&rsquo;\u00e9viter la formation de moisissures et favorise le s\u00e9chage du combustible, ce qui augmente l&rsquo;efficacit\u00e9 de la combustion.<\/p>\n<p>D&rsquo;autre part, les gaz de fermentation produits sont \u00e9vacu\u00e9s vers l&rsquo;ext\u00e9rieur par la ventilation de l&rsquo;espace de stockage, ce qui favorise la surveillance de ces gaz.<\/p>\n<\/div>\n<h2>En tant que partenaire global, nous sommes \u00e0 ta disposition pour r\u00e9pondre \u00e0 toutes tes questions sur l&rsquo;\u00e9nergie du bois.<\/h2>\n<p>\n    <a href=\"\/heizsysteme\/fr\/contact\/\">Contacte-nous sans engagement<\/a>\n<\/p>\n<p><!--more--><br \/>\n<!-- {\"type\":\"layout\",\"children\":[{\"type\":\"section\",\"props\":{\"image_position\":\"center-center\",\"overlap\":false,\"padding_remove_bottom\":false,\"padding_remove_top\":false,\"preserve_color\":false,\"style\":\"muted\",\"title_breakpoint\":\"xl\",\"title_position\":\"top-left\",\"title_rotation\":\"left\",\"vertical_align\":\"middle\",\"width\":\"default\"},\"children\":[{\"type\":\"row\",\"children\":[{\"type\":\"column\",\"props\":{\"image_position\":\"center-center\",\"position_sticky_breakpoint\":\"m\"},\"children\":[{\"type\":\"subnav\",\"props\":{\"subnav_style\":\"pill\"},\"children\":[{\"type\":\"subnav_item\",\"props\":{\"content\":\"Schr\\u00e4gb\\u00f6den\",\"link\":\"#\"}},{\"type\":\"subnav_item\",\"props\":{\"content\":\"Erdtank\",\"link\":\"#\"}},{\"type\":\"subnav_item\",\"props\":{\"content\":\"Sacksilos\",\"link\":\"#\"}},{\"type\":\"subnav_item\",\"props\":{\"content\":\"G\\u00e4rgas\\u00fcberwachung\",\"link\":\"#\"}},{\"type\":\"subnav_item\",\"props\":{\"content\":\"Lagerraumbel\\u00fcftung \",\"link\":\"#\"}}]}]}],\"props\":{\"status\":\"disabled\"}}],\"name\":\"Subnav Holz\"},{\"type\":\"section\",\"props\":{\"image_position\":\"center-center\",\"padding_remove_bottom\":false,\"style\":\"default\",\"title_breakpoint\":\"xl\",\"title_position\":\"top-left\",\"title_rotation\":\"left\",\"vertical_align\":\"middle\",\"width\":\"default\"},\"children\":[{\"type\":\"row\",\"props\":{\"layout\":\"1-2,1-2\"},\"children\":[{\"type\":\"column\",\"props\":{\"image_position\":\"center-center\",\"position_sticky_breakpoint\":\"m\",\"width_medium\":\"1-2\"},\"children\":[{\"type\":\"headline\",\"props\":{\"content\":\"Stockage du combustible\",\"title_color\":\"primary\",\"title_element\":\"h1\",\"title_style\":\"h1\"}},{\"type\":\"text\",\"props\":{\"column_breakpoint\":\"m\",\"content\":\"\n\n<p>Le stockage du combustible est un \\u00e9l\\u00e9ment important de ton syst\\u00e8me de chauffage. Il garantit que le combustible peut \\u00eatre stock\\u00e9 temporairement dans la quantit\\u00e9 et la qualit\\u00e9 d\\u00e9finies. Nous veillons \\u00e0 ce que l'introduction dans le local de stockage puisse se faire rapidement et efficacement, tout comme l'\\u00e9vacuation vers le syst\\u00e8me de chauffage.<\\\/p>\\n\n\n<p>Un local de stockage doit imp\\u00e9rativement r\\u00e9pondre \\u00e0 diverses exigences l\\u00e9gales en mati\\u00e8re de classe de r\\u00e9sistance au feu, de ventilation du local de stockage et d'ouvertures de d\\u00e9gagement pour les pompiers. De plus, un entrep\\u00f4t de combustible doit toujours \\u00eatre sec afin de prot\\u00e9ger le combustible des intemp\\u00e9ries.<\\\/p>\\n\n\n<p>Le volume de l'entrep\\u00f4t et les intervalles de remplissage qui y sont li\\u00e9s sont discut\\u00e9s lors de l'entretien commun, et des redondances possibles sont mises en place pour qu'en cas de panne d'un composant, le chauffage puisse continuer \\u00e0 fonctionner.<\\\/p>\",\"margin\":\"default\"}}]},{\"type\":\"column\",\"props\":{\"image_position\":\"center-center\",\"position_sticky_breakpoint\":\"m\",\"width_medium\":\"1-2\"}}]}],\"name\":\"Einleitungsbereich Produkte\"},{\"type\":\"section\",\"props\":{\"image_position\":\"center-center\",\"style\":\"default\",\"title_breakpoint\":\"xl\",\"title_position\":\"top-left\",\"title_rotation\":\"left\",\"vertical_align\":\"middle\",\"width\":\"default\"},\"children\":[{\"type\":\"row\",\"props\":{\"layout\":\"1-3,1-3,1-3\"},\"children\":[{\"type\":\"column\",\"props\":{\"image_position\":\"center-center\",\"position_sticky_breakpoint\":\"m\",\"width_medium\":\"1-3\"},\"children\":[{\"type\":\"image\",\"props\":{\"image\":\"wp-content\\\/uploads\\\/sites\\\/2\\\/2024\\\/07\\\/Schraegboeden.jpg\",\"image_alt\":\"Schr\\u00e4gb\\u00f6den\",\"image_svg_color\":\"emphasis\",\"margin\":\"default\"}},{\"type\":\"headline\",\"props\":{\"content\":\"Tablettes inclin\\u00e9es\",\"title_element\":\"h3\",\"title_style\":\"h3\"}},{\"type\":\"text\",\"props\":{\"column_breakpoint\":\"m\",\"content\":\"\n\n<p>Les fonds inclin\\u00e9s permettent de vider uniform\\u00e9ment le combustible de l'espace de stockage. Ils sont sp\\u00e9cialement con\\u00e7us pour optimiser le flux de combustible et \\u00e9viter les obstructions, ce qui am\\u00e9liore les op\\u00e9rations et r\\u00e9duit l'entretien. Ils sont utilis\\u00e9s pour les combustibles qui s'\\u00e9coulent facilement, comme les pellets.<\\\/p>\\n\n\n<p>Le fond inclin\\u00e9 dirige les pellets vers la vis sans fin, mont\\u00e9e au point le plus bas. Ces derniers sont ensuite transport\\u00e9s vers la production de chaleur par d'autres vis sans fin ou par des conduites d'aspiration.<\\\/p>\",\"margin\":\"default\"}}]},{\"type\":\"column\",\"props\":{\"image_position\":\"center-center\",\"position_sticky_breakpoint\":\"m\",\"width_medium\":\"1-3\"},\"children\":[{\"type\":\"image\",\"props\":{\"image\":\"wp-content\\\/uploads\\\/sites\\\/2\\\/2024\\\/07\\\/Erdtank.jpg\",\"image_alt\":\"Erdtank\",\"image_svg_color\":\"emphasis\",\"margin\":\"default\"}},{\"type\":\"headline\",\"props\":{\"content\":\"R\\u00e9servoir enterr\\u00e9\",\"title_element\":\"h3\",\"title_style\":\"h3\"}},{\"type\":\"text\",\"props\":{\"column_breakpoint\":\"m\",\"content\":\"\n\n<p>S'il n'y a pas de place dans le b\\u00e2timent pour stocker les pellets, un r\\u00e9servoir souterrain \\u00e0 l'ext\\u00e9rieur du b\\u00e2timent constitue une solution s\\u00fbre et peu encombrante.<\\\/p>\\n\n\n<p>Les r\\u00e9servoirs souterrains sont fabriqu\\u00e9s sans soudure et prot\\u00e8gent le combustible des influences ext\\u00e9rieures, ce qui garantit une qualit\\u00e9 constante. En raison de leur situation souterraine, les r\\u00e9servoirs souterrains doivent absolument \\u00eatre \\u00e9tanches \\u00e0 l'humidit\\u00e9 et aux infiltrations d'eau. Les r\\u00e9servoirs souterrains existent en diff\\u00e9rentes formes et volumes, ce qui les rend tr\\u00e8s flexibles et ne prend pas de place pr\\u00e9cieuse dans le b\\u00e2timent. Le combustible est transport\\u00e9 efficacement vers la chaudi\\u00e8re au moyen d'un syst\\u00e8me d'extraction par aspiration.<\\\/p>\\n\n\n<p>.<\\\/p>\",\"margin\":\"default\"}}]},{\"type\":\"column\",\"props\":{\"image_position\":\"center-center\",\"position_sticky_breakpoint\":\"m\",\"width_medium\":\"1-3\"},\"children\":[{\"type\":\"image\",\"props\":{\"image\":\"wp-content\\\/uploads\\\/sites\\\/2\\\/2024\\\/08\\\/sacksilo.png\",\"image_alt\":\"Sacksilo\",\"image_svg_color\":\"emphasis\",\"margin\":\"default\"}},{\"type\":\"headline\",\"props\":{\"content\":\"Silos \\u00e0 sacs\",\"title_element\":\"h3\",\"title_style\":\"h3\"}},{\"type\":\"text\",\"props\":{\"column_breakpoint\":\"m\",\"content\":\"\n\n<p>Les silos \\u00e0 sacs sont des conteneurs dot\\u00e9s d'une structure rigide \\u00e0 laquelle est accroch\\u00e9 un sac en tissu. Il s'agit d'une m\\u00e9thode simple pour stocker des combustibles coulants tels que les pellets, sans devoir prendre de mesures de construction. Ils sont faciles \\u00e0 installer et \\u00e0 remplir. Ils offrent une capacit\\u00e9 de stockage suffisante pour les maisons individuelles et les immeubles collectifs. Leur construction flexible permet de les adapter \\u00e0 diff\\u00e9rentes conditions spatiales en termes de dimensions et de hauteur de pi\\u00e8ce.<\\\/p>\\n\n\n<p>Les silos en tissu sont dot\\u00e9s d'un c\\u00f4ne en bas, sur lequel le combustible est collect\\u00e9 et transport\\u00e9 vers la production de chaleur au moyen de vis sans fin ou de conduites d'aspiration.<\\\/p>\",\"margin\":\"default\"}}]}]}]},{\"type\":\"section\",\"props\":{\"image_position\":\"center-center\",\"style\":\"default\",\"title_breakpoint\":\"xl\",\"title_position\":\"top-left\",\"title_rotation\":\"left\",\"vertical_align\":\"middle\",\"width\":\"default\"},\"children\":[{\"type\":\"row\",\"props\":{\"layout\":\"1-3,1-3,1-3\"},\"children\":[{\"type\":\"column\",\"props\":{\"image_position\":\"center-center\",\"position_sticky_breakpoint\":\"m\",\"width_medium\":\"1-3\"},\"children\":[{\"type\":\"image\",\"props\":{\"image\":\"wp-content\\\/uploads\\\/sites\\\/2\\\/2024\\\/07\\\/Gaergasueberwachung-1.jpg\",\"image_alt\":\"G\\u00e4rgas\\u00fcberwachung\",\"image_svg_color\":\"emphasis\",\"margin\":\"default\"}},{\"type\":\"headline\",\"props\":{\"content\":\"Contr\\u00f4le des gaz de fermentation\",\"title_element\":\"h3\",\"title_style\":\"h3\"}},{\"type\":\"text\",\"props\":{\"column_breakpoint\":\"m\",\"content\":\"\n\n<p>Les syst\\u00e8mes de surveillance des gaz de fermentation assurent la s\\u00e9curit\\u00e9 prescrite dans les entrep\\u00f4ts de combustibles. Ils ont pour mission d'\\u00e9vacuer le dioxyde de carbone produit dans le local avant que les personnes ne puissent y p\\u00e9n\\u00e9trer. Ils contribuent largement \\u00e0 la pr\\u00e9vention des accidents et garantissent la s\\u00e9curit\\u00e9 du personnel d'exploitation.<\\\/p>\",\"margin\":\"default\"}}]},{\"type\":\"column\",\"props\":{\"image_position\":\"center-center\",\"position_sticky_breakpoint\":\"m\",\"width_medium\":\"1-3\"},\"children\":[{\"type\":\"image\",\"props\":{\"image\":\"wp-content\\\/uploads\\\/sites\\\/2\\\/2024\\\/07\\\/Lagerraumbelueftung.jpg\",\"image_alt\":\"Lagerraumbel\\u00fcftung\",\"image_svg_color\":\"emphasis\",\"margin\":\"default\"}},{\"type\":\"headline\",\"props\":{\"content\":\"Ventilation de l'entrep\\u00f4t\",\"title_element\":\"h3\",\"title_style\":\"h3\"}},{\"type\":\"text\",\"props\":{\"column_breakpoint\":\"m\",\"content\":\"\n\n<p>La ventilation de l'espace de stockage garantit une circulation optimale de l'air, permettant \\u00e0 la fois de r\\u00e9duire l'humidit\\u00e9 et de pr\\u00e9server la qualit\\u00e9 du combustible. La ventilation contr\\u00f4l\\u00e9e permet d'\\u00e9viter la formation de moisissures et favorise le s\\u00e9chage du combustible, ce qui augmente l'efficacit\\u00e9 de la combustion.<\\\/p>\\n\n\n<p>D'autre part, les gaz de fermentation produits sont \\u00e9vacu\\u00e9s vers l'ext\\u00e9rieur par la ventilation de l'espace de stockage, ce qui favorise la surveillance de ces gaz.<\\\/p>\",\"margin\":\"default\"}}]},{\"type\":\"column\",\"props\":{\"image_position\":\"center-center\",\"position_sticky_breakpoint\":\"m\",\"width_medium\":\"1-3\"}}]}]},{\"type\":\"section\",\"props\":{\"image_position\":\"center-center\",\"padding_remove_top\":false,\"style\":\"muted\",\"title_breakpoint\":\"xl\",\"title_position\":\"top-left\",\"title_rotation\":\"left\",\"vertical_align\":\"middle\",\"width\":\"default\"},\"children\":[{\"type\":\"row\",\"children\":[{\"type\":\"column\",\"props\":{\"image_position\":\"center-center\",\"position_sticky_breakpoint\":\"m\"},\"children\":[{\"type\":\"headline\",\"props\":{\"content\":\"En tant que partenaire global, nous sommes \\u00e0 ta disposition pour r\\u00e9pondre \\u00e0 toutes tes questions sur l'\\u00e9nergie du bois.\",\"text_align\":\"center\",\"title_element\":\"h2\",\"title_style\":\"h2\"}},{\"type\":\"button\",\"props\":{\"grid_column_gap\":\"small\",\"grid_row_gap\":\"small\",\"margin\":\"default\",\"text_align\":\"center\"},\"children\":[{\"type\":\"button_item\",\"props\":{\"button_style\":\"default\",\"content\":\"Contacte-nous sans engagement\",\"icon_align\":\"left\",\"link\":\"fr\\\/contact\\\/\"}}]}]}]}]}],\"version\":\"4.4.8\"} --><\/p>\n","protected":false},"excerpt":{"rendered":"<p>Stockage du combustible Le stockage du combustible est un \u00e9l\u00e9ment important de ton syst\u00e8me de chauffage. Il garantit que le combustible peut \u00eatre stock\u00e9 temporairement dans la quantit\u00e9 et la qualit\u00e9 d\u00e9finies. Nous veillons \u00e0 ce que l&rsquo;introduction dans le local de stockage puisse se faire rapidement et efficacement, tout comme l&rsquo;\u00e9vacuation vers le syst\u00e8me [&hellip;]<\/p>\n","protected":false},"author":6,"featured_media":0,"parent":0,"menu_order":2,"comment_status":"closed","ping_status":"closed","template":"","meta":{"_acf_changed":false,"footnotes":""},"class_list":["post-13581","page","type-page","status-publish","hentry"],"acf":[],"yoast_head":"<!-- This site is optimized with the Yoast SEO plugin v27.5 - https:\/\/yoast.com\/product\/yoast-seo-wordpress\/ -->\n<title>Stockage du combustible - Heim AG Heizsysteme<\/title>\n<meta name=\"description\" content=\"Le stockage du combustible est un \u00e9l\u00e9ment important de ton syst\u00e8me de chauffage.\" \/>\n<meta name=\"robots\" content=\"index, follow, max-snippet:-1, max-image-preview:large, max-video-preview:-1\" \/>\n<link rel=\"canonical\" href=\"https:\/\/www.heim-ag.ch\/heizsysteme\/fr\/stockage-du-combustible\/\" \/>\n<meta property=\"og:locale\" content=\"fr_FR\" \/>\n<meta property=\"og:type\" content=\"article\" \/>\n<meta property=\"og:title\" content=\"Stockage du combustible - Heim AG Heizsysteme\" \/>\n<meta property=\"og:description\" content=\"Le stockage du combustible est un \u00e9l\u00e9ment important de ton syst\u00e8me de chauffage.\" \/>\n<meta property=\"og:url\" content=\"https:\/\/www.heim-ag.ch\/heizsysteme\/fr\/stockage-du-combustible\/\" \/>\n<meta property=\"og:site_name\" content=\"Heim AG Heizsysteme\" \/>\n<meta property=\"article:modified_time\" content=\"2024-10-10T08:25:22+00:00\" \/>\n<meta property=\"og:image\" content=\"https:\/\/www.heim-ag.ch\/heizsysteme\/wp-content\/uploads\/sites\/2\/2024\/08\/heim-ag-logo-website-bild.jpg\" \/>\n\t<meta property=\"og:image:width\" content=\"1200\" \/>\n\t<meta property=\"og:image:height\" content=\"675\" \/>\n\t<meta property=\"og:image:type\" content=\"image\/jpeg\" \/>\n<meta name=\"twitter:card\" content=\"summary_large_image\" \/>\n<meta name=\"twitter:label1\" content=\"Dur\u00e9e de lecture estim\u00e9e\" \/>\n\t<meta name=\"twitter:data1\" content=\"4 minutes\" \/>\n<script type=\"application\/ld+json\" class=\"yoast-schema-graph\">{\"@context\":\"https:\\\/\\\/schema.org\",\"@graph\":[{\"@type\":\"WebPage\",\"@id\":\"https:\\\/\\\/www.heim-ag.ch\\\/heizsysteme\\\/fr\\\/stockage-du-combustible\\\/\",\"url\":\"https:\\\/\\\/www.heim-ag.ch\\\/heizsysteme\\\/fr\\\/stockage-du-combustible\\\/\",\"name\":\"Stockage du combustible - Heim AG Heizsysteme\",\"isPartOf\":{\"@id\":\"https:\\\/\\\/www.heim-ag.ch\\\/heizsysteme\\\/fr\\\/#website\"},\"datePublished\":\"2024-07-04T14:52:08+00:00\",\"dateModified\":\"2024-10-10T08:25:22+00:00\",\"description\":\"Le stockage du combustible est un \u00e9l\u00e9ment important de ton syst\u00e8me de chauffage.\",\"breadcrumb\":{\"@id\":\"https:\\\/\\\/www.heim-ag.ch\\\/heizsysteme\\\/fr\\\/stockage-du-combustible\\\/#breadcrumb\"},\"inLanguage\":\"fr-FR\",\"potentialAction\":[{\"@type\":\"ReadAction\",\"target\":[\"https:\\\/\\\/www.heim-ag.ch\\\/heizsysteme\\\/fr\\\/stockage-du-combustible\\\/\"]}]},{\"@type\":\"BreadcrumbList\",\"@id\":\"https:\\\/\\\/www.heim-ag.ch\\\/heizsysteme\\\/fr\\\/stockage-du-combustible\\\/#breadcrumb\",\"itemListElement\":[{\"@type\":\"ListItem\",\"position\":1,\"name\":\"Startseite\",\"item\":\"https:\\\/\\\/www.heim-ag.ch\\\/heizsysteme\\\/fr\\\/\"},{\"@type\":\"ListItem\",\"position\":2,\"name\":\"Stockage du combustible\"}]},{\"@type\":\"WebSite\",\"@id\":\"https:\\\/\\\/www.heim-ag.ch\\\/heizsysteme\\\/fr\\\/#website\",\"url\":\"https:\\\/\\\/www.heim-ag.ch\\\/heizsysteme\\\/fr\\\/\",\"name\":\"Heim AG Heizsysteme\",\"description\":\"Ganzheitlicher Partner f\u00fcr Energiel\u00f6sungen: erneuerbar und lokal\",\"publisher\":{\"@id\":\"https:\\\/\\\/www.heim-ag.ch\\\/heizsysteme\\\/fr\\\/#organization\"},\"alternateName\":\"Heim AG\",\"potentialAction\":[{\"@type\":\"SearchAction\",\"target\":{\"@type\":\"EntryPoint\",\"urlTemplate\":\"https:\\\/\\\/www.heim-ag.ch\\\/heizsysteme\\\/fr\\\/?s={search_term_string}\"},\"query-input\":{\"@type\":\"PropertyValueSpecification\",\"valueRequired\":true,\"valueName\":\"search_term_string\"}}],\"inLanguage\":\"fr-FR\"},{\"@type\":\"Organization\",\"@id\":\"https:\\\/\\\/www.heim-ag.ch\\\/heizsysteme\\\/fr\\\/#organization\",\"name\":\"Heim AG Heizsysteme\",\"alternateName\":\"Heim AG\",\"url\":\"https:\\\/\\\/www.heim-ag.ch\\\/heizsysteme\\\/fr\\\/\",\"logo\":{\"@type\":\"ImageObject\",\"inLanguage\":\"fr-FR\",\"@id\":\"https:\\\/\\\/www.heim-ag.ch\\\/heizsysteme\\\/fr\\\/#\\\/schema\\\/logo\\\/image\\\/\",\"url\":\"https:\\\/\\\/www.heim-ag.ch\\\/heizsysteme\\\/wp-content\\\/uploads\\\/sites\\\/2\\\/2024\\\/08\\\/heim-ag-logo-organisations-logo.jpg\",\"contentUrl\":\"https:\\\/\\\/www.heim-ag.ch\\\/heizsysteme\\\/wp-content\\\/uploads\\\/sites\\\/2\\\/2024\\\/08\\\/heim-ag-logo-organisations-logo.jpg\",\"width\":696,\"height\":697,\"caption\":\"Heim AG Heizsysteme\"},\"image\":{\"@id\":\"https:\\\/\\\/www.heim-ag.ch\\\/heizsysteme\\\/fr\\\/#\\\/schema\\\/logo\\\/image\\\/\"}}]}<\/script>\n<!-- \/ Yoast SEO plugin. -->","yoast_head_json":{"title":"Stockage du combustible - Heim AG Heizsysteme","description":"Le stockage du combustible est un \u00e9l\u00e9ment important de ton syst\u00e8me de chauffage.","robots":{"index":"index","follow":"follow","max-snippet":"max-snippet:-1","max-image-preview":"max-image-preview:large","max-video-preview":"max-video-preview:-1"},"canonical":"https:\/\/www.heim-ag.ch\/heizsysteme\/fr\/stockage-du-combustible\/","og_locale":"fr_FR","og_type":"article","og_title":"Stockage du combustible - Heim AG Heizsysteme","og_description":"Le stockage du combustible est un \u00e9l\u00e9ment important de ton syst\u00e8me de chauffage.","og_url":"https:\/\/www.heim-ag.ch\/heizsysteme\/fr\/stockage-du-combustible\/","og_site_name":"Heim AG Heizsysteme","article_modified_time":"2024-10-10T08:25:22+00:00","og_image":[{"width":1200,"height":675,"url":"https:\/\/www.heim-ag.ch\/heizsysteme\/wp-content\/uploads\/sites\/2\/2024\/08\/heim-ag-logo-website-bild.jpg","type":"image\/jpeg"}],"twitter_card":"summary_large_image","twitter_misc":{"Dur\u00e9e de lecture estim\u00e9e":"4 minutes"},"schema":{"@context":"https:\/\/schema.org","@graph":[{"@type":"WebPage","@id":"https:\/\/www.heim-ag.ch\/heizsysteme\/fr\/stockage-du-combustible\/","url":"https:\/\/www.heim-ag.ch\/heizsysteme\/fr\/stockage-du-combustible\/","name":"Stockage du combustible - Heim AG Heizsysteme","isPartOf":{"@id":"https:\/\/www.heim-ag.ch\/heizsysteme\/fr\/#website"},"datePublished":"2024-07-04T14:52:08+00:00","dateModified":"2024-10-10T08:25:22+00:00","description":"Le stockage du combustible est un \u00e9l\u00e9ment important de ton syst\u00e8me de chauffage.","breadcrumb":{"@id":"https:\/\/www.heim-ag.ch\/heizsysteme\/fr\/stockage-du-combustible\/#breadcrumb"},"inLanguage":"fr-FR","potentialAction":[{"@type":"ReadAction","target":["https:\/\/www.heim-ag.ch\/heizsysteme\/fr\/stockage-du-combustible\/"]}]},{"@type":"BreadcrumbList","@id":"https:\/\/www.heim-ag.ch\/heizsysteme\/fr\/stockage-du-combustible\/#breadcrumb","itemListElement":[{"@type":"ListItem","position":1,"name":"Startseite","item":"https:\/\/www.heim-ag.ch\/heizsysteme\/fr\/"},{"@type":"ListItem","position":2,"name":"Stockage du combustible"}]},{"@type":"WebSite","@id":"https:\/\/www.heim-ag.ch\/heizsysteme\/fr\/#website","url":"https:\/\/www.heim-ag.ch\/heizsysteme\/fr\/","name":"Heim AG Heizsysteme","description":"Ganzheitlicher Partner f\u00fcr Energiel\u00f6sungen: erneuerbar und lokal","publisher":{"@id":"https:\/\/www.heim-ag.ch\/heizsysteme\/fr\/#organization"},"alternateName":"Heim AG","potentialAction":[{"@type":"SearchAction","target":{"@type":"EntryPoint","urlTemplate":"https:\/\/www.heim-ag.ch\/heizsysteme\/fr\/?s={search_term_string}"},"query-input":{"@type":"PropertyValueSpecification","valueRequired":true,"valueName":"search_term_string"}}],"inLanguage":"fr-FR"},{"@type":"Organization","@id":"https:\/\/www.heim-ag.ch\/heizsysteme\/fr\/#organization","name":"Heim AG Heizsysteme","alternateName":"Heim AG","url":"https:\/\/www.heim-ag.ch\/heizsysteme\/fr\/","logo":{"@type":"ImageObject","inLanguage":"fr-FR","@id":"https:\/\/www.heim-ag.ch\/heizsysteme\/fr\/#\/schema\/logo\/image\/","url":"https:\/\/www.heim-ag.ch\/heizsysteme\/wp-content\/uploads\/sites\/2\/2024\/08\/heim-ag-logo-organisations-logo.jpg","contentUrl":"https:\/\/www.heim-ag.ch\/heizsysteme\/wp-content\/uploads\/sites\/2\/2024\/08\/heim-ag-logo-organisations-logo.jpg","width":696,"height":697,"caption":"Heim AG Heizsysteme"},"image":{"@id":"https:\/\/www.heim-ag.ch\/heizsysteme\/fr\/#\/schema\/logo\/image\/"}}]}},"_links":{"self":[{"href":"https:\/\/www.heim-ag.ch\/heizsysteme\/fr\/wp-json\/wp\/v2\/pages\/13581","targetHints":{"allow":["GET"]}}],"collection":[{"href":"https:\/\/www.heim-ag.ch\/heizsysteme\/fr\/wp-json\/wp\/v2\/pages"}],"about":[{"href":"https:\/\/www.heim-ag.ch\/heizsysteme\/fr\/wp-json\/wp\/v2\/types\/page"}],"author":[{"embeddable":true,"href":"https:\/\/www.heim-ag.ch\/heizsysteme\/fr\/wp-json\/wp\/v2\/users\/6"}],"replies":[{"embeddable":true,"href":"https:\/\/www.heim-ag.ch\/heizsysteme\/fr\/wp-json\/wp\/v2\/comments?post=13581"}],"version-history":[{"count":8,"href":"https:\/\/www.heim-ag.ch\/heizsysteme\/fr\/wp-json\/wp\/v2\/pages\/13581\/revisions"}],"predecessor-version":[{"id":13589,"href":"https:\/\/www.heim-ag.ch\/heizsysteme\/fr\/wp-json\/wp\/v2\/pages\/13581\/revisions\/13589"}],"wp:attachment":[{"href":"https:\/\/www.heim-ag.ch\/heizsysteme\/fr\/wp-json\/wp\/v2\/media?parent=13581"}],"curies":[{"name":"wp","href":"https:\/\/api.w.org\/{rel}","templated":true}]}}