{"id":13609,"date":"2024-06-13T16:08:38","date_gmt":"2024-06-13T14:08:38","guid":{"rendered":"https:\/\/www.heim-ag.ch\/heizsysteme\/gammes-de-produits\/heim-waermepumpen\/"},"modified":"2025-04-07T16:26:30","modified_gmt":"2025-04-07T14:26:30","slug":"pompes-a-chaleur-de-heim","status":"publish","type":"page","link":"https:\/\/www.heim-ag.ch\/heizsysteme\/fr\/gammes-de-produits\/pompes-a-chaleur-de-heim\/","title":{"rendered":"Pompes \u00e0 chaleur de Heim"},"content":{"rendered":"<h2>Notre force<\/h2>\n<h1>Nos propres pompes \u00e0 chaleur<\/h1>\n<div>\n<p>Notre \u00e9quipe de d\u00e9veloppement, orient\u00e9e vers les solutions, invente sans cesse de nouvelles recettes secr\u00e8tes pour susciter l&rsquo;enthousiasme sur le march\u00e9 avec des pompes \u00e0 chaleur et des syst\u00e8mes complets tourn\u00e9s vers l&rsquo;avenir.<\/p>\n<\/div>\n<p><img decoding=\"async\" src=\"\/heizsysteme\/wp-content\/uploads\/sites\/2\/2024\/06\/swiss-made-1.jpg\" alt=\"Swiss Made, Schweizer Produktion\"><\/p>\n<div>\n<h3>Production suisse<\/h3>\n<div>\n<p>Propre d\u00e9partement de d\u00e9veloppement et de production chez nous, au si\u00e8ge principal \u00e0 Aadorf<\/p>\n<\/div>\n<\/div>\n<div>\n<h3>Qualit\u00e9,<br \/> flexibilit\u00e9<\/h3>\n<div>\n<p>Nous garantissons les normes de qualit\u00e9 les plus \u00e9lev\u00e9es et une adaptabilit\u00e9 maximale<\/p>\n<\/div>\n<\/div>\n<div>\n<h3>Orient\u00e9 vers les solutions<\/h3>\n<div>\n<p>Les solutions sur mesure et individuelles sont notre force<\/p>\n<\/div>\n<\/div>\n<p><img decoding=\"async\" src=\"\/heizsysteme\/wp-content\/uploads\/sites\/2\/2024\/07\/unsere-heim-waermepumpen-neu_Zeichenflaeche-1-Kopie-2.png\" alt=\"\"><\/p>\n<h2>Aper\u00e7u des produits<\/h2>\n<div>\n<\/div>\n<ul>\n<li>\n<p>        <img decoding=\"async\" src=\"\/heizsysteme\/wp-content\/uploads\/sites\/2\/2024\/08\/waermepumpenmanufaktur-heim-ag-1.jpg\" alt=\"Produktion Heim AG\"><\/p>\n<\/li>\n<li>\n<p>        <img decoding=\"async\" src=\"\/heizsysteme\/wp-content\/uploads\/sites\/2\/2024\/05\/kaeltesystemmonteur-lehrstelle-heimag.jpg\" alt=\"\"><\/p>\n<\/li>\n<li>\n<p>        <img decoding=\"async\" src=\"\/heizsysteme\/wp-content\/uploads\/sites\/2\/2024\/05\/IMG_6390.jpg\" alt=\"Pr\u00fcfstand Produktion Heim AG\"><\/p>\n<\/li>\n<li>\n<p>        <img decoding=\"async\" src=\"\/heizsysteme\/wp-content\/uploads\/sites\/2\/2024\/05\/automatik-monteur-lehrstelle-heimag.jpg\" alt=\"\"><\/p>\n<\/li>\n<li>\n<p>        <img decoding=\"async\" src=\"\/heizsysteme\/wp-content\/uploads\/sites\/2\/2024\/06\/wasser-wasser-waermepumpe.jpg\" alt=\"Wasser-Wasser-W\u00e4rmepumpe\"><\/p>\n<\/li>\n<\/ul>\n<p><!--more--><br \/>\n<!-- {\"type\":\"layout\",\"children\":[{\"type\":\"section\",\"props\":{\"image_position\":\"center-center\",\"padding_remove_top\":false,\"style\":\"default\",\"title_breakpoint\":\"xl\",\"title_position\":\"top-left\",\"title_rotation\":\"left\",\"vertical_align\":\"middle\",\"width\":\"default\"},\"children\":[{\"type\":\"row\",\"props\":{\"layout\":\"1-2,1-2\"},\"children\":[{\"type\":\"column\",\"props\":{\"image_position\":\"center-center\",\"position_sticky_breakpoint\":\"m\",\"width_medium\":\"1-2\"},\"children\":[{\"type\":\"headline\",\"props\":{\"content\":\"Notre force\",\"margin_remove_bottom\":true,\"title_color\":\"primary\",\"title_element\":\"h2\",\"title_style\":\"h4\"}},{\"type\":\"headline\",\"props\":{\"content\":\"Nos propres pompes \\u00e0 chaleur\",\"margin_remove_top\":true,\"title_element\":\"h1\",\"title_style\":\"h1\"}},{\"type\":\"text\",\"props\":{\"column_breakpoint\":\"m\",\"content\":\"\n\n<p>Notre \\u00e9quipe de d\\u00e9veloppement, orient\\u00e9e vers les solutions, invente sans cesse de nouvelles recettes secr\\u00e8tes pour susciter l'enthousiasme sur le march\\u00e9 avec des pompes \\u00e0 chaleur et des syst\\u00e8mes complets tourn\\u00e9s vers l'avenir.<\\\/p>\",\"margin\":\"default\"}},{\"type\":\"image\",\"props\":{\"image\":\"wp-content\\\/uploads\\\/sites\\\/2\\\/2024\\\/06\\\/swiss-made-1.jpg\",\"image_alt\":\"Swiss Made, Schweizer Produktion\",\"image_svg_color\":\"emphasis\",\"image_width\":250,\"margin\":\"default\"}},{\"type\":\"fragment\",\"props\":{\"margin\":\"default\"},\"children\":[{\"type\":\"row\",\"props\":{\"layout\":\"1-3,1-3,1-3\"},\"children\":[{\"type\":\"column\",\"props\":{\"image_position\":\"center-center\",\"padding\":\"small\",\"position_sticky_breakpoint\":\"m\",\"style\":\"card-primary\",\"width_medium\":\"1-3\"},\"children\":[{\"type\":\"panel\",\"props\":{\"content\":\"\n\n<p>Propre d\\u00e9partement de d\\u00e9veloppement et de production chez nous, au si\\u00e8ge principal \\u00e0 Aadorf<\\\/p>\",\"content_column_breakpoint\":\"m\",\"icon_width\":80,\"image_align\":\"top\",\"image_grid_breakpoint\":\"m\",\"image_grid_width\":\"1-2\",\"image_svg_color\":\"emphasis\",\"link_style\":\"default\",\"link_text\":\"Read more\",\"margin\":\"default\",\"meta\":\"\",\"meta_align\":\"below-title\",\"meta_element\":\"div\",\"meta_style\":\"text-meta\",\"title\":\"Production suisse\",\"title_align\":\"top\",\"title_element\":\"h3\",\"title_grid_breakpoint\":\"m\",\"title_grid_width\":\"1-2\",\"title_hover_style\":\"reset\"},\"name\":\"Panel-Vorteile\"}]},{\"type\":\"column\",\"props\":{\"image_position\":\"center-center\",\"padding\":\"small\",\"position_sticky_breakpoint\":\"m\",\"style\":\"card-primary\",\"width_medium\":\"1-3\"},\"children\":[{\"type\":\"panel\",\"props\":{\"content\":\"\n\n<p>Nous garantissons les normes de qualit\\u00e9 les plus \\u00e9lev\\u00e9es et une adaptabilit\\u00e9 maximale<\\\/p>\",\"content_column_breakpoint\":\"m\",\"icon_width\":80,\"image_align\":\"top\",\"image_grid_breakpoint\":\"m\",\"image_grid_width\":\"1-2\",\"image_svg_color\":\"emphasis\",\"link_style\":\"default\",\"link_text\":\"Read more\",\"margin\":\"default\",\"meta\":\"\",\"meta_align\":\"below-title\",\"meta_element\":\"div\",\"meta_style\":\"text-meta\",\"title\":\"Qualit\\u00e9,<br \/> flexibilit\\u00e9\",\"title_align\":\"top\",\"title_element\":\"h3\",\"title_grid_breakpoint\":\"m\",\"title_grid_width\":\"1-2\",\"title_hover_style\":\"reset\"},\"name\":\"Panel-Vorteile\"}]},{\"type\":\"column\",\"props\":{\"image_position\":\"center-center\",\"padding\":\"small\",\"position_sticky_breakpoint\":\"m\",\"style\":\"card-primary\",\"width_medium\":\"1-3\"},\"children\":[{\"type\":\"panel\",\"props\":{\"content\":\"\n\n<p>Les solutions sur mesure et individuelles sont notre force<\\\/p>\",\"content_column_breakpoint\":\"m\",\"icon_width\":80,\"image_align\":\"top\",\"image_grid_breakpoint\":\"m\",\"image_grid_width\":\"1-2\",\"image_svg_color\":\"emphasis\",\"link_style\":\"default\",\"link_text\":\"Read more\",\"margin\":\"default\",\"meta\":\"\",\"meta_align\":\"below-title\",\"meta_element\":\"div\",\"meta_style\":\"text-meta\",\"title\":\"Orient\\u00e9 vers les solutions\",\"title_align\":\"top\",\"title_element\":\"h3\",\"title_grid_breakpoint\":\"m\",\"title_grid_width\":\"1-2\",\"title_hover_style\":\"reset\"},\"name\":\"Panel-Vorteile\"}]}]}]}]},{\"type\":\"column\",\"props\":{\"image_height\":\"500\",\"image_position\":\"center-center\",\"image_width\":\"750\",\"position_sticky_breakpoint\":\"m\",\"width_medium\":\"1-2\"},\"children\":[{\"type\":\"image\",\"props\":{\"image\":\"wp-content\\\/uploads\\\/sites\\\/2\\\/2024\\\/07\\\/unsere-heim-waermepumpen-neu_Zeichenflaeche-1-Kopie-2.png\",\"image_svg_color\":\"emphasis\",\"margin\":\"default\"}}]}]}]},{\"type\":\"section\",\"props\":{\"image_position\":\"center-center\",\"padding_remove_top\":true,\"style\":\"default\",\"title_breakpoint\":\"xl\",\"title_position\":\"top-left\",\"title_rotation\":\"left\",\"vertical_align\":\"middle\",\"width\":\"default\"},\"children\":[{\"type\":\"row\",\"children\":[{\"type\":\"column\",\"props\":{\"image_position\":\"center-center\",\"position_sticky_breakpoint\":\"m\"},\"children\":[{\"type\":\"headline\",\"props\":{\"content\":\"Aper\\u00e7u des produits\",\"title_color\":\"primary\",\"title_element\":\"h2\",\"title_style\":\"h3\"}},{\"type\":\"list\",\"props\":{\"column\":\"1-3\",\"column_breakpoint\":\"m\",\"html_element\":false,\"image_align\":\"left\",\"image_svg_color\":\"emphasis\",\"image_vertical_align\":true,\"list_element\":\"ul\",\"list_horizontal_separator\":\", \",\"list_type\":\"vertical\",\"show_image\":true,\"show_link\":true},\"children\":[{\"type\":\"list_item\",\"props\":{\"icon\":\"chevron-right\"},\"source\":{\"query\":{\"name\":\"productss.customProductss\",\"arguments\":{\"terms\":[58],\"product_categories_operator\":\"IN\",\"users\":[],\"users_operator\":\"IN\",\"offset\":0,\"limit\":100,\"order\":\"date\",\"order_direction\":\"DESC\",\"product_categories_include_children\":\"include\"}},\"props\":{\"content\":{\"filters\":{\"search\":\"\"},\"name\":\"title\"},\"link\":{\"filters\":{\"search\":\"\"},\"name\":\"link\"}}}}],\"name\":\"Produkte \\u00dcbersichtliste\"}]}]}]},{\"type\":\"section\",\"props\":{\"image_position\":\"center-center\",\"padding\":\"xlarge\",\"padding_remove_bottom\":false,\"padding_remove_top\":true,\"style\":\"default\",\"title_breakpoint\":\"xl\",\"title_position\":\"top-left\",\"title_rotation\":\"left\",\"vertical_align\":\"\",\"width\":\"\"},\"children\":[{\"type\":\"row\",\"children\":[{\"type\":\"column\",\"props\":{\"image_position\":\"center-center\",\"position_sticky_breakpoint\":\"m\"},\"children\":[{\"type\":\"overlay-slider\",\"props\":{\"animation\":\"fade\",\"image_width\":\"960\",\"link_style\":\"default\",\"link_text\":\"Read more\",\"margin\":\"large\",\"margin_remove_bottom\":true,\"meta_align\":\"below-title\",\"meta_element\":\"div\",\"meta_style\":\"text-meta\",\"nav\":\"\",\"nav_align\":\"center\",\"nav_below\":true,\"nav_breakpoint\":\"s\",\"nav_position\":\"bottom-center\",\"nav_position_margin\":\"medium\",\"overlay_mode\":\"cover\",\"overlay_position\":\"center\",\"overlay_transition\":\"fade\",\"show_content\":true,\"show_hover_image\":true,\"show_hover_video\":true,\"show_link\":true,\"show_meta\":true,\"show_title\":true,\"slidenav\":\"default\",\"slidenav_breakpoint\":\"s\",\"slidenav_hover\":true,\"slidenav_margin\":\"medium\",\"slidenav_outside_breakpoint\":\"xl\",\"slider_autoplay\":true,\"slider_autoplay_interval\":\"5\",\"slider_autoplay_pause\":true,\"slider_center\":true,\"slider_divider\":false,\"slider_gap\":\"small\",\"slider_velocity\":\"1\",\"slider_width\":\"\",\"slider_width_default\":\"1-1\",\"slider_width_medium\":\"4-5\",\"text_align\":\"center\",\"title_element\":\"h3\",\"title_hover_style\":\"reset\"},\"children\":[{\"type\":\"overlay-slider_item\",\"props\":{\"image\":\"wp-content\\\/uploads\\\/sites\\\/2\\\/2024\\\/08\\\/waermepumpenmanufaktur-heim-ag-1.jpg\",\"image_alt\":\"Produktion Heim AG\"}},{\"type\":\"overlay-slider_item\",\"props\":{\"image\":\"wp-content\\\/uploads\\\/sites\\\/2\\\/2024\\\/05\\\/kaeltesystemmonteur-lehrstelle-heimag.jpg\"}},{\"type\":\"overlay-slider_item\",\"props\":{\"image\":\"wp-content\\\/uploads\\\/sites\\\/2\\\/2024\\\/05\\\/IMG_6390.jpg\",\"image_alt\":\"Pr\\u00fcfstand Produktion Heim AG\"}},{\"type\":\"overlay-slider_item\",\"props\":{\"image\":\"wp-content\\\/uploads\\\/sites\\\/2\\\/2024\\\/05\\\/automatik-monteur-lehrstelle-heimag.jpg\"}},{\"type\":\"overlay-slider_item\",\"props\":{\"image\":\"wp-content\\\/uploads\\\/sites\\\/2\\\/2024\\\/06\\\/wasser-wasser-waermepumpe.jpg\",\"image_alt\":\"Wasser-Wasser-W\\u00e4rmepumpe\"}}],\"modified\":\"2021-01-08T14:59:02.896Z\",\"name\":\"Slider\"}]}]}],\"name\":\"Impressions\"}],\"version\":\"4.5.12\"} --><\/p>\n","protected":false},"excerpt":{"rendered":"<p>Notre force Nos propres pompes \u00e0 chaleur Notre \u00e9quipe de d\u00e9veloppement, orient\u00e9e vers les solutions, invente sans cesse de nouvelles recettes secr\u00e8tes pour susciter l&rsquo;enthousiasme sur le march\u00e9 avec des pompes \u00e0 chaleur et des syst\u00e8mes complets tourn\u00e9s vers l&rsquo;avenir. Production suisse Propre d\u00e9partement de d\u00e9veloppement et de production chez nous, au si\u00e8ge principal \u00e0 [&hellip;]<\/p>\n","protected":false},"author":6,"featured_media":0,"parent":13215,"menu_order":3,"comment_status":"closed","ping_status":"closed","template":"","meta":{"_acf_changed":false,"footnotes":""},"class_list":["post-13609","page","type-page","status-publish","hentry"],"acf":[],"yoast_head":"<!-- This site is optimized with the Yoast SEO plugin v27.5 - https:\/\/yoast.com\/product\/yoast-seo-wordpress\/ -->\n<title>Pompes \u00e0 chaleur de Heim - Heim AG Heizsysteme<\/title>\n<meta name=\"description\" content=\"Nos pompes \u00e0 chaleur domestiques sont d\u00e9velopp\u00e9es et produites directement par nos soins \u00e0 notre si\u00e8ge d&#039;Aadorf (TG).\" \/>\n<meta name=\"robots\" content=\"index, follow, max-snippet:-1, max-image-preview:large, max-video-preview:-1\" \/>\n<link rel=\"canonical\" href=\"https:\/\/www.heim-ag.ch\/heizsysteme\/fr\/gammes-de-produits\/pompes-a-chaleur-de-heim\/\" \/>\n<meta property=\"og:locale\" content=\"fr_FR\" \/>\n<meta property=\"og:type\" content=\"article\" \/>\n<meta property=\"og:title\" content=\"Pompes \u00e0 chaleur de Heim - Heim AG Heizsysteme\" \/>\n<meta property=\"og:description\" content=\"Nos pompes \u00e0 chaleur domestiques sont d\u00e9velopp\u00e9es et produites directement par nos soins \u00e0 notre si\u00e8ge d&#039;Aadorf (TG).\" \/>\n<meta property=\"og:url\" content=\"https:\/\/www.heim-ag.ch\/heizsysteme\/fr\/gammes-de-produits\/pompes-a-chaleur-de-heim\/\" \/>\n<meta property=\"og:site_name\" content=\"Heim AG Heizsysteme\" \/>\n<meta property=\"article:modified_time\" content=\"2025-04-07T14:26:30+00:00\" \/>\n<meta property=\"og:image\" content=\"https:\/\/www.heim-ag.ch\/heizsysteme\/wp-content\/uploads\/sites\/2\/2024\/08\/heim-ag-logo-website-bild.jpg\" \/>\n\t<meta property=\"og:image:width\" content=\"1200\" \/>\n\t<meta property=\"og:image:height\" content=\"675\" \/>\n\t<meta property=\"og:image:type\" content=\"image\/jpeg\" \/>\n<meta name=\"twitter:card\" content=\"summary_large_image\" \/>\n<meta name=\"twitter:label1\" content=\"Dur\u00e9e de lecture estim\u00e9e\" \/>\n\t<meta name=\"twitter:data1\" content=\"2 minutes\" \/>\n<script type=\"application\/ld+json\" class=\"yoast-schema-graph\">{\"@context\":\"https:\\\/\\\/schema.org\",\"@graph\":[{\"@type\":\"WebPage\",\"@id\":\"https:\\\/\\\/www.heim-ag.ch\\\/heizsysteme\\\/fr\\\/gammes-de-produits\\\/pompes-a-chaleur-de-heim\\\/\",\"url\":\"https:\\\/\\\/www.heim-ag.ch\\\/heizsysteme\\\/fr\\\/gammes-de-produits\\\/pompes-a-chaleur-de-heim\\\/\",\"name\":\"Pompes \u00e0 chaleur de Heim - Heim AG Heizsysteme\",\"isPartOf\":{\"@id\":\"https:\\\/\\\/www.heim-ag.ch\\\/heizsysteme\\\/fr\\\/#website\"},\"datePublished\":\"2024-06-13T14:08:38+00:00\",\"dateModified\":\"2025-04-07T14:26:30+00:00\",\"description\":\"Nos pompes \u00e0 chaleur domestiques sont d\u00e9velopp\u00e9es et produites directement par nos soins \u00e0 notre si\u00e8ge d'Aadorf (TG).\",\"breadcrumb\":{\"@id\":\"https:\\\/\\\/www.heim-ag.ch\\\/heizsysteme\\\/fr\\\/gammes-de-produits\\\/pompes-a-chaleur-de-heim\\\/#breadcrumb\"},\"inLanguage\":\"fr-FR\",\"potentialAction\":[{\"@type\":\"ReadAction\",\"target\":[\"https:\\\/\\\/www.heim-ag.ch\\\/heizsysteme\\\/fr\\\/gammes-de-produits\\\/pompes-a-chaleur-de-heim\\\/\"]}]},{\"@type\":\"BreadcrumbList\",\"@id\":\"https:\\\/\\\/www.heim-ag.ch\\\/heizsysteme\\\/fr\\\/gammes-de-produits\\\/pompes-a-chaleur-de-heim\\\/#breadcrumb\",\"itemListElement\":[{\"@type\":\"ListItem\",\"position\":1,\"name\":\"Startseite\",\"item\":\"https:\\\/\\\/www.heim-ag.ch\\\/heizsysteme\\\/fr\\\/\"},{\"@type\":\"ListItem\",\"position\":2,\"name\":\"Gammes de produits\",\"item\":\"https:\\\/\\\/www.heim-ag.ch\\\/heizsysteme\\\/fr\\\/gammes-de-produits\\\/\"},{\"@type\":\"ListItem\",\"position\":3,\"name\":\"Pompes \u00e0 chaleur de Heim\"}]},{\"@type\":\"WebSite\",\"@id\":\"https:\\\/\\\/www.heim-ag.ch\\\/heizsysteme\\\/fr\\\/#website\",\"url\":\"https:\\\/\\\/www.heim-ag.ch\\\/heizsysteme\\\/fr\\\/\",\"name\":\"Heim AG Heizsysteme\",\"description\":\"Ganzheitlicher Partner f\u00fcr Energiel\u00f6sungen: erneuerbar und lokal\",\"publisher\":{\"@id\":\"https:\\\/\\\/www.heim-ag.ch\\\/heizsysteme\\\/fr\\\/#organization\"},\"alternateName\":\"Heim AG\",\"potentialAction\":[{\"@type\":\"SearchAction\",\"target\":{\"@type\":\"EntryPoint\",\"urlTemplate\":\"https:\\\/\\\/www.heim-ag.ch\\\/heizsysteme\\\/fr\\\/?s={search_term_string}\"},\"query-input\":{\"@type\":\"PropertyValueSpecification\",\"valueRequired\":true,\"valueName\":\"search_term_string\"}}],\"inLanguage\":\"fr-FR\"},{\"@type\":\"Organization\",\"@id\":\"https:\\\/\\\/www.heim-ag.ch\\\/heizsysteme\\\/fr\\\/#organization\",\"name\":\"Heim AG Heizsysteme\",\"alternateName\":\"Heim AG\",\"url\":\"https:\\\/\\\/www.heim-ag.ch\\\/heizsysteme\\\/fr\\\/\",\"logo\":{\"@type\":\"ImageObject\",\"inLanguage\":\"fr-FR\",\"@id\":\"https:\\\/\\\/www.heim-ag.ch\\\/heizsysteme\\\/fr\\\/#\\\/schema\\\/logo\\\/image\\\/\",\"url\":\"https:\\\/\\\/www.heim-ag.ch\\\/heizsysteme\\\/wp-content\\\/uploads\\\/sites\\\/2\\\/2024\\\/08\\\/heim-ag-logo-organisations-logo.jpg\",\"contentUrl\":\"https:\\\/\\\/www.heim-ag.ch\\\/heizsysteme\\\/wp-content\\\/uploads\\\/sites\\\/2\\\/2024\\\/08\\\/heim-ag-logo-organisations-logo.jpg\",\"width\":696,\"height\":697,\"caption\":\"Heim AG Heizsysteme\"},\"image\":{\"@id\":\"https:\\\/\\\/www.heim-ag.ch\\\/heizsysteme\\\/fr\\\/#\\\/schema\\\/logo\\\/image\\\/\"}}]}<\/script>\n<!-- \/ Yoast SEO plugin. -->","yoast_head_json":{"title":"Pompes \u00e0 chaleur de Heim - Heim AG Heizsysteme","description":"Nos pompes \u00e0 chaleur domestiques sont d\u00e9velopp\u00e9es et produites directement par nos soins \u00e0 notre si\u00e8ge d'Aadorf (TG).","robots":{"index":"index","follow":"follow","max-snippet":"max-snippet:-1","max-image-preview":"max-image-preview:large","max-video-preview":"max-video-preview:-1"},"canonical":"https:\/\/www.heim-ag.ch\/heizsysteme\/fr\/gammes-de-produits\/pompes-a-chaleur-de-heim\/","og_locale":"fr_FR","og_type":"article","og_title":"Pompes \u00e0 chaleur de Heim - Heim AG Heizsysteme","og_description":"Nos pompes \u00e0 chaleur domestiques sont d\u00e9velopp\u00e9es et produites directement par nos soins \u00e0 notre si\u00e8ge d'Aadorf (TG).","og_url":"https:\/\/www.heim-ag.ch\/heizsysteme\/fr\/gammes-de-produits\/pompes-a-chaleur-de-heim\/","og_site_name":"Heim AG Heizsysteme","article_modified_time":"2025-04-07T14:26:30+00:00","og_image":[{"width":1200,"height":675,"url":"https:\/\/www.heim-ag.ch\/heizsysteme\/wp-content\/uploads\/sites\/2\/2024\/08\/heim-ag-logo-website-bild.jpg","type":"image\/jpeg"}],"twitter_card":"summary_large_image","twitter_misc":{"Dur\u00e9e de lecture estim\u00e9e":"2 minutes"},"schema":{"@context":"https:\/\/schema.org","@graph":[{"@type":"WebPage","@id":"https:\/\/www.heim-ag.ch\/heizsysteme\/fr\/gammes-de-produits\/pompes-a-chaleur-de-heim\/","url":"https:\/\/www.heim-ag.ch\/heizsysteme\/fr\/gammes-de-produits\/pompes-a-chaleur-de-heim\/","name":"Pompes \u00e0 chaleur de Heim - Heim AG Heizsysteme","isPartOf":{"@id":"https:\/\/www.heim-ag.ch\/heizsysteme\/fr\/#website"},"datePublished":"2024-06-13T14:08:38+00:00","dateModified":"2025-04-07T14:26:30+00:00","description":"Nos pompes \u00e0 chaleur domestiques sont d\u00e9velopp\u00e9es et produites directement par nos soins \u00e0 notre si\u00e8ge d'Aadorf (TG).","breadcrumb":{"@id":"https:\/\/www.heim-ag.ch\/heizsysteme\/fr\/gammes-de-produits\/pompes-a-chaleur-de-heim\/#breadcrumb"},"inLanguage":"fr-FR","potentialAction":[{"@type":"ReadAction","target":["https:\/\/www.heim-ag.ch\/heizsysteme\/fr\/gammes-de-produits\/pompes-a-chaleur-de-heim\/"]}]},{"@type":"BreadcrumbList","@id":"https:\/\/www.heim-ag.ch\/heizsysteme\/fr\/gammes-de-produits\/pompes-a-chaleur-de-heim\/#breadcrumb","itemListElement":[{"@type":"ListItem","position":1,"name":"Startseite","item":"https:\/\/www.heim-ag.ch\/heizsysteme\/fr\/"},{"@type":"ListItem","position":2,"name":"Gammes de produits","item":"https:\/\/www.heim-ag.ch\/heizsysteme\/fr\/gammes-de-produits\/"},{"@type":"ListItem","position":3,"name":"Pompes \u00e0 chaleur de Heim"}]},{"@type":"WebSite","@id":"https:\/\/www.heim-ag.ch\/heizsysteme\/fr\/#website","url":"https:\/\/www.heim-ag.ch\/heizsysteme\/fr\/","name":"Heim AG Heizsysteme","description":"Ganzheitlicher Partner f\u00fcr Energiel\u00f6sungen: erneuerbar und lokal","publisher":{"@id":"https:\/\/www.heim-ag.ch\/heizsysteme\/fr\/#organization"},"alternateName":"Heim AG","potentialAction":[{"@type":"SearchAction","target":{"@type":"EntryPoint","urlTemplate":"https:\/\/www.heim-ag.ch\/heizsysteme\/fr\/?s={search_term_string}"},"query-input":{"@type":"PropertyValueSpecification","valueRequired":true,"valueName":"search_term_string"}}],"inLanguage":"fr-FR"},{"@type":"Organization","@id":"https:\/\/www.heim-ag.ch\/heizsysteme\/fr\/#organization","name":"Heim AG Heizsysteme","alternateName":"Heim AG","url":"https:\/\/www.heim-ag.ch\/heizsysteme\/fr\/","logo":{"@type":"ImageObject","inLanguage":"fr-FR","@id":"https:\/\/www.heim-ag.ch\/heizsysteme\/fr\/#\/schema\/logo\/image\/","url":"https:\/\/www.heim-ag.ch\/heizsysteme\/wp-content\/uploads\/sites\/2\/2024\/08\/heim-ag-logo-organisations-logo.jpg","contentUrl":"https:\/\/www.heim-ag.ch\/heizsysteme\/wp-content\/uploads\/sites\/2\/2024\/08\/heim-ag-logo-organisations-logo.jpg","width":696,"height":697,"caption":"Heim AG Heizsysteme"},"image":{"@id":"https:\/\/www.heim-ag.ch\/heizsysteme\/fr\/#\/schema\/logo\/image\/"}}]}},"_links":{"self":[{"href":"https:\/\/www.heim-ag.ch\/heizsysteme\/fr\/wp-json\/wp\/v2\/pages\/13609","targetHints":{"allow":["GET"]}}],"collection":[{"href":"https:\/\/www.heim-ag.ch\/heizsysteme\/fr\/wp-json\/wp\/v2\/pages"}],"about":[{"href":"https:\/\/www.heim-ag.ch\/heizsysteme\/fr\/wp-json\/wp\/v2\/types\/page"}],"author":[{"embeddable":true,"href":"https:\/\/www.heim-ag.ch\/heizsysteme\/fr\/wp-json\/wp\/v2\/users\/6"}],"replies":[{"embeddable":true,"href":"https:\/\/www.heim-ag.ch\/heizsysteme\/fr\/wp-json\/wp\/v2\/comments?post=13609"}],"version-history":[{"count":6,"href":"https:\/\/www.heim-ag.ch\/heizsysteme\/fr\/wp-json\/wp\/v2\/pages\/13609\/revisions"}],"predecessor-version":[{"id":17999,"href":"https:\/\/www.heim-ag.ch\/heizsysteme\/fr\/wp-json\/wp\/v2\/pages\/13609\/revisions\/17999"}],"up":[{"embeddable":true,"href":"https:\/\/www.heim-ag.ch\/heizsysteme\/fr\/wp-json\/wp\/v2\/pages\/13215"}],"wp:attachment":[{"href":"https:\/\/www.heim-ag.ch\/heizsysteme\/fr\/wp-json\/wp\/v2\/media?parent=13609"}],"curies":[{"name":"wp","href":"https:\/\/api.w.org\/{rel}","templated":true}]}}