{"id":21223,"date":"2025-10-30T16:15:39","date_gmt":"2025-10-30T15:15:39","guid":{"rendered":"https:\/\/www.heim-ag.ch\/heizsysteme\/fernzugriff-heim-ag\/"},"modified":"2025-10-30T16:42:47","modified_gmt":"2025-10-30T15:42:47","slug":"acces-a-distance-heim-ag","status":"publish","type":"page","link":"https:\/\/www.heim-ag.ch\/heizsysteme\/fr\/acces-a-distance-heim-ag\/","title":{"rendered":"Acc\u00e8s \u00e0 distance Heim AG"},"content":{"rendered":"<h1>\n<p class=\"p1\">Acc\u00e8s \u00e0 distance Heim AG<\/p>\n<\/h1>\n<div>\n<p>L&rsquo;application mobile d&rsquo;acc\u00e8s \u00e0 distance vous donne acc\u00e8s \u00e0 notre plateforme d&rsquo;acc\u00e8s \u00e0 distance (RAP) s\u00e9curis\u00e9e et bas\u00e9e sur le web de derni\u00e8re g\u00e9n\u00e9ration. Elle vous permet d&rsquo;acc\u00e9der \u00e0 distance, en toute s\u00e9curit\u00e9 et en toute simplicit\u00e9, \u00e0 vos pompes \u00e0 chaleur Swiss Made de Heim AG Heizsysteme, depuis n&rsquo;importe quel appareil mobile. La plateforme cloud bas\u00e9e sur le web offre de nombreuses possibilit\u00e9s telles que la surveillance, le d\u00e9bogage, le service, les alertes, la collecte et l&rsquo;\u00e9valuation des donn\u00e9es. Vous obtenez des informations sur les donn\u00e9es afin d&rsquo;am\u00e9liorer le service, la maintenance et la mise \u00e0 jour.<br \/>*** Traduit avec www.DeepL.com\/Translator (version gratuite) ***<\/p>\n<\/div>\n<p><a href=\"https:\/\/play.google.com\/store\/apps\/details?id=fernzugriff.heimag.ch\"><img decoding=\"async\" src=\"\/heizsysteme\/wp-content\/uploads\/sites\/2\/2024\/05\/google-play-badge-128-e4f72f3c-2.png\" alt=\"\"><\/a><br \/>\n<a href=\"https:\/\/apps.apple.com\/ch\/app\/fernzugriff-heim-ag\/id6746029372\"><img decoding=\"async\" src=\"\/heizsysteme\/wp-content\/uploads\/sites\/2\/2024\/05\/app-store-badge-128-6f5dc668-1.png\" alt=\"\"><\/a><\/p>\n<p><p>\n        <a href=\"https:\/\/fernzugriff.heim-ag.ch\/portal\/login\">Connexion Acc\u00e8s Web <\/a>\n    <\/p>\n<\/p>\n<p><img decoding=\"async\" src=\"\/heizsysteme\/wp-content\/uploads\/sites\/2\/2025\/10\/fernzugriff-heim-ag-1.jpg\" alt=\"Ferznugriff Heim AG App\"><\/p>\n<p><!--more--><br \/>\n<!-- {\"type\":\"layout\",\"children\":[{\"name\":\"Heim App Intro\",\"type\":\"section\",\"props\":{\"image_position\":\"center-center\",\"padding\":\"large\",\"padding_remove_bottom\":false,\"style\":\"default\",\"title_breakpoint\":\"xl\",\"title_position\":\"top-left\",\"title_rotation\":\"left\",\"vertical_align\":\"\",\"width\":\"large\"},\"children\":[{\"type\":\"row\",\"props\":{\"column_gap\":\"large\",\"divider\":false,\"layout\":\"1-2,1-2\",\"margin\":\"remove-vertical\",\"margin_remove_bottom\":true,\"margin_remove_top\":false,\"row_gap\":\"large\"},\"children\":[{\"type\":\"column\",\"props\":{\"image_position\":\"center-center\",\"position_sticky_breakpoint\":\"m\",\"width_medium\":\"1-2\"},\"children\":[{\"type\":\"headline\",\"props\":{\"animation\":\"none\",\"content\":\"\n\n<p class=\\\"p1\\\">Acc\\u00e8s \\u00e0 distance Heim AG<\\\/p>\",\"parallax_breakpoint\":\"m\",\"parallax_easing\":\"1\",\"parallax_y\":\"30,-30\",\"text_align\":\"left\",\"text_align_breakpoint\":\"s\",\"text_align_fallback\":\"center\",\"title_element\":\"h1\",\"title_style\":\"heading-medium\"}},{\"type\":\"text\",\"props\":{\"column_breakpoint\":\"m\",\"content\":\"\n\n<p>L'application mobile d'acc\\u00e8s \\u00e0 distance vous donne acc\\u00e8s \\u00e0 notre plateforme d'acc\\u00e8s \\u00e0 distance (RAP) s\\u00e9curis\\u00e9e et bas\\u00e9e sur le web de derni\\u00e8re g\\u00e9n\\u00e9ration. Elle vous permet d'acc\\u00e9der \\u00e0 distance, en toute s\\u00e9curit\\u00e9 et en toute simplicit\\u00e9, \\u00e0 vos pompes \\u00e0 chaleur Swiss Made de Heim AG Heizsysteme, depuis n'importe quel appareil mobile. La plateforme cloud bas\\u00e9e sur le web offre de nombreuses possibilit\\u00e9s telles que la surveillance, le d\\u00e9bogage, le service, les alertes, la collecte et l'\\u00e9valuation des donn\\u00e9es. Vous obtenez des informations sur les donn\\u00e9es afin d'am\\u00e9liorer le service, la maintenance et la mise \\u00e0 jour.<br \\\/>*** Traduit avec www.DeepL.com\\\/Translator (version gratuite) ***<\\\/p>\",\"margin\":\"default\",\"text_align\":\"left\"}},{\"type\":\"fragment\",\"props\":{\"margin\":\"default\"},\"children\":[{\"type\":\"row\",\"props\":{\"column_gap\":\"collapse\",\"layout\":\"1-3,1-3,1-3\"},\"children\":[{\"type\":\"column\",\"props\":{\"image_position\":\"center-center\",\"position_sticky_breakpoint\":\"m\",\"width_medium\":\"1-3\"},\"children\":[{\"type\":\"image\",\"props\":{\"image\":\"wp-content\\\/uploads\\\/sites\\\/2\\\/2024\\\/05\\\/google-play-badge-128-e4f72f3c-2.png\",\"image_height\":50,\"image_svg_color\":\"emphasis\",\"link\":\"https:\\\/\\\/play.google.com\\\/store\\\/apps\\\/details?id=fernzugriff.heimag.ch\",\"link_target\":\"blank\",\"margin\":\"default\"}}]},{\"type\":\"column\",\"props\":{\"image_position\":\"center-center\",\"position_sticky_breakpoint\":\"m\",\"width_medium\":\"1-3\"},\"children\":[{\"type\":\"image\",\"props\":{\"image\":\"wp-content\\\/uploads\\\/sites\\\/2\\\/2024\\\/05\\\/app-store-badge-128-6f5dc668-1.png\",\"image_height\":51,\"image_svg_color\":\"emphasis\",\"link\":\"https:\\\/\\\/apps.apple.com\\\/ch\\\/app\\\/fernzugriff-heim-ag\\\/id6746029372\",\"link_target\":\"blank\",\"margin\":\"default\"}}]},{\"type\":\"column\",\"props\":{\"image_position\":\"center-center\",\"position_sticky_breakpoint\":\"m\",\"width_medium\":\"1-3\"},\"children\":[{\"type\":\"button\",\"props\":{\"grid_column_gap\":\"small\",\"grid_row_gap\":\"small\",\"margin\":\"default\"},\"children\":[{\"type\":\"button_item\",\"props\":{\"button_style\":\"default\",\"content\":\"Connexion Acc\\u00e8s Web \",\"dialog_layout\":\"modal\",\"dialog_offcanvas_flip\":true,\"icon_align\":\"left\",\"link\":\"https:\\\/\\\/fernzugriff.heim-ag.ch\\\/portal\\\/login\",\"link_target\":\"blank\"}}]}]}]},{\"type\":\"row\",\"props\":{\"column_gap\":\"collapse\",\"layout\":\"1-2,1-2\"},\"children\":[{\"type\":\"column\",\"props\":{\"image_position\":\"center-center\",\"position_sticky_breakpoint\":\"m\",\"width_medium\":\"1-2\"}},{\"type\":\"column\",\"props\":{\"image_position\":\"center-center\",\"position_sticky_breakpoint\":\"m\",\"width_medium\":\"1-2\"}}]}]}]},{\"type\":\"column\",\"props\":{\"image_position\":\"center-center\",\"position_sticky_breakpoint\":\"m\",\"width_medium\":\"1-2\"},\"children\":[{\"type\":\"image\",\"props\":{\"image\":\"wp-content\\\/uploads\\\/sites\\\/2\\\/2025\\\/10\\\/fernzugriff-heim-ag-1.jpg\",\"image_alt\":\"Ferznugriff Heim AG App\",\"image_svg_color\":\"emphasis\",\"image_width\":400,\"margin\":\"default\"}}]}]}]}],\"version\":\"4.5.31\"} --><\/p>\n","protected":false},"excerpt":{"rendered":"<p>Acc\u00e8s \u00e0 distance Heim AG L&rsquo;application mobile d&rsquo;acc\u00e8s \u00e0 distance vous donne acc\u00e8s \u00e0 notre plateforme d&rsquo;acc\u00e8s \u00e0 distance (RAP) s\u00e9curis\u00e9e et bas\u00e9e sur le web de derni\u00e8re g\u00e9n\u00e9ration. Elle vous permet d&rsquo;acc\u00e9der \u00e0 distance, en toute s\u00e9curit\u00e9 et en toute simplicit\u00e9, \u00e0 vos pompes \u00e0 chaleur Swiss Made de Heim AG Heizsysteme, depuis n&rsquo;importe [&hellip;]<\/p>\n","protected":false},"author":6,"featured_media":0,"parent":0,"menu_order":2,"comment_status":"closed","ping_status":"closed","template":"","meta":{"_acf_changed":false,"footnotes":""},"class_list":["post-21223","page","type-page","status-publish","hentry"],"acf":[],"yoast_head":"<!-- This site is optimized with the Yoast SEO plugin v27.4 - https:\/\/yoast.com\/product\/yoast-seo-wordpress\/ -->\n<title>Acc\u00e8s \u00e0 distance Heim AG - Heim AG Heizsysteme<\/title>\n<meta name=\"description\" content=\"L&#039;application mobile d&#039;acc\u00e8s \u00e0 distance te permet d&#039;acc\u00e9der \u00e0 notre plateforme d&#039;acc\u00e8s \u00e0 distance (RAP) s\u00e9curis\u00e9e et bas\u00e9e sur le web de derni\u00e8re g\u00e9n\u00e9ration. Tu peux ainsi acc\u00e9der facilement \u00e0 distance \u00e0 tes pompes \u00e0 chaleur Swiss Made de Heim AG Heizsysteme.\" \/>\n<meta name=\"robots\" content=\"index, follow, max-snippet:-1, max-image-preview:large, max-video-preview:-1\" \/>\n<link rel=\"canonical\" href=\"https:\/\/www.heim-ag.ch\/heizsysteme\/fr\/acces-a-distance-heim-ag\/\" \/>\n<meta property=\"og:locale\" content=\"fr_FR\" \/>\n<meta property=\"og:type\" content=\"article\" \/>\n<meta property=\"og:title\" content=\"Acc\u00e8s \u00e0 distance Heim AG - Heim AG Heizsysteme\" \/>\n<meta property=\"og:description\" content=\"L&#039;application mobile d&#039;acc\u00e8s \u00e0 distance te permet d&#039;acc\u00e9der \u00e0 notre plateforme d&#039;acc\u00e8s \u00e0 distance (RAP) s\u00e9curis\u00e9e et bas\u00e9e sur le web de derni\u00e8re g\u00e9n\u00e9ration. Tu peux ainsi acc\u00e9der facilement \u00e0 distance \u00e0 tes pompes \u00e0 chaleur Swiss Made de Heim AG Heizsysteme.\" \/>\n<meta property=\"og:url\" content=\"https:\/\/www.heim-ag.ch\/heizsysteme\/fr\/acces-a-distance-heim-ag\/\" \/>\n<meta property=\"og:site_name\" content=\"Heim AG Heizsysteme\" \/>\n<meta property=\"article:modified_time\" content=\"2025-10-30T15:42:47+00:00\" \/>\n<meta property=\"og:image\" content=\"https:\/\/www.heim-ag.ch\/heizsysteme\/wp-content\/uploads\/sites\/2\/2024\/08\/heim-ag-logo-website-bild.jpg\" \/>\n\t<meta property=\"og:image:width\" content=\"1200\" \/>\n\t<meta property=\"og:image:height\" content=\"675\" \/>\n\t<meta property=\"og:image:type\" content=\"image\/jpeg\" \/>\n<meta name=\"twitter:card\" content=\"summary_large_image\" \/>\n<meta name=\"twitter:label1\" content=\"Dur\u00e9e de lecture estim\u00e9e\" \/>\n\t<meta name=\"twitter:data1\" content=\"2 minutes\" \/>\n<script type=\"application\/ld+json\" class=\"yoast-schema-graph\">{\"@context\":\"https:\\\/\\\/schema.org\",\"@graph\":[{\"@type\":\"WebPage\",\"@id\":\"https:\\\/\\\/www.heim-ag.ch\\\/heizsysteme\\\/fr\\\/acces-a-distance-heim-ag\\\/\",\"url\":\"https:\\\/\\\/www.heim-ag.ch\\\/heizsysteme\\\/fr\\\/acces-a-distance-heim-ag\\\/\",\"name\":\"Acc\u00e8s \u00e0 distance Heim AG - Heim AG Heizsysteme\",\"isPartOf\":{\"@id\":\"https:\\\/\\\/www.heim-ag.ch\\\/heizsysteme\\\/fr\\\/#website\"},\"datePublished\":\"2025-10-30T15:15:39+00:00\",\"dateModified\":\"2025-10-30T15:42:47+00:00\",\"description\":\"L'application mobile d'acc\u00e8s \u00e0 distance te permet d'acc\u00e9der \u00e0 notre plateforme d'acc\u00e8s \u00e0 distance (RAP) s\u00e9curis\u00e9e et bas\u00e9e sur le web de derni\u00e8re g\u00e9n\u00e9ration. Tu peux ainsi acc\u00e9der facilement \u00e0 distance \u00e0 tes pompes \u00e0 chaleur Swiss Made de Heim AG Heizsysteme.\",\"breadcrumb\":{\"@id\":\"https:\\\/\\\/www.heim-ag.ch\\\/heizsysteme\\\/fr\\\/acces-a-distance-heim-ag\\\/#breadcrumb\"},\"inLanguage\":\"fr-FR\",\"potentialAction\":[{\"@type\":\"ReadAction\",\"target\":[\"https:\\\/\\\/www.heim-ag.ch\\\/heizsysteme\\\/fr\\\/acces-a-distance-heim-ag\\\/\"]}]},{\"@type\":\"BreadcrumbList\",\"@id\":\"https:\\\/\\\/www.heim-ag.ch\\\/heizsysteme\\\/fr\\\/acces-a-distance-heim-ag\\\/#breadcrumb\",\"itemListElement\":[{\"@type\":\"ListItem\",\"position\":1,\"name\":\"Startseite\",\"item\":\"https:\\\/\\\/www.heim-ag.ch\\\/heizsysteme\\\/fr\\\/\"},{\"@type\":\"ListItem\",\"position\":2,\"name\":\"Acc\u00e8s \u00e0 distance Heim AG\"}]},{\"@type\":\"WebSite\",\"@id\":\"https:\\\/\\\/www.heim-ag.ch\\\/heizsysteme\\\/fr\\\/#website\",\"url\":\"https:\\\/\\\/www.heim-ag.ch\\\/heizsysteme\\\/fr\\\/\",\"name\":\"Heim AG Heizsysteme\",\"description\":\"Ganzheitlicher Partner f\u00fcr Energiel\u00f6sungen: erneuerbar und lokal\",\"publisher\":{\"@id\":\"https:\\\/\\\/www.heim-ag.ch\\\/heizsysteme\\\/fr\\\/#organization\"},\"alternateName\":\"Heim AG\",\"potentialAction\":[{\"@type\":\"SearchAction\",\"target\":{\"@type\":\"EntryPoint\",\"urlTemplate\":\"https:\\\/\\\/www.heim-ag.ch\\\/heizsysteme\\\/fr\\\/?s={search_term_string}\"},\"query-input\":{\"@type\":\"PropertyValueSpecification\",\"valueRequired\":true,\"valueName\":\"search_term_string\"}}],\"inLanguage\":\"fr-FR\"},{\"@type\":\"Organization\",\"@id\":\"https:\\\/\\\/www.heim-ag.ch\\\/heizsysteme\\\/fr\\\/#organization\",\"name\":\"Heim AG Heizsysteme\",\"alternateName\":\"Heim AG\",\"url\":\"https:\\\/\\\/www.heim-ag.ch\\\/heizsysteme\\\/fr\\\/\",\"logo\":{\"@type\":\"ImageObject\",\"inLanguage\":\"fr-FR\",\"@id\":\"https:\\\/\\\/www.heim-ag.ch\\\/heizsysteme\\\/fr\\\/#\\\/schema\\\/logo\\\/image\\\/\",\"url\":\"https:\\\/\\\/www.heim-ag.ch\\\/heizsysteme\\\/wp-content\\\/uploads\\\/sites\\\/2\\\/2024\\\/08\\\/heim-ag-logo-organisations-logo.jpg\",\"contentUrl\":\"https:\\\/\\\/www.heim-ag.ch\\\/heizsysteme\\\/wp-content\\\/uploads\\\/sites\\\/2\\\/2024\\\/08\\\/heim-ag-logo-organisations-logo.jpg\",\"width\":696,\"height\":697,\"caption\":\"Heim AG Heizsysteme\"},\"image\":{\"@id\":\"https:\\\/\\\/www.heim-ag.ch\\\/heizsysteme\\\/fr\\\/#\\\/schema\\\/logo\\\/image\\\/\"}}]}<\/script>\n<!-- \/ Yoast SEO plugin. -->","yoast_head_json":{"title":"Acc\u00e8s \u00e0 distance Heim AG - Heim AG Heizsysteme","description":"L'application mobile d'acc\u00e8s \u00e0 distance te permet d'acc\u00e9der \u00e0 notre plateforme d'acc\u00e8s \u00e0 distance (RAP) s\u00e9curis\u00e9e et bas\u00e9e sur le web de derni\u00e8re g\u00e9n\u00e9ration. Tu peux ainsi acc\u00e9der facilement \u00e0 distance \u00e0 tes pompes \u00e0 chaleur Swiss Made de Heim AG Heizsysteme.","robots":{"index":"index","follow":"follow","max-snippet":"max-snippet:-1","max-image-preview":"max-image-preview:large","max-video-preview":"max-video-preview:-1"},"canonical":"https:\/\/www.heim-ag.ch\/heizsysteme\/fr\/acces-a-distance-heim-ag\/","og_locale":"fr_FR","og_type":"article","og_title":"Acc\u00e8s \u00e0 distance Heim AG - Heim AG Heizsysteme","og_description":"L'application mobile d'acc\u00e8s \u00e0 distance te permet d'acc\u00e9der \u00e0 notre plateforme d'acc\u00e8s \u00e0 distance (RAP) s\u00e9curis\u00e9e et bas\u00e9e sur le web de derni\u00e8re g\u00e9n\u00e9ration. Tu peux ainsi acc\u00e9der facilement \u00e0 distance \u00e0 tes pompes \u00e0 chaleur Swiss Made de Heim AG Heizsysteme.","og_url":"https:\/\/www.heim-ag.ch\/heizsysteme\/fr\/acces-a-distance-heim-ag\/","og_site_name":"Heim AG Heizsysteme","article_modified_time":"2025-10-30T15:42:47+00:00","og_image":[{"width":1200,"height":675,"url":"https:\/\/www.heim-ag.ch\/heizsysteme\/wp-content\/uploads\/sites\/2\/2024\/08\/heim-ag-logo-website-bild.jpg","type":"image\/jpeg"}],"twitter_card":"summary_large_image","twitter_misc":{"Dur\u00e9e de lecture estim\u00e9e":"2 minutes"},"schema":{"@context":"https:\/\/schema.org","@graph":[{"@type":"WebPage","@id":"https:\/\/www.heim-ag.ch\/heizsysteme\/fr\/acces-a-distance-heim-ag\/","url":"https:\/\/www.heim-ag.ch\/heizsysteme\/fr\/acces-a-distance-heim-ag\/","name":"Acc\u00e8s \u00e0 distance Heim AG - Heim AG Heizsysteme","isPartOf":{"@id":"https:\/\/www.heim-ag.ch\/heizsysteme\/fr\/#website"},"datePublished":"2025-10-30T15:15:39+00:00","dateModified":"2025-10-30T15:42:47+00:00","description":"L'application mobile d'acc\u00e8s \u00e0 distance te permet d'acc\u00e9der \u00e0 notre plateforme d'acc\u00e8s \u00e0 distance (RAP) s\u00e9curis\u00e9e et bas\u00e9e sur le web de derni\u00e8re g\u00e9n\u00e9ration. Tu peux ainsi acc\u00e9der facilement \u00e0 distance \u00e0 tes pompes \u00e0 chaleur Swiss Made de Heim AG Heizsysteme.","breadcrumb":{"@id":"https:\/\/www.heim-ag.ch\/heizsysteme\/fr\/acces-a-distance-heim-ag\/#breadcrumb"},"inLanguage":"fr-FR","potentialAction":[{"@type":"ReadAction","target":["https:\/\/www.heim-ag.ch\/heizsysteme\/fr\/acces-a-distance-heim-ag\/"]}]},{"@type":"BreadcrumbList","@id":"https:\/\/www.heim-ag.ch\/heizsysteme\/fr\/acces-a-distance-heim-ag\/#breadcrumb","itemListElement":[{"@type":"ListItem","position":1,"name":"Startseite","item":"https:\/\/www.heim-ag.ch\/heizsysteme\/fr\/"},{"@type":"ListItem","position":2,"name":"Acc\u00e8s \u00e0 distance Heim AG"}]},{"@type":"WebSite","@id":"https:\/\/www.heim-ag.ch\/heizsysteme\/fr\/#website","url":"https:\/\/www.heim-ag.ch\/heizsysteme\/fr\/","name":"Heim AG Heizsysteme","description":"Ganzheitlicher Partner f\u00fcr Energiel\u00f6sungen: erneuerbar und lokal","publisher":{"@id":"https:\/\/www.heim-ag.ch\/heizsysteme\/fr\/#organization"},"alternateName":"Heim AG","potentialAction":[{"@type":"SearchAction","target":{"@type":"EntryPoint","urlTemplate":"https:\/\/www.heim-ag.ch\/heizsysteme\/fr\/?s={search_term_string}"},"query-input":{"@type":"PropertyValueSpecification","valueRequired":true,"valueName":"search_term_string"}}],"inLanguage":"fr-FR"},{"@type":"Organization","@id":"https:\/\/www.heim-ag.ch\/heizsysteme\/fr\/#organization","name":"Heim AG Heizsysteme","alternateName":"Heim AG","url":"https:\/\/www.heim-ag.ch\/heizsysteme\/fr\/","logo":{"@type":"ImageObject","inLanguage":"fr-FR","@id":"https:\/\/www.heim-ag.ch\/heizsysteme\/fr\/#\/schema\/logo\/image\/","url":"https:\/\/www.heim-ag.ch\/heizsysteme\/wp-content\/uploads\/sites\/2\/2024\/08\/heim-ag-logo-organisations-logo.jpg","contentUrl":"https:\/\/www.heim-ag.ch\/heizsysteme\/wp-content\/uploads\/sites\/2\/2024\/08\/heim-ag-logo-organisations-logo.jpg","width":696,"height":697,"caption":"Heim AG Heizsysteme"},"image":{"@id":"https:\/\/www.heim-ag.ch\/heizsysteme\/fr\/#\/schema\/logo\/image\/"}}]}},"_links":{"self":[{"href":"https:\/\/www.heim-ag.ch\/heizsysteme\/fr\/wp-json\/wp\/v2\/pages\/21223","targetHints":{"allow":["GET"]}}],"collection":[{"href":"https:\/\/www.heim-ag.ch\/heizsysteme\/fr\/wp-json\/wp\/v2\/pages"}],"about":[{"href":"https:\/\/www.heim-ag.ch\/heizsysteme\/fr\/wp-json\/wp\/v2\/types\/page"}],"author":[{"embeddable":true,"href":"https:\/\/www.heim-ag.ch\/heizsysteme\/fr\/wp-json\/wp\/v2\/users\/6"}],"replies":[{"embeddable":true,"href":"https:\/\/www.heim-ag.ch\/heizsysteme\/fr\/wp-json\/wp\/v2\/comments?post=21223"}],"version-history":[{"count":5,"href":"https:\/\/www.heim-ag.ch\/heizsysteme\/fr\/wp-json\/wp\/v2\/pages\/21223\/revisions"}],"predecessor-version":[{"id":21231,"href":"https:\/\/www.heim-ag.ch\/heizsysteme\/fr\/wp-json\/wp\/v2\/pages\/21223\/revisions\/21231"}],"wp:attachment":[{"href":"https:\/\/www.heim-ag.ch\/heizsysteme\/fr\/wp-json\/wp\/v2\/media?parent=21223"}],"curies":[{"name":"wp","href":"https:\/\/api.w.org\/{rel}","templated":true}]}}