{"id":1264,"date":"2024-04-22T08:31:16","date_gmt":"2024-04-22T06:31:16","guid":{"rendered":"https:\/\/stage.heim-ag.ch\/heizsysteme\/?page_id=1264"},"modified":"2024-07-31T08:29:55","modified_gmt":"2024-07-31T06:29:55","slug":"loesungen","status":"publish","type":"page","link":"https:\/\/www.heim-ag.ch\/heizsysteme\/produkte-loesungen\/loesungen\/","title":{"rendered":"L\u00f6sungen"},"content":{"rendered":"<h1>Unsere L\u00f6sungen<\/h1>\n<div>\n<p>Entdecke massgeschneiderte L\u00f6sungen f\u00fcr verschiedene Anwendungsbereiche und finde die perfekten Produkte f\u00fcr deine individuellen Bed\u00fcrfnisse. Unsere L\u00f6sungen sind darauf ausgelegt, deine Prozesse zu optimieren, Energie zu sparen und die Umwelt zu schonen. Lass dich von unserem vielf\u00e4ltigen Angebot inspirieren und finde genau das, was du brauchst, um deine Projekte erfolgreich zu realisieren. Von der Kundenidee bis zur ausgef\u00fchrten L\u00f6sung, wir sind f\u00fcr dich da.<\/p>\n<\/div>\n<ul>\n<li>\n<p>        <img decoding=\"async\" src=\"\/heizsysteme\/wp-content\/uploads\/sites\/2\/2024\/07\/einfamilienhaus-greenhover.jpg\" alt=\"Einfamilienhaus\"><\/p>\n<p><img decoding=\"async\" src=\"\/heizsysteme\/wp-content\/uploads\/sites\/2\/2024\/07\/einfamilienhaus-grey-hover-2.jpg\" alt><\/p>\n<h3>Einfamilien-<br \/>haus<\/h3>\n<p><a href=\"\/heizsysteme\/produkte-loesungen\/loesungen\/einfamilienhaus\/\">Mehr erfahren<\/a><\/p>\n<\/li>\n<li>\n<p>        <img decoding=\"async\" src=\"\/heizsysteme\/wp-content\/uploads\/sites\/2\/2024\/07\/mehrfamilienhaus-green-hover.jpg\" alt=\"\"><\/p>\n<p><img decoding=\"async\" src=\"\/heizsysteme\/wp-content\/uploads\/sites\/2\/2024\/07\/mehrfamilienhaus-grey-hover.jpg\" alt><\/p>\n<h3>Mehrfamilien-<br \/>haus<\/h3>\n<p><a href=\"\/heizsysteme\/produkte-loesungen\/loesungen\/mehrfamilienhaus\/\">Mehr erfahren<\/a><\/p>\n<\/li>\n<li>\n<p>        <img decoding=\"async\" src=\"\/heizsysteme\/wp-content\/uploads\/sites\/2\/2024\/07\/landwirtschaft-green-hover.jpg\" alt=\"\"><\/p>\n<p><img decoding=\"async\" src=\"\/heizsysteme\/wp-content\/uploads\/sites\/2\/2024\/07\/landwirtschaft-grey-hover.jpg\" alt><\/p>\n<h3>Land- &#038; <br \/>Forstwirtschaft<\/h3>\n<p><a href=\"\/heizsysteme\/produkte-loesungen\/loesungen\/heizloesung-fuer-land-und-forstwirtschaft\/\">Mehr erfahren<\/a><\/p>\n<\/li>\n<li>\n<p>        <img decoding=\"async\" src=\"\/heizsysteme\/wp-content\/uploads\/sites\/2\/2024\/07\/nah-fernwaerme-green-hover-1.jpg\" alt=\"\"><\/p>\n<p><img decoding=\"async\" src=\"\/heizsysteme\/wp-content\/uploads\/sites\/2\/2024\/07\/nah-fernwaerme-grey-hover.jpg\" alt><\/p>\n<h3>Nah- &#038;<br \/> Fernw\u00e4rme<\/h3>\n<p><a href=\"\/heizsysteme\/produkte-loesungen\/loesungen\/nah-und-fernwaerme-waermeverbunde\/\">Mehr erfahren<\/a><\/p>\n<\/li>\n<li>\n<p>        <img decoding=\"async\" src=\"\/heizsysteme\/wp-content\/uploads\/sites\/2\/2024\/07\/industrie-gewerbe-green-hover.jpg\" alt=\"\"><\/p>\n<p><img decoding=\"async\" src=\"\/heizsysteme\/wp-content\/uploads\/sites\/2\/2024\/07\/industrie-gewerbe-grey-hover.jpg\" alt><\/p>\n<h3>Industrie &#038;<br \/>Gewerbe<\/h3>\n<p><a href=\"\/heizsysteme\/produkte-loesungen\/loesungen\/industrie-und-gewerbe\/\">Mehr erfahren<\/a><\/p>\n<\/li>\n<li>\n<p>        <img decoding=\"async\" src=\"\/heizsysteme\/wp-content\/uploads\/sites\/2\/2024\/07\/holzverarbeitende-betriebe-green-hover.jpg\" alt=\"\"><\/p>\n<p><img decoding=\"async\" src=\"\/heizsysteme\/wp-content\/uploads\/sites\/2\/2024\/07\/holzverarbeitende-betriebe-grey-hover.jpg\" alt><\/p>\n<h3>Holzverarbeitende<br \/>Betriebe<\/h3>\n<p><a href=\"\/heizsysteme\/produkte-loesungen\/loesungen\/holzverarbeitende-betriebe\/\">Mehr erfahren<\/a><\/p>\n<\/li>\n<li>\n<p>        <img decoding=\"async\" src=\"\/heizsysteme\/wp-content\/uploads\/sites\/2\/2024\/07\/system-kombinationen-green-hover.jpg\" alt=\"\"><\/p>\n<p><img decoding=\"async\" src=\"\/heizsysteme\/wp-content\/uploads\/sites\/2\/2024\/07\/industrie-gewerbe-grey-hover-1.jpg\" alt><\/p>\n<h3>System-<br \/>Kombinationen<\/h3>\n<p><a href=\"\/heizsysteme\/produkte-loesungen\/loesungen\/hybridloesungen-und-systemkombinationen-von-waermeerzeuger\/\">Mehr erfahren<\/a><\/p>\n<\/li>\n<\/ul>\n<p><!--more--><br \/>\n<!-- {\"type\":\"layout\",\"children\":[{\"type\":\"section\",\"props\":{\"image_position\":\"center-center\",\"padding_remove_bottom\":true,\"style\":\"default\",\"title_breakpoint\":\"xl\",\"title_position\":\"top-left\",\"title_rotation\":\"left\",\"vertical_align\":\"middle\",\"width\":\"default\"},\"children\":[{\"type\":\"row\",\"children\":[{\"type\":\"column\",\"props\":{\"image_position\":\"center-center\",\"position_sticky_breakpoint\":\"m\",\"width_medium\":\"1-2\"},\"children\":[{\"type\":\"headline\",\"props\":{\"animation\":\"none\",\"content\":\"Unsere L\\u00f6sungen\",\"margin_remove_top\":true,\"maxwidth\":\"2xlarge\",\"parallax_breakpoint\":\"m\",\"parallax_easing\":\"1\",\"parallax_end\":\"70vh + 70%\",\"parallax_opacity\":\"0.3,1\",\"parallax_y\":\"30,0\",\"text_align\":\"left\",\"title_color\":\"emphasis\",\"title_element\":\"h1\",\"title_style\":\"h1\"}},{\"type\":\"text\",\"props\":{\"column_breakpoint\":\"m\",\"content\":\"\n\n<p>Entdecke massgeschneiderte L\\u00f6sungen f\\u00fcr verschiedene Anwendungsbereiche und finde die perfekten Produkte f\\u00fcr deine individuellen Bed\\u00fcrfnisse. Unsere L\\u00f6sungen sind darauf ausgelegt, deine Prozesse zu optimieren, Energie zu sparen und die Umwelt zu schonen. Lass dich von unserem vielf\\u00e4ltigen Angebot inspirieren und finde genau das, was du brauchst, um deine Projekte erfolgreich zu realisieren. Von der Kundenidee bis zur ausgef\\u00fchrten L\\u00f6sung, wir sind f\\u00fcr dich da.<\\\/p>\",\"margin\":\"default\"}}]},{\"type\":\"column\",\"props\":{\"image_position\":\"center-center\",\"position_sticky_breakpoint\":\"m\",\"width_medium\":\"1-2\"}}],\"props\":{\"layout\":\"1-2,1-2\"}}]},{\"type\":\"section\",\"props\":{\"animation\":\"slide-bottom-small\",\"animation_delay\":false,\"header_transparent\":true,\"header_transparent_text_color\":\"dark\",\"image_effect\":\"parallax\",\"image_parallax_bgx\":\"-120,-120\",\"image_parallax_bgy\":\"420,120\",\"image_parallax_easing\":\"0.5\",\"image_position\":\"bottom-left\",\"image_size\":\"contain\",\"padding_remove_top\":false,\"preserve_color\":false,\"style\":\"default\",\"title_breakpoint\":\"xl\",\"title_position\":\"top-left\",\"title_rotation\":\"left\",\"vertical_align\":\"\",\"width\":\"large\"},\"children\":[{\"type\":\"row\",\"props\":{\"id\":\"unsere-holzfeuerungen\",\"margin\":\"xlarge\",\"margin_remove_bottom\":false},\"children\":[{\"type\":\"column\",\"props\":{\"image_position\":\"center-center\",\"position_sticky_breakpoint\":\"m\",\"width_medium\":\"1-1\",\"widths\":[\"1-1\"]},\"children\":[{\"name\":\"Gallery Hover Image \\u2013 Verlinkung andere Seiten\",\"type\":\"gallery\",\"children\":[{\"type\":\"gallery_item\",\"props\":{\"content\":\"\",\"hover_image\":\"wp-content\\\/uploads\\\/sites\\\/2\\\/2024\\\/07\\\/einfamilienhaus-grey-hover-2.jpg\",\"image\":\"wp-content\\\/uploads\\\/sites\\\/2\\\/2024\\\/07\\\/einfamilienhaus-greenhover.jpg\",\"image_alt\":\"Einfamilienhaus\",\"link\":\"produkte-loesungen\\\/loesungen\\\/einfamilienhaus\\\/\",\"meta\":\"\",\"title\":\"Einfamilien-<br \/>haus\"}},{\"type\":\"gallery_item\",\"props\":{\"content\":\"\",\"hover_image\":\"wp-content\\\/uploads\\\/sites\\\/2\\\/2024\\\/07\\\/mehrfamilienhaus-grey-hover.jpg\",\"image\":\"wp-content\\\/uploads\\\/sites\\\/2\\\/2024\\\/07\\\/mehrfamilienhaus-green-hover.jpg\",\"link\":\"produkte-loesungen\\\/loesungen\\\/mehrfamilienhaus\\\/\",\"meta\":\"\",\"title\":\"Mehrfamilien-<br \/>haus\"}},{\"type\":\"gallery_item\",\"props\":{\"content\":\"\",\"hover_image\":\"wp-content\\\/uploads\\\/sites\\\/2\\\/2024\\\/07\\\/landwirtschaft-grey-hover.jpg\",\"image\":\"wp-content\\\/uploads\\\/sites\\\/2\\\/2024\\\/07\\\/landwirtschaft-green-hover.jpg\",\"link\":\"produkte-loesungen\\\/loesungen\\\/heizloesung-fuer-land-und-forstwirtschaft\\\/\",\"meta\":\"\",\"title\":\"Land- & <br \/>Forstwirtschaft\"}},{\"type\":\"gallery_item\",\"props\":{\"content\":\"\",\"hover_image\":\"wp-content\\\/uploads\\\/sites\\\/2\\\/2024\\\/07\\\/nah-fernwaerme-grey-hover.jpg\",\"image\":\"wp-content\\\/uploads\\\/sites\\\/2\\\/2024\\\/07\\\/nah-fernwaerme-green-hover-1.jpg\",\"link\":\"produkte-loesungen\\\/loesungen\\\/nah-und-fernwaerme-waermeverbunde\\\/\",\"meta\":\"\",\"title\":\"Nah- &<br \/> Fernw\\u00e4rme\"}},{\"type\":\"gallery_item\",\"props\":{\"content\":\"\",\"hover_image\":\"wp-content\\\/uploads\\\/sites\\\/2\\\/2024\\\/07\\\/industrie-gewerbe-grey-hover.jpg\",\"image\":\"wp-content\\\/uploads\\\/sites\\\/2\\\/2024\\\/07\\\/industrie-gewerbe-green-hover.jpg\",\"link\":\"produkte-loesungen\\\/loesungen\\\/industrie-und-gewerbe\\\/\",\"meta\":\"\",\"title\":\"Industrie &<br \/>Gewerbe\"}},{\"type\":\"gallery_item\",\"props\":{\"content\":\"\",\"hover_image\":\"wp-content\\\/uploads\\\/sites\\\/2\\\/2024\\\/07\\\/holzverarbeitende-betriebe-grey-hover.jpg\",\"image\":\"wp-content\\\/uploads\\\/sites\\\/2\\\/2024\\\/07\\\/holzverarbeitende-betriebe-green-hover.jpg\",\"link\":\"produkte-loesungen\\\/loesungen\\\/holzverarbeitende-betriebe\\\/\",\"meta\":\"\",\"title\":\"Holzverarbeitende<br \/>Betriebe\"}},{\"type\":\"gallery_item\",\"props\":{\"content\":\"\",\"hover_image\":\"wp-content\\\/uploads\\\/sites\\\/2\\\/2024\\\/07\\\/industrie-gewerbe-grey-hover-1.jpg\",\"image\":\"wp-content\\\/uploads\\\/sites\\\/2\\\/2024\\\/07\\\/system-kombinationen-green-hover.jpg\",\"link\":\"produkte-loesungen\\\/loesungen\\\/hybridloesungen-und-systemkombinationen-von-waermeerzeuger\\\/\",\"meta\":\"\",\"title\":\"System-<br \/>Kombinationen\"}}],\"props\":{\"filter_align\":\"left\",\"filter_all\":true,\"filter_grid_breakpoint\":\"m\",\"filter_grid_width\":\"auto\",\"filter_position\":\"top\",\"filter_style\":\"tab\",\"grid_column_align\":false,\"grid_default\":\"1\",\"grid_divider\":false,\"grid_medium\":\"4\",\"image_min_height\":\"200\",\"item_animation\":true,\"lightbox\":false,\"link_margin\":\"small\",\"link_style\":\"\",\"link_target\":true,\"link_text\":\"Mehr erfahren\",\"margin\":\"default\",\"margin_remove_top\":false,\"meta_align\":\"above-title\",\"meta_element\":\"div\",\"meta_margin\":\"small\",\"meta_style\":\"h6\",\"overlay_hover\":false,\"overlay_link\":true,\"overlay_maxwidth\":\"large\",\"overlay_mode\":\"cover\",\"overlay_position\":\"bottom-left\",\"overlay_style\":\"\",\"overlay_transition\":\"fade\",\"parallax_easing\":\"1\",\"show_content\":false,\"show_hover_image\":true,\"show_hover_video\":false,\"show_link\":true,\"show_meta\":true,\"show_title\":true,\"text_align\":\"left\",\"text_blend\":false,\"text_color\":\"light\",\"text_color_hover\":false,\"title_element\":\"h3\",\"title_hover_style\":\"reset\",\"title_margin\":\"small\",\"title_style\":\"h3\"}}]}]}],\"name\":\"Produkte Bereiche Green Hover\"}],\"version\":\"4.4.5\"} --><\/p>\n","protected":false},"excerpt":{"rendered":"<p>Unsere L\u00f6sungen Entdecke massgeschneiderte L\u00f6sungen f\u00fcr verschiedene Anwendungsbereiche und finde die perfekten Produkte f\u00fcr deine individuellen Bed\u00fcrfnisse. Unsere L\u00f6sungen sind darauf ausgelegt, deine Prozesse zu optimieren, Energie zu sparen und die Umwelt zu schonen. Lass dich von unserem vielf\u00e4ltigen Angebot inspirieren und finde genau das, was du brauchst, um deine Projekte erfolgreich zu realisieren. Von [&hellip;]<\/p>\n","protected":false},"author":6,"featured_media":0,"parent":300,"menu_order":1,"comment_status":"closed","ping_status":"closed","template":"","meta":{"_acf_changed":false,"footnotes":""},"class_list":["post-1264","page","type-page","status-publish","hentry"],"acf":[],"yoast_head":"<!-- This site is optimized with the Yoast SEO plugin v27.4 - https:\/\/yoast.com\/product\/yoast-seo-wordpress\/ -->\n<title>L\u00f6sungen - Heim AG Heizsysteme<\/title>\n<meta name=\"description\" content=\"Wir bieten massgeschneiderte L\u00f6sungen f\u00fcr dich und dein Zuhause\" \/>\n<meta name=\"robots\" content=\"index, follow, max-snippet:-1, max-image-preview:large, max-video-preview:-1\" \/>\n<link rel=\"canonical\" href=\"https:\/\/www.heim-ag.ch\/heizsysteme\/produkte-loesungen\/loesungen\/\" \/>\n<meta property=\"og:locale\" content=\"de_DE\" \/>\n<meta property=\"og:type\" content=\"article\" \/>\n<meta property=\"og:title\" content=\"L\u00f6sungen - Heim AG Heizsysteme\" \/>\n<meta property=\"og:description\" content=\"Wir bieten massgeschneiderte L\u00f6sungen f\u00fcr dich und dein Zuhause\" \/>\n<meta property=\"og:url\" content=\"https:\/\/www.heim-ag.ch\/heizsysteme\/produkte-loesungen\/loesungen\/\" \/>\n<meta property=\"og:site_name\" content=\"Heim AG Heizsysteme\" \/>\n<meta property=\"article:modified_time\" content=\"2024-07-31T06:29:55+00:00\" \/>\n<meta property=\"og:image\" content=\"https:\/\/www.heim-ag.ch\/heizsysteme\/wp-content\/uploads\/sites\/2\/2024\/08\/heim-ag-logo-website-bild.jpg\" \/>\n\t<meta property=\"og:image:width\" content=\"1200\" \/>\n\t<meta property=\"og:image:height\" content=\"675\" \/>\n\t<meta property=\"og:image:type\" content=\"image\/jpeg\" \/>\n<meta name=\"twitter:card\" content=\"summary_large_image\" \/>\n<meta name=\"twitter:label1\" content=\"Gesch\u00e4tzte Lesezeit\" \/>\n\t<meta name=\"twitter:data1\" content=\"4\u00a0Minuten\" \/>\n<script type=\"application\/ld+json\" class=\"yoast-schema-graph\">{\"@context\":\"https:\\\/\\\/schema.org\",\"@graph\":[{\"@type\":\"WebPage\",\"@id\":\"https:\\\/\\\/www.heim-ag.ch\\\/heizsysteme\\\/produkte-loesungen\\\/loesungen\\\/\",\"url\":\"https:\\\/\\\/www.heim-ag.ch\\\/heizsysteme\\\/produkte-loesungen\\\/loesungen\\\/\",\"name\":\"L\u00f6sungen - Heim AG Heizsysteme\",\"isPartOf\":{\"@id\":\"https:\\\/\\\/www.heim-ag.ch\\\/heizsysteme\\\/#website\"},\"datePublished\":\"2024-04-22T06:31:16+00:00\",\"dateModified\":\"2024-07-31T06:29:55+00:00\",\"description\":\"Wir bieten massgeschneiderte L\u00f6sungen f\u00fcr dich und dein Zuhause\",\"breadcrumb\":{\"@id\":\"https:\\\/\\\/www.heim-ag.ch\\\/heizsysteme\\\/produkte-loesungen\\\/loesungen\\\/#breadcrumb\"},\"inLanguage\":\"de\",\"potentialAction\":[{\"@type\":\"ReadAction\",\"target\":[\"https:\\\/\\\/www.heim-ag.ch\\\/heizsysteme\\\/produkte-loesungen\\\/loesungen\\\/\"]}]},{\"@type\":\"BreadcrumbList\",\"@id\":\"https:\\\/\\\/www.heim-ag.ch\\\/heizsysteme\\\/produkte-loesungen\\\/loesungen\\\/#breadcrumb\",\"itemListElement\":[{\"@type\":\"ListItem\",\"position\":1,\"name\":\"Startseite\",\"item\":\"https:\\\/\\\/www.heim-ag.ch\\\/heizsysteme\\\/\"},{\"@type\":\"ListItem\",\"position\":2,\"name\":\"Produkte &#038; L\u00f6sungen\",\"item\":\"https:\\\/\\\/www.heim-ag.ch\\\/heizsysteme\\\/produkte-loesungen\\\/\"},{\"@type\":\"ListItem\",\"position\":3,\"name\":\"L\u00f6sungen\"}]},{\"@type\":\"WebSite\",\"@id\":\"https:\\\/\\\/www.heim-ag.ch\\\/heizsysteme\\\/#website\",\"url\":\"https:\\\/\\\/www.heim-ag.ch\\\/heizsysteme\\\/\",\"name\":\"Heim AG Heizsysteme\",\"description\":\"Ganzheitlicher Partner f\u00fcr Energiel\u00f6sungen: erneuerbar und lokal\",\"publisher\":{\"@id\":\"https:\\\/\\\/www.heim-ag.ch\\\/heizsysteme\\\/#organization\"},\"alternateName\":\"Heim AG\",\"potentialAction\":[{\"@type\":\"SearchAction\",\"target\":{\"@type\":\"EntryPoint\",\"urlTemplate\":\"https:\\\/\\\/www.heim-ag.ch\\\/heizsysteme\\\/?s={search_term_string}\"},\"query-input\":{\"@type\":\"PropertyValueSpecification\",\"valueRequired\":true,\"valueName\":\"search_term_string\"}}],\"inLanguage\":\"de\"},{\"@type\":\"Organization\",\"@id\":\"https:\\\/\\\/www.heim-ag.ch\\\/heizsysteme\\\/#organization\",\"name\":\"Heim AG Heizsysteme\",\"alternateName\":\"Heim AG\",\"url\":\"https:\\\/\\\/www.heim-ag.ch\\\/heizsysteme\\\/\",\"logo\":{\"@type\":\"ImageObject\",\"inLanguage\":\"de\",\"@id\":\"https:\\\/\\\/www.heim-ag.ch\\\/heizsysteme\\\/#\\\/schema\\\/logo\\\/image\\\/\",\"url\":\"https:\\\/\\\/www.heim-ag.ch\\\/heizsysteme\\\/wp-content\\\/uploads\\\/sites\\\/2\\\/2024\\\/08\\\/heim-ag-logo-organisations-logo.jpg\",\"contentUrl\":\"https:\\\/\\\/www.heim-ag.ch\\\/heizsysteme\\\/wp-content\\\/uploads\\\/sites\\\/2\\\/2024\\\/08\\\/heim-ag-logo-organisations-logo.jpg\",\"width\":696,\"height\":697,\"caption\":\"Heim AG Heizsysteme\"},\"image\":{\"@id\":\"https:\\\/\\\/www.heim-ag.ch\\\/heizsysteme\\\/#\\\/schema\\\/logo\\\/image\\\/\"}}]}<\/script>\n<!-- \/ Yoast SEO plugin. -->","yoast_head_json":{"title":"L\u00f6sungen - Heim AG Heizsysteme","description":"Wir bieten massgeschneiderte L\u00f6sungen f\u00fcr dich und dein Zuhause","robots":{"index":"index","follow":"follow","max-snippet":"max-snippet:-1","max-image-preview":"max-image-preview:large","max-video-preview":"max-video-preview:-1"},"canonical":"https:\/\/www.heim-ag.ch\/heizsysteme\/produkte-loesungen\/loesungen\/","og_locale":"de_DE","og_type":"article","og_title":"L\u00f6sungen - Heim AG Heizsysteme","og_description":"Wir bieten massgeschneiderte L\u00f6sungen f\u00fcr dich und dein Zuhause","og_url":"https:\/\/www.heim-ag.ch\/heizsysteme\/produkte-loesungen\/loesungen\/","og_site_name":"Heim AG Heizsysteme","article_modified_time":"2024-07-31T06:29:55+00:00","og_image":[{"width":1200,"height":675,"url":"https:\/\/www.heim-ag.ch\/heizsysteme\/wp-content\/uploads\/sites\/2\/2024\/08\/heim-ag-logo-website-bild.jpg","type":"image\/jpeg"}],"twitter_card":"summary_large_image","twitter_misc":{"Gesch\u00e4tzte Lesezeit":"4\u00a0Minuten"},"schema":{"@context":"https:\/\/schema.org","@graph":[{"@type":"WebPage","@id":"https:\/\/www.heim-ag.ch\/heizsysteme\/produkte-loesungen\/loesungen\/","url":"https:\/\/www.heim-ag.ch\/heizsysteme\/produkte-loesungen\/loesungen\/","name":"L\u00f6sungen - Heim AG Heizsysteme","isPartOf":{"@id":"https:\/\/www.heim-ag.ch\/heizsysteme\/#website"},"datePublished":"2024-04-22T06:31:16+00:00","dateModified":"2024-07-31T06:29:55+00:00","description":"Wir bieten massgeschneiderte L\u00f6sungen f\u00fcr dich und dein Zuhause","breadcrumb":{"@id":"https:\/\/www.heim-ag.ch\/heizsysteme\/produkte-loesungen\/loesungen\/#breadcrumb"},"inLanguage":"de","potentialAction":[{"@type":"ReadAction","target":["https:\/\/www.heim-ag.ch\/heizsysteme\/produkte-loesungen\/loesungen\/"]}]},{"@type":"BreadcrumbList","@id":"https:\/\/www.heim-ag.ch\/heizsysteme\/produkte-loesungen\/loesungen\/#breadcrumb","itemListElement":[{"@type":"ListItem","position":1,"name":"Startseite","item":"https:\/\/www.heim-ag.ch\/heizsysteme\/"},{"@type":"ListItem","position":2,"name":"Produkte &#038; L\u00f6sungen","item":"https:\/\/www.heim-ag.ch\/heizsysteme\/produkte-loesungen\/"},{"@type":"ListItem","position":3,"name":"L\u00f6sungen"}]},{"@type":"WebSite","@id":"https:\/\/www.heim-ag.ch\/heizsysteme\/#website","url":"https:\/\/www.heim-ag.ch\/heizsysteme\/","name":"Heim AG Heizsysteme","description":"Ganzheitlicher Partner f\u00fcr Energiel\u00f6sungen: erneuerbar und lokal","publisher":{"@id":"https:\/\/www.heim-ag.ch\/heizsysteme\/#organization"},"alternateName":"Heim AG","potentialAction":[{"@type":"SearchAction","target":{"@type":"EntryPoint","urlTemplate":"https:\/\/www.heim-ag.ch\/heizsysteme\/?s={search_term_string}"},"query-input":{"@type":"PropertyValueSpecification","valueRequired":true,"valueName":"search_term_string"}}],"inLanguage":"de"},{"@type":"Organization","@id":"https:\/\/www.heim-ag.ch\/heizsysteme\/#organization","name":"Heim AG Heizsysteme","alternateName":"Heim AG","url":"https:\/\/www.heim-ag.ch\/heizsysteme\/","logo":{"@type":"ImageObject","inLanguage":"de","@id":"https:\/\/www.heim-ag.ch\/heizsysteme\/#\/schema\/logo\/image\/","url":"https:\/\/www.heim-ag.ch\/heizsysteme\/wp-content\/uploads\/sites\/2\/2024\/08\/heim-ag-logo-organisations-logo.jpg","contentUrl":"https:\/\/www.heim-ag.ch\/heizsysteme\/wp-content\/uploads\/sites\/2\/2024\/08\/heim-ag-logo-organisations-logo.jpg","width":696,"height":697,"caption":"Heim AG Heizsysteme"},"image":{"@id":"https:\/\/www.heim-ag.ch\/heizsysteme\/#\/schema\/logo\/image\/"}}]}},"_links":{"self":[{"href":"https:\/\/www.heim-ag.ch\/heizsysteme\/wp-json\/wp\/v2\/pages\/1264","targetHints":{"allow":["GET"]}}],"collection":[{"href":"https:\/\/www.heim-ag.ch\/heizsysteme\/wp-json\/wp\/v2\/pages"}],"about":[{"href":"https:\/\/www.heim-ag.ch\/heizsysteme\/wp-json\/wp\/v2\/types\/page"}],"author":[{"embeddable":true,"href":"https:\/\/www.heim-ag.ch\/heizsysteme\/wp-json\/wp\/v2\/users\/6"}],"replies":[{"embeddable":true,"href":"https:\/\/www.heim-ag.ch\/heizsysteme\/wp-json\/wp\/v2\/comments?post=1264"}],"version-history":[{"count":44,"href":"https:\/\/www.heim-ag.ch\/heizsysteme\/wp-json\/wp\/v2\/pages\/1264\/revisions"}],"predecessor-version":[{"id":11461,"href":"https:\/\/www.heim-ag.ch\/heizsysteme\/wp-json\/wp\/v2\/pages\/1264\/revisions\/11461"}],"up":[{"embeddable":true,"href":"https:\/\/www.heim-ag.ch\/heizsysteme\/wp-json\/wp\/v2\/pages\/300"}],"wp:attachment":[{"href":"https:\/\/www.heim-ag.ch\/heizsysteme\/wp-json\/wp\/v2\/media?parent=1264"}],"curies":[{"name":"wp","href":"https:\/\/api.w.org\/{rel}","templated":true}]}}