{"id":320,"date":"2024-02-16T11:55:42","date_gmt":"2024-02-16T10:55:42","guid":{"rendered":"https:\/\/stage.heim-ag.ch\/heizsysteme\/?page_id=320"},"modified":"2024-07-31T10:39:03","modified_gmt":"2024-07-31T08:39:03","slug":"sofort-hilfe","status":"publish","type":"page","link":"https:\/\/www.heim-ag.ch\/heizsysteme\/kundendienst\/sofort-hilfe\/","title":{"rendered":"Sofort-Hilfe"},"content":{"rendered":"<h1>Sofort-Hilfe<\/h1>\n<div>\n<p><span>Hast du Fragen zu W\u00e4rmeerzeugern, m\u00f6chtest St\u00f6rmeldungen beheben oder dein Heizsystem von Zuhause aus steuern? In dem \u201eSofort-Hilfe\u201c Bereich der Heim AG findest du schnelle L\u00f6sungen und umfassende Unterst\u00fctzung.\u00a0<\/span><\/p>\n<\/div>\n<p>\n    <a href=\"\/heizsysteme\/kontakt\/\">Kontaktiere uns<\/a>\n<\/p>\n<ul>\n<li>\n<p><img decoding=\"async\" src=\"\/heizsysteme\/wp-content\/uploads\/sites\/2\/2024\/07\/landschaft-bergen.jpg\" alt=\"Natur\"><\/p>\n<h2>HEIMisches Wissen<\/h2>\n<div>\n<p><span>Du hast Fragen zu W\u00e4rmeerzeugern, m\u00f6chtest St\u00f6rmeldungen richtig deuten oder ben\u00f6tigst Tipps rund um erneuerbare Energien?\u00a0<\/span><span>Dann bist du beim Wissensbereich der Heim AG Heizsysteme genau richtig!<\/span><\/p>\n<\/div>\n<p><a href=\"\/heizsysteme\/wissen-ratgeber\/faq\/\">Zum Wissensbereich<\/a><\/p>\n<\/li>\n<li>\n<p><img decoding=\"async\" src=\"\/heizsysteme\/wp-content\/uploads\/sites\/2\/2024\/07\/service-heimag.jpg\" alt=\"\"><\/p>\n<h2>HEIMwerker-Tutorials<\/h2>\n<div>\n<div class=\"el-content uk-panel uk-margin-small-top\">\n<p><span>Unsere\u00a0<\/span>HEIM<span>werker Tutorials bieten kompakte Anleitungen, mit denen du einfache Einstellungen an deinem Heizsystem selbst vornehmen kannst.<\/span><\/p>\n<\/div>\n<\/div>\n<p><a href=\"\/heizsysteme\/wissen-ratgeber\/heimwerker-tutorials\/\">Zu den HEIMwerker-Tutorials<\/a><\/p>\n<\/li>\n<li>\n<p><img decoding=\"async\" src=\"\/heizsysteme\/wp-content\/uploads\/sites\/2\/2024\/07\/apps-heimag-1.jpg\" alt=\"Heim Apps\"><\/p>\n<h2>Unsere Apps<\/h2>\n<div>\n<p>Nutze unsere Apps, um dein Heizsystem optimal zu managen, die Energie effizienter zu nutzen und dabei stets den \u00dcberblick zu behalten \u2013 f\u00fcr Fachpartner und Endkunden.<\/p>\n<\/div>\n<p><a href=\"\/heizsysteme\/wissen-ratgeber\/apps\/\">Zu den Apps<\/a><\/p>\n<\/li>\n<\/ul>\n<p><!--more--><br \/>\n<!-- {\"type\":\"layout\",\"children\":[{\"type\":\"section\",\"props\":{\"image_position\":\"center-center\",\"style\":\"default\",\"title_breakpoint\":\"xl\",\"title_position\":\"top-left\",\"title_rotation\":\"left\",\"vertical_align\":\"\",\"width\":\"default\"},\"children\":[{\"type\":\"row\",\"props\":{\"layout\":\"1-2,1-2\"},\"children\":[{\"type\":\"column\",\"props\":{\"image_position\":\"center-center\",\"position_sticky_breakpoint\":\"m\",\"width_medium\":\"1-2\"},\"children\":[{\"type\":\"headline\",\"props\":{\"content\":\"Sofort-Hilfe\",\"title_element\":\"h1\",\"title_style\":\"h1\"}},{\"type\":\"text\",\"props\":{\"column_breakpoint\":\"m\",\"content\":\"\n\n<p><span>Hast du Fragen zu W\\u00e4rmeerzeugern, m\\u00f6chtest St\\u00f6rmeldungen beheben oder dein Heizsystem von Zuhause aus steuern? In dem \\u201eSofort-Hilfe\\u201c Bereich der Heim AG findest du schnelle L\\u00f6sungen und umfassende Unterst\\u00fctzung.\\u00a0<\\\/span><\\\/p>\",\"margin\":\"default\"}},{\"type\":\"button\",\"props\":{\"grid_column_gap\":\"small\",\"grid_row_gap\":\"small\",\"margin\":\"default\"},\"children\":[{\"type\":\"button_item\",\"props\":{\"button_style\":\"default\",\"content\":\"Kontaktiere uns\",\"icon_align\":\"left\",\"link\":\"kontakt\\\/\"}}]}]},{\"type\":\"column\",\"props\":{\"image_position\":\"center-center\",\"position_sticky_breakpoint\":\"m\",\"width_medium\":\"1-2\"}}]}]},{\"type\":\"section\",\"props\":{\"image_position\":\"center-center\",\"style\":\"muted\",\"title_breakpoint\":\"xl\",\"title_position\":\"top-left\",\"title_rotation\":\"left\",\"vertical_align\":\"\",\"width\":\"default\"},\"children\":[{\"type\":\"row\",\"children\":[{\"type\":\"column\",\"props\":{\"image_position\":\"center-center\",\"position_sticky_breakpoint\":\"m\"},\"children\":[{\"name\":\"Grid Panel Style Card\",\"type\":\"grid\",\"children\":[{\"type\":\"grid_item\",\"props\":{\"content\":\"\n\n<p><span>Du hast Fragen zu W\\u00e4rmeerzeugern, m\\u00f6chtest St\\u00f6rmeldungen richtig deuten oder ben\\u00f6tigst Tipps rund um erneuerbare Energien?\\u00a0<\\\/span><span>Dann bist du beim Wissensbereich der Heim AG Heizsysteme genau richtig!<\\\/span><\\\/p>\",\"image\":\"wp-content\\\/uploads\\\/sites\\\/2\\\/2024\\\/07\\\/landschaft-bergen.jpg\",\"image_alt\":\"Natur\",\"link\":\"wissen-ratgeber\\\/faq\\\/\",\"link_text\":\"Zum Wissensbereich\",\"meta\":\"\",\"title\":\"HEIMisches Wissen\"}},{\"type\":\"grid_item\",\"props\":{\"content\":\"\n\n<div class=\\\"el-content uk-panel uk-margin-small-top\\\">\\n\n\n<p><span>Unsere\\u00a0<\\\/span>HEIM<span>werker Tutorials bieten kompakte Anleitungen, mit denen du einfache Einstellungen an deinem Heizsystem selbst vornehmen kannst.<\\\/span><\\\/p>\\n<\\\/div>\",\"image\":\"wp-content\\\/uploads\\\/sites\\\/2\\\/2024\\\/07\\\/service-heimag.jpg\",\"link\":\"wissen-ratgeber\\\/heimwerker-tutorials\\\/\",\"link_text\":\"Zu den HEIMwerker-Tutorials\",\"meta\":\"\",\"title\":\"HEIMwerker-Tutorials\"}},{\"type\":\"grid_item\",\"props\":{\"content\":\"\n\n<p>Nutze unsere Apps, um dein Heizsystem optimal zu managen, die Energie effizienter zu nutzen und dabei stets den \\u00dcberblick zu behalten \\u2013 f\\u00fcr Fachpartner und Endkunden.<\\\/p>\",\"image\":\"wp-content\\\/uploads\\\/sites\\\/2\\\/2024\\\/07\\\/apps-heimag-1.jpg\",\"image_alt\":\"Heim Apps\",\"link\":\"wissen-ratgeber\\\/apps\\\/\",\"link_text\":\"Zu den Apps\",\"meta\":\"\",\"title\":\"Unsere Apps\"}}],\"props\":{\"content_column_breakpoint\":\"m\",\"content_margin\":\"small\",\"filter_align\":\"left\",\"filter_all\":true,\"filter_grid_breakpoint\":\"m\",\"filter_grid_width\":\"auto\",\"filter_position\":\"top\",\"filter_style\":\"tab\",\"grid_column_align\":true,\"grid_default\":\"1\",\"grid_medium\":\"3\",\"grid_small\":\"2\",\"icon_width\":80,\"image_align\":\"top\",\"image_grid_breakpoint\":\"m\",\"image_grid_width\":\"1-2\",\"image_link\":true,\"image_svg_color\":\"emphasis\",\"image_width\":\"900\",\"item_animation\":true,\"link_style\":\"primary\",\"link_text\":\"Read More\",\"margin\":\"remove-vertical\",\"meta_align\":\"above-title\",\"meta_color\":\"primary\",\"meta_element\":\"div\",\"meta_style\":\"text-meta\",\"panel_image_no_padding\":true,\"panel_link\":false,\"panel_padding\":\"default\",\"panel_style\":\"card-default\",\"parallax_easing\":\"1\",\"show_content\":true,\"show_image\":true,\"show_link\":true,\"show_meta\":true,\"show_title\":true,\"title_align\":\"top\",\"title_element\":\"h2\",\"title_grid_breakpoint\":\"m\",\"title_grid_width\":\"1-2\",\"title_hover_style\":\"reset\",\"title_link\":true,\"title_margin\":\"small\",\"title_style\":\"h3\"}}]}]}],\"name\":\"HEIMbereiche\"}],\"version\":\"4.4.5\"} --><\/p>\n","protected":false},"excerpt":{"rendered":"<p>Sofort-Hilfe Hast du Fragen zu W\u00e4rmeerzeugern, m\u00f6chtest St\u00f6rmeldungen beheben oder dein Heizsystem von Zuhause aus steuern? In dem \u201eSofort-Hilfe\u201c Bereich der Heim AG findest du schnelle L\u00f6sungen und umfassende Unterst\u00fctzung.\u00a0 Kontaktiere uns HEIMisches Wissen Du hast Fragen zu W\u00e4rmeerzeugern, m\u00f6chtest St\u00f6rmeldungen richtig deuten oder ben\u00f6tigst Tipps rund um erneuerbare Energien?\u00a0Dann bist du beim Wissensbereich der [&hellip;]<\/p>\n","protected":false},"author":1,"featured_media":0,"parent":310,"menu_order":3,"comment_status":"closed","ping_status":"closed","template":"","meta":{"_acf_changed":false,"footnotes":""},"class_list":["post-320","page","type-page","status-publish","hentry"],"acf":[],"yoast_head":"<!-- This site is optimized with the Yoast SEO plugin v27.4 - https:\/\/yoast.com\/product\/yoast-seo-wordpress\/ -->\n<title>Sofort-Hilfe - Heim AG Heizsysteme<\/title>\n<meta name=\"description\" content=\"Im \u201eSofort-Hilfe\u201c Bereich der Webseite von Heim AG findest du schnelle L\u00f6sungen und umfassende Unterst\u00fctzung.\" \/>\n<meta name=\"robots\" content=\"index, follow, max-snippet:-1, max-image-preview:large, max-video-preview:-1\" \/>\n<link rel=\"canonical\" href=\"https:\/\/www.heim-ag.ch\/heizsysteme\/kundendienst\/sofort-hilfe\/\" \/>\n<meta property=\"og:locale\" content=\"de_DE\" \/>\n<meta property=\"og:type\" content=\"article\" \/>\n<meta property=\"og:title\" content=\"Sofort-Hilfe - Heim AG Heizsysteme\" \/>\n<meta property=\"og:description\" content=\"Im \u201eSofort-Hilfe\u201c Bereich der Webseite von Heim AG findest du schnelle L\u00f6sungen und umfassende Unterst\u00fctzung.\" \/>\n<meta property=\"og:url\" content=\"https:\/\/www.heim-ag.ch\/heizsysteme\/kundendienst\/sofort-hilfe\/\" \/>\n<meta property=\"og:site_name\" content=\"Heim AG Heizsysteme\" \/>\n<meta property=\"article:modified_time\" content=\"2024-07-31T08:39:03+00:00\" \/>\n<meta property=\"og:image\" content=\"https:\/\/www.heim-ag.ch\/heizsysteme\/wp-content\/uploads\/sites\/2\/2024\/08\/heim-ag-logo-website-bild.jpg\" \/>\n\t<meta property=\"og:image:width\" content=\"1200\" \/>\n\t<meta property=\"og:image:height\" content=\"675\" \/>\n\t<meta property=\"og:image:type\" content=\"image\/jpeg\" \/>\n<meta name=\"twitter:card\" content=\"summary_large_image\" \/>\n<meta name=\"twitter:label1\" content=\"Gesch\u00e4tzte Lesezeit\" \/>\n\t<meta name=\"twitter:data1\" content=\"2\u00a0Minuten\" \/>\n<script type=\"application\/ld+json\" class=\"yoast-schema-graph\">{\"@context\":\"https:\\\/\\\/schema.org\",\"@graph\":[{\"@type\":\"WebPage\",\"@id\":\"https:\\\/\\\/www.heim-ag.ch\\\/heizsysteme\\\/kundendienst\\\/sofort-hilfe\\\/\",\"url\":\"https:\\\/\\\/www.heim-ag.ch\\\/heizsysteme\\\/kundendienst\\\/sofort-hilfe\\\/\",\"name\":\"Sofort-Hilfe - Heim AG Heizsysteme\",\"isPartOf\":{\"@id\":\"https:\\\/\\\/www.heim-ag.ch\\\/heizsysteme\\\/#website\"},\"datePublished\":\"2024-02-16T10:55:42+00:00\",\"dateModified\":\"2024-07-31T08:39:03+00:00\",\"description\":\"Im \u201eSofort-Hilfe\u201c Bereich der Webseite von Heim AG findest du schnelle L\u00f6sungen und umfassende Unterst\u00fctzung.\",\"breadcrumb\":{\"@id\":\"https:\\\/\\\/www.heim-ag.ch\\\/heizsysteme\\\/kundendienst\\\/sofort-hilfe\\\/#breadcrumb\"},\"inLanguage\":\"de\",\"potentialAction\":[{\"@type\":\"ReadAction\",\"target\":[\"https:\\\/\\\/www.heim-ag.ch\\\/heizsysteme\\\/kundendienst\\\/sofort-hilfe\\\/\"]}]},{\"@type\":\"BreadcrumbList\",\"@id\":\"https:\\\/\\\/www.heim-ag.ch\\\/heizsysteme\\\/kundendienst\\\/sofort-hilfe\\\/#breadcrumb\",\"itemListElement\":[{\"@type\":\"ListItem\",\"position\":1,\"name\":\"Startseite\",\"item\":\"https:\\\/\\\/www.heim-ag.ch\\\/heizsysteme\\\/\"},{\"@type\":\"ListItem\",\"position\":2,\"name\":\"Kundendienst\",\"item\":\"https:\\\/\\\/www.heim-ag.ch\\\/heizsysteme\\\/kundendienst\\\/\"},{\"@type\":\"ListItem\",\"position\":3,\"name\":\"Sofort-Hilfe\"}]},{\"@type\":\"WebSite\",\"@id\":\"https:\\\/\\\/www.heim-ag.ch\\\/heizsysteme\\\/#website\",\"url\":\"https:\\\/\\\/www.heim-ag.ch\\\/heizsysteme\\\/\",\"name\":\"Heim AG Heizsysteme\",\"description\":\"Ganzheitlicher Partner f\u00fcr Energiel\u00f6sungen: erneuerbar und lokal\",\"publisher\":{\"@id\":\"https:\\\/\\\/www.heim-ag.ch\\\/heizsysteme\\\/#organization\"},\"alternateName\":\"Heim AG\",\"potentialAction\":[{\"@type\":\"SearchAction\",\"target\":{\"@type\":\"EntryPoint\",\"urlTemplate\":\"https:\\\/\\\/www.heim-ag.ch\\\/heizsysteme\\\/?s={search_term_string}\"},\"query-input\":{\"@type\":\"PropertyValueSpecification\",\"valueRequired\":true,\"valueName\":\"search_term_string\"}}],\"inLanguage\":\"de\"},{\"@type\":\"Organization\",\"@id\":\"https:\\\/\\\/www.heim-ag.ch\\\/heizsysteme\\\/#organization\",\"name\":\"Heim AG Heizsysteme\",\"alternateName\":\"Heim AG\",\"url\":\"https:\\\/\\\/www.heim-ag.ch\\\/heizsysteme\\\/\",\"logo\":{\"@type\":\"ImageObject\",\"inLanguage\":\"de\",\"@id\":\"https:\\\/\\\/www.heim-ag.ch\\\/heizsysteme\\\/#\\\/schema\\\/logo\\\/image\\\/\",\"url\":\"https:\\\/\\\/www.heim-ag.ch\\\/heizsysteme\\\/wp-content\\\/uploads\\\/sites\\\/2\\\/2024\\\/08\\\/heim-ag-logo-organisations-logo.jpg\",\"contentUrl\":\"https:\\\/\\\/www.heim-ag.ch\\\/heizsysteme\\\/wp-content\\\/uploads\\\/sites\\\/2\\\/2024\\\/08\\\/heim-ag-logo-organisations-logo.jpg\",\"width\":696,\"height\":697,\"caption\":\"Heim AG Heizsysteme\"},\"image\":{\"@id\":\"https:\\\/\\\/www.heim-ag.ch\\\/heizsysteme\\\/#\\\/schema\\\/logo\\\/image\\\/\"}}]}<\/script>\n<!-- \/ Yoast SEO plugin. -->","yoast_head_json":{"title":"Sofort-Hilfe - Heim AG Heizsysteme","description":"Im \u201eSofort-Hilfe\u201c Bereich der Webseite von Heim AG findest du schnelle L\u00f6sungen und umfassende Unterst\u00fctzung.","robots":{"index":"index","follow":"follow","max-snippet":"max-snippet:-1","max-image-preview":"max-image-preview:large","max-video-preview":"max-video-preview:-1"},"canonical":"https:\/\/www.heim-ag.ch\/heizsysteme\/kundendienst\/sofort-hilfe\/","og_locale":"de_DE","og_type":"article","og_title":"Sofort-Hilfe - Heim AG Heizsysteme","og_description":"Im \u201eSofort-Hilfe\u201c Bereich der Webseite von Heim AG findest du schnelle L\u00f6sungen und umfassende Unterst\u00fctzung.","og_url":"https:\/\/www.heim-ag.ch\/heizsysteme\/kundendienst\/sofort-hilfe\/","og_site_name":"Heim AG Heizsysteme","article_modified_time":"2024-07-31T08:39:03+00:00","og_image":[{"width":1200,"height":675,"url":"https:\/\/www.heim-ag.ch\/heizsysteme\/wp-content\/uploads\/sites\/2\/2024\/08\/heim-ag-logo-website-bild.jpg","type":"image\/jpeg"}],"twitter_card":"summary_large_image","twitter_misc":{"Gesch\u00e4tzte Lesezeit":"2\u00a0Minuten"},"schema":{"@context":"https:\/\/schema.org","@graph":[{"@type":"WebPage","@id":"https:\/\/www.heim-ag.ch\/heizsysteme\/kundendienst\/sofort-hilfe\/","url":"https:\/\/www.heim-ag.ch\/heizsysteme\/kundendienst\/sofort-hilfe\/","name":"Sofort-Hilfe - Heim AG Heizsysteme","isPartOf":{"@id":"https:\/\/www.heim-ag.ch\/heizsysteme\/#website"},"datePublished":"2024-02-16T10:55:42+00:00","dateModified":"2024-07-31T08:39:03+00:00","description":"Im \u201eSofort-Hilfe\u201c Bereich der Webseite von Heim AG findest du schnelle L\u00f6sungen und umfassende Unterst\u00fctzung.","breadcrumb":{"@id":"https:\/\/www.heim-ag.ch\/heizsysteme\/kundendienst\/sofort-hilfe\/#breadcrumb"},"inLanguage":"de","potentialAction":[{"@type":"ReadAction","target":["https:\/\/www.heim-ag.ch\/heizsysteme\/kundendienst\/sofort-hilfe\/"]}]},{"@type":"BreadcrumbList","@id":"https:\/\/www.heim-ag.ch\/heizsysteme\/kundendienst\/sofort-hilfe\/#breadcrumb","itemListElement":[{"@type":"ListItem","position":1,"name":"Startseite","item":"https:\/\/www.heim-ag.ch\/heizsysteme\/"},{"@type":"ListItem","position":2,"name":"Kundendienst","item":"https:\/\/www.heim-ag.ch\/heizsysteme\/kundendienst\/"},{"@type":"ListItem","position":3,"name":"Sofort-Hilfe"}]},{"@type":"WebSite","@id":"https:\/\/www.heim-ag.ch\/heizsysteme\/#website","url":"https:\/\/www.heim-ag.ch\/heizsysteme\/","name":"Heim AG Heizsysteme","description":"Ganzheitlicher Partner f\u00fcr Energiel\u00f6sungen: erneuerbar und lokal","publisher":{"@id":"https:\/\/www.heim-ag.ch\/heizsysteme\/#organization"},"alternateName":"Heim AG","potentialAction":[{"@type":"SearchAction","target":{"@type":"EntryPoint","urlTemplate":"https:\/\/www.heim-ag.ch\/heizsysteme\/?s={search_term_string}"},"query-input":{"@type":"PropertyValueSpecification","valueRequired":true,"valueName":"search_term_string"}}],"inLanguage":"de"},{"@type":"Organization","@id":"https:\/\/www.heim-ag.ch\/heizsysteme\/#organization","name":"Heim AG Heizsysteme","alternateName":"Heim AG","url":"https:\/\/www.heim-ag.ch\/heizsysteme\/","logo":{"@type":"ImageObject","inLanguage":"de","@id":"https:\/\/www.heim-ag.ch\/heizsysteme\/#\/schema\/logo\/image\/","url":"https:\/\/www.heim-ag.ch\/heizsysteme\/wp-content\/uploads\/sites\/2\/2024\/08\/heim-ag-logo-organisations-logo.jpg","contentUrl":"https:\/\/www.heim-ag.ch\/heizsysteme\/wp-content\/uploads\/sites\/2\/2024\/08\/heim-ag-logo-organisations-logo.jpg","width":696,"height":697,"caption":"Heim AG Heizsysteme"},"image":{"@id":"https:\/\/www.heim-ag.ch\/heizsysteme\/#\/schema\/logo\/image\/"}}]}},"_links":{"self":[{"href":"https:\/\/www.heim-ag.ch\/heizsysteme\/wp-json\/wp\/v2\/pages\/320","targetHints":{"allow":["GET"]}}],"collection":[{"href":"https:\/\/www.heim-ag.ch\/heizsysteme\/wp-json\/wp\/v2\/pages"}],"about":[{"href":"https:\/\/www.heim-ag.ch\/heizsysteme\/wp-json\/wp\/v2\/types\/page"}],"author":[{"embeddable":true,"href":"https:\/\/www.heim-ag.ch\/heizsysteme\/wp-json\/wp\/v2\/users\/1"}],"replies":[{"embeddable":true,"href":"https:\/\/www.heim-ag.ch\/heizsysteme\/wp-json\/wp\/v2\/comments?post=320"}],"version-history":[{"count":32,"href":"https:\/\/www.heim-ag.ch\/heizsysteme\/wp-json\/wp\/v2\/pages\/320\/revisions"}],"predecessor-version":[{"id":11583,"href":"https:\/\/www.heim-ag.ch\/heizsysteme\/wp-json\/wp\/v2\/pages\/320\/revisions\/11583"}],"up":[{"embeddable":true,"href":"https:\/\/www.heim-ag.ch\/heizsysteme\/wp-json\/wp\/v2\/pages\/310"}],"wp:attachment":[{"href":"https:\/\/www.heim-ag.ch\/heizsysteme\/wp-json\/wp\/v2\/media?parent=320"}],"curies":[{"name":"wp","href":"https:\/\/api.w.org\/{rel}","templated":true}]}}