{"id":5043,"date":"2024-06-13T16:08:38","date_gmt":"2024-06-13T14:08:38","guid":{"rendered":"https:\/\/stage.heim-ag.ch\/heizsysteme\/?page_id=5043"},"modified":"2026-02-11T14:27:19","modified_gmt":"2026-02-11T13:27:19","slug":"heim-waermepumpen","status":"publish","type":"page","link":"https:\/\/www.heim-ag.ch\/heizsysteme\/produktreihen\/heim-waermepumpen\/","title":{"rendered":"Heim-W\u00e4rmepumpen"},"content":{"rendered":"<h2>Unsere Heimst\u00e4rke<\/h2>\n<h1>Unsere Heim-W\u00e4rmepumpen<\/h1>\n<div>\n<p>Unser l\u00f6sungsorientiertes Entwicklungsteam erfindet immer wieder neue GeHEIMrezepte um mit zukunftsweisenden W\u00e4rmepumpen und Gesamtsystemen im Markt zu begeistern.<\/p>\n<\/div>\n<div>\n<h3>Schweizer Produktion<\/h3>\n<div>Eigene Entwick&shy;lungs- und Produktions&shy;abteilung bei uns am Hauptsitz in Aadorf<\/div>\n<\/div>\n<div>\n<h3>Qualit\u00e4t,<br \/> Flexibilit\u00e4t<\/h3>\n<div>Wir gew\u00e4hrleisten die h\u00f6chsten Qualit\u00e4ts&shy;standards und maximale Anpas&shy;sungs&shy;f\u00e4higkeit<\/div>\n<\/div>\n<div>\n<h3>L\u00f6sungs-<br \/>orientiert<\/h3>\n<div>\n<p>Massgeschneiderte und individuelle L\u00f6sungen sind unsere St\u00e4rke.\u00a0<\/p>\n<\/div>\n<\/div>\n<p><img decoding=\"async\" src=\"\/heizsysteme\/wp-content\/uploads\/sites\/2\/2024\/06\/swiss-made-1.jpg\" alt=\"Swiss Made, Schweizer Produktion\"><br \/>\n<img decoding=\"async\" src=\"\/heizsysteme\/wp-content\/uploads\/sites\/2\/2026\/02\/DSC_3265-scaled.jpg\" alt=\"\"><\/p>\n<ul>\n<li>\n<p>        <img decoding=\"async\" src=\"\/heizsysteme\/wp-content\/uploads\/sites\/2\/2025\/05\/lwkmipro-referenz-wangi.jpg\" alt=\"LWKMii pro Luft-Wasser-W\u00e4rmepumpe Heim AG\"><\/p>\n<\/li>\n<li>\n<p>        <img decoding=\"async\" src=\"\/heizsysteme\/wp-content\/uploads\/sites\/2\/2024\/05\/waermepumpenboiler.png\" alt=\"W\u00e4rmepumpenboiler Keller\"><\/p>\n<\/li>\n<li>\n<p>        <img decoding=\"async\" src=\"\/heizsysteme\/wp-content\/uploads\/sites\/2\/2025\/12\/lswmpro-titan-cityshop-chur-referenz.png\" alt=\"Luft-Wasser-W\u00e4rmepumpe LSWM pro Titan Heim AG Grossw\u00e4rmepumpe\"><\/p>\n<\/li>\n<\/ul>\n<h2>Produkt\u00fcbersicht<\/h2>\n<div>\n<\/div>\n<div>\n<\/div>\n<ul>\n<li>\n<p>        <img decoding=\"async\" src=\"\/heizsysteme\/wp-content\/uploads\/sites\/2\/2024\/08\/waermepumpenmanufaktur-heim-ag-1.jpg\" alt=\"Produktion Heim AG\"><\/p>\n<\/li>\n<li>\n<p>        <img decoding=\"async\" src=\"\/heizsysteme\/wp-content\/uploads\/sites\/2\/2024\/05\/kaeltesystemmonteur-lehrstelle-heimag.jpg\" alt=\"\"><\/p>\n<\/li>\n<li>\n<p>        <img decoding=\"async\" src=\"\/heizsysteme\/wp-content\/uploads\/sites\/2\/2024\/05\/IMG_6390.jpg\" alt=\"Pr\u00fcfstand Produktion Heim AG\"><\/p>\n<\/li>\n<li>\n<p>        <img decoding=\"async\" src=\"\/heizsysteme\/wp-content\/uploads\/sites\/2\/2024\/05\/automatik-monteur-lehrstelle-heimag.jpg\" alt=\"\"><\/p>\n<\/li>\n<li>\n<p>        <img decoding=\"async\" src=\"\/heizsysteme\/wp-content\/uploads\/sites\/2\/2024\/06\/wasser-wasser-waermepumpe.jpg\" alt=\"Wasser-Wasser-W\u00e4rmepumpe\"><\/p>\n<\/li>\n<li>\n<\/li>\n<\/ul>\n<p><!--more--><br \/>\n<!-- {\"type\":\"layout\",\"children\":[{\"type\":\"section\",\"props\":{\"image_position\":\"center-center\",\"padding\":\"large\",\"padding_remove_top\":false,\"style\":\"default\",\"title_breakpoint\":\"xl\",\"title_position\":\"top-left\",\"title_rotation\":\"left\",\"vertical_align\":\"middle\",\"width\":\"default\"},\"children\":[{\"type\":\"row\",\"props\":{\"layout\":\"1-2,1-2\"},\"children\":[{\"type\":\"column\",\"props\":{\"image_position\":\"center-center\",\"position_sticky_breakpoint\":\"m\",\"width_medium\":\"1-2\"},\"children\":[{\"type\":\"headline\",\"props\":{\"content\":\"Unsere Heimst\\u00e4rke\",\"margin_remove_bottom\":true,\"title_color\":\"primary\",\"title_element\":\"h2\",\"title_style\":\"h4\"}},{\"type\":\"headline\",\"props\":{\"content\":\"Unsere Heim-W\\u00e4rmepumpen\",\"margin_remove_top\":true,\"title_element\":\"h1\",\"title_style\":\"h1\"}},{\"type\":\"text\",\"props\":{\"column_breakpoint\":\"m\",\"content\":\"\n\n<p>Unser l\\u00f6sungsorientiertes Entwicklungsteam erfindet immer wieder neue GeHEIMrezepte um mit zukunftsweisenden W\\u00e4rmepumpen und Gesamtsystemen im Markt zu begeistern.<\\\/p>\",\"margin\":\"default\"}},{\"type\":\"fragment\",\"props\":{\"margin\":\"default\"},\"children\":[{\"type\":\"row\",\"props\":{\"layout\":\"1-3,1-3,1-3\"},\"children\":[{\"type\":\"column\",\"props\":{\"image_position\":\"center-center\",\"padding\":\"small\",\"position_sticky_breakpoint\":\"m\",\"style\":\"card-primary\",\"width_medium\":\"1-3\"},\"children\":[{\"type\":\"panel\",\"props\":{\"content\":\"Eigene Entwick&shy;lungs- und Produktions&shy;abteilung bei uns am Hauptsitz in Aadorf\",\"content_column_breakpoint\":\"m\",\"icon_width\":80,\"image_align\":\"top\",\"image_grid_breakpoint\":\"m\",\"image_grid_width\":\"1-2\",\"image_svg_color\":\"emphasis\",\"link_style\":\"default\",\"link_text\":\"Read more\",\"margin\":\"default\",\"meta\":\"\",\"meta_align\":\"below-title\",\"meta_element\":\"div\",\"meta_style\":\"text-meta\",\"title\":\"Schweizer Produktion\",\"title_align\":\"top\",\"title_element\":\"h3\",\"title_grid_breakpoint\":\"m\",\"title_grid_width\":\"1-2\",\"title_hover_style\":\"reset\"},\"name\":\"Panel-Vorteile\"}]},{\"type\":\"column\",\"props\":{\"image_position\":\"center-center\",\"padding\":\"small\",\"position_sticky_breakpoint\":\"m\",\"style\":\"card-primary\",\"width_medium\":\"1-3\"},\"children\":[{\"type\":\"panel\",\"props\":{\"content\":\"Wir gew\\u00e4hrleisten die h\\u00f6chsten Qualit\\u00e4ts&shy;standards und maximale Anpas&shy;sungs&shy;f\\u00e4higkeit\",\"content_column_breakpoint\":\"m\",\"icon_width\":80,\"image_align\":\"top\",\"image_grid_breakpoint\":\"m\",\"image_grid_width\":\"1-2\",\"image_svg_color\":\"emphasis\",\"link_style\":\"default\",\"link_text\":\"Read more\",\"margin\":\"default\",\"meta\":\"\",\"meta_align\":\"below-title\",\"meta_element\":\"div\",\"meta_style\":\"text-meta\",\"title\":\"Qualit\\u00e4t,<br \/> Flexibilit\\u00e4t\",\"title_align\":\"top\",\"title_element\":\"h3\",\"title_grid_breakpoint\":\"m\",\"title_grid_width\":\"1-2\",\"title_hover_style\":\"reset\"},\"name\":\"Panel-Vorteile\"}]},{\"type\":\"column\",\"props\":{\"image_position\":\"center-center\",\"padding\":\"small\",\"position_sticky_breakpoint\":\"m\",\"style\":\"card-primary\",\"width_medium\":\"1-3\"},\"children\":[{\"type\":\"panel\",\"props\":{\"content\":\"\n\n<p>Massgeschneiderte und individuelle L\\u00f6sungen sind unsere St\\u00e4rke.\\u00a0<\\\/p>\",\"content_column_breakpoint\":\"m\",\"icon_width\":80,\"image_align\":\"top\",\"image_grid_breakpoint\":\"m\",\"image_grid_width\":\"1-2\",\"image_svg_color\":\"emphasis\",\"link_style\":\"default\",\"link_text\":\"Read more\",\"margin\":\"default\",\"meta\":\"\",\"meta_align\":\"below-title\",\"meta_element\":\"div\",\"meta_style\":\"text-meta\",\"title\":\"L\\u00f6sungs-<br \/>orientiert\",\"title_align\":\"top\",\"title_element\":\"h3\",\"title_grid_breakpoint\":\"m\",\"title_grid_width\":\"1-2\",\"title_hover_style\":\"reset\"},\"name\":\"Panel-Vorteile\"}]}]}]},{\"type\":\"image\",\"props\":{\"image\":\"wp-content\\\/uploads\\\/sites\\\/2\\\/2024\\\/06\\\/swiss-made-1.jpg\",\"image_alt\":\"Swiss Made, Schweizer Produktion\",\"image_svg_color\":\"emphasis\",\"image_width\":200,\"margin\":\"default\"}}]},{\"type\":\"column\",\"props\":{\"image_height\":\"500\",\"image_position\":\"center-center\",\"image_width\":\"750\",\"position_sticky_breakpoint\":\"m\",\"width_medium\":\"1-2\"},\"children\":[{\"type\":\"image\",\"props\":{\"image\":\"wp-content\\\/uploads\\\/sites\\\/2\\\/2026\\\/02\\\/DSC_3265-scaled.jpg\",\"image_svg_color\":\"emphasis\",\"margin\":\"default\"}},{\"type\":\"gallery\",\"props\":{\"filter_align\":\"left\",\"filter_all\":true,\"filter_grid_breakpoint\":\"m\",\"filter_grid_width\":\"auto\",\"filter_position\":\"top\",\"filter_style\":\"tab\",\"grid_default\":\"1\",\"grid_medium\":\"3\",\"image_expand\":false,\"image_loading\":true,\"item_animation\":true,\"lightbox\":false,\"lightbox_bg_close\":false,\"link_style\":\"default\",\"link_text\":\"Read more\",\"margin\":\"default\",\"meta_align\":\"below-title\",\"meta_element\":\"div\",\"meta_style\":\"text-meta\",\"overlay_hover\":false,\"overlay_mode\":\"cover\",\"overlay_position\":\"center\",\"overlay_style\":\"\",\"overlay_transition\":\"fade\",\"show_content\":true,\"show_hover_image\":true,\"show_hover_video\":true,\"show_link\":true,\"show_meta\":true,\"show_title\":true,\"text_align\":\"center\",\"text_color\":\"light\",\"title_element\":\"h3\",\"title_hover_style\":\"reset\"},\"children\":[{\"type\":\"gallery_item\",\"props\":{\"image\":\"wp-content\\\/uploads\\\/sites\\\/2\\\/2025\\\/05\\\/lwkmipro-referenz-wangi.jpg\",\"image_alt\":\"LWKMii pro Luft-Wasser-W\\u00e4rmepumpe Heim AG\"}},{\"type\":\"gallery_item\",\"props\":{\"image\":\"wp-content\\\/uploads\\\/sites\\\/2\\\/2024\\\/05\\\/waermepumpenboiler.png\",\"image_alt\":\"W\\u00e4rmepumpenboiler Keller\"}},{\"type\":\"gallery_item\",\"props\":{\"image\":\"wp-content\\\/uploads\\\/sites\\\/2\\\/2025\\\/12\\\/lswmpro-titan-cityshop-chur-referenz.png\",\"image_alt\":\"Luft-Wasser-W\\u00e4rmepumpe LSWM pro Titan Heim AG Grossw\\u00e4rmepumpe\"}}]}]}]}]},{\"type\":\"section\",\"props\":{\"image_position\":\"center-center\",\"padding_remove_top\":true,\"style\":\"default\",\"title_breakpoint\":\"xl\",\"title_position\":\"top-left\",\"title_rotation\":\"left\",\"vertical_align\":\"middle\",\"width\":\"default\"},\"children\":[{\"type\":\"row\",\"children\":[{\"type\":\"column\",\"props\":{\"image_position\":\"center-center\",\"position_sticky_breakpoint\":\"m\"},\"children\":[{\"type\":\"headline\",\"props\":{\"content\":\"Produkt\\u00fcbersicht\",\"title_color\":\"primary\",\"title_element\":\"h2\",\"title_style\":\"h3\"}},{\"type\":\"list\",\"props\":{\"column\":\"1-3\",\"column_breakpoint\":\"m\",\"html_element\":false,\"image_align\":\"left\",\"image_svg_color\":\"emphasis\",\"image_vertical_align\":true,\"list_element\":\"ul\",\"list_horizontal_separator\":\", \",\"list_type\":\"vertical\",\"show_image\":true,\"show_link\":true},\"children\":[{\"type\":\"list_item\",\"props\":{\"icon\":\"chevron-right\"},\"source\":{\"query\":{\"name\":\"productss.customProductss\",\"arguments\":{\"terms\":[58],\"product_categories_operator\":\"IN\",\"users\":[],\"users_operator\":\"IN\",\"offset\":0,\"limit\":100,\"order\":\"date\",\"order_direction\":\"DESC\",\"product_categories_include_children\":\"include\",\"product_tags_operator\":\"IN\",\"tags_fur_naturliches_kaeltemitte_operator\":\"IN\",\"tags_fur_produktreihen_operator\":\"IN\",\"tags_prospekte_operator\":\"IN\"}},\"props\":{\"content\":{\"filters\":{\"search\":\"\"},\"name\":\"title\"},\"link\":{\"filters\":{\"search\":\"\"},\"name\":\"link\"}}}}],\"name\":\"Produkte \\u00dcbersichtliste\"}]}]}]},{\"type\":\"section\",\"props\":{\"image_position\":\"center-center\",\"style\":\"default\",\"title_breakpoint\":\"xl\",\"title_position\":\"top-left\",\"title_rotation\":\"left\",\"vertical_align\":\"middle\",\"width\":\"default\"},\"children\":[{\"type\":\"row\",\"children\":[{\"type\":\"column\",\"props\":{\"image_position\":\"center-center\",\"position_sticky_breakpoint\":\"m\"},\"children\":[{\"type\":\"panel-slider\",\"props\":{\"content_column_breakpoint\":\"m\",\"css\":\".uk-position-relative {\\n\\tpadding-bottom: 4em;\\n    margin-bottom: 4em;\\n}\\n.uk-position-bottom-center {\\n    bottom: -1em;\\n}\",\"icon_width\":80,\"image_align\":\"top\",\"image_grid_breakpoint\":\"m\",\"image_grid_width\":\"1-2\",\"image_link\":true,\"image_svg_color\":\"emphasis\",\"image_transition\":\"scale-up\",\"link_style\":\"default\",\"link_text\":\"\",\"margin\":\"default\",\"meta_align\":\"below-title\",\"meta_element\":\"div\",\"meta_style\":\"text-meta\",\"nav\":\"\",\"nav_align\":\"center\",\"nav_breakpoint\":\"s\",\"panel_link\":true,\"panel_link_hover\":\"true\",\"panel_match\":true,\"panel_padding\":\"default\",\"panel_style\":\"tile-muted\",\"show_content\":true,\"show_hover_image\":true,\"show_hover_video\":true,\"show_image\":true,\"show_link\":true,\"show_meta\":true,\"show_title\":true,\"show_video\":true,\"slidenav\":\"bottom-center\",\"slidenav_breakpoint\":\"xl\",\"slidenav_large\":false,\"slidenav_margin\":\"medium\",\"slidenav_outside_breakpoint\":\"xl\",\"slider_autoplay\":true,\"slider_autoplay_interval\":\"4\",\"slider_autoplay_pause\":true,\"slider_center\":false,\"slider_divider\":false,\"slider_gap\":\"medium\",\"slider_width\":\"fixed\",\"slider_width_default\":\"1-2\",\"slider_width_medium\":\"1-6\",\"slider_width_small\":\"1-3\",\"text_align\":\"center\",\"title_align\":\"top\",\"title_color\":\"primary\",\"title_element\":\"h3\",\"title_grid_breakpoint\":\"m\",\"title_grid_width\":\"1-2\",\"title_hover_style\":\"reset\",\"title_link\":true,\"title_style\":\"text-meta\"},\"children\":[{\"type\":\"panel-slider_item\",\"source\":{\"query\":{\"name\":\"productss.customProductss\",\"arguments\":{\"terms\":[58],\"product_categories_operator\":\"IN\",\"users\":[],\"users_operator\":\"IN\",\"offset\":0,\"limit\":100,\"order\":\"date\",\"order_direction\":\"ASC\",\"product_tags_operator\":\"IN\",\"tags_fur_naturliches_kaeltemitte_operator\":\"IN\",\"tags_fur_produktreihen_operator\":\"IN\",\"tags_prospekte_operator\":\"IN\"}},\"props\":{\"title\":{\"filters\":{\"search\":\"\"},\"name\":\"title\"},\"image\":{\"filters\":{\"search\":\"\"},\"name\":\"field.product_image_group.product_image.url\"},\"image_alt\":{\"filters\":{\"search\":\"\"},\"name\":\"field.product_image_group.product_image.alt\"},\"link\":{\"filters\":{\"search\":\"\"},\"name\":\"link\"}}}}]}]}]}],\"name\":\"produkt\\u00fcbersicht\"},{\"type\":\"section\",\"props\":{\"image_position\":\"center-center\",\"padding\":\"xlarge\",\"padding_remove_bottom\":false,\"padding_remove_top\":true,\"style\":\"default\",\"title_breakpoint\":\"xl\",\"title_position\":\"top-left\",\"title_rotation\":\"left\",\"vertical_align\":\"\",\"width\":\"\"},\"children\":[{\"type\":\"row\",\"children\":[{\"type\":\"column\",\"props\":{\"image_position\":\"center-center\",\"position_sticky_breakpoint\":\"m\"},\"children\":[{\"type\":\"overlay-slider\",\"props\":{\"animation\":\"fade\",\"image_width\":\"960\",\"link_style\":\"default\",\"link_text\":\"Read more\",\"margin\":\"large\",\"margin_remove_bottom\":true,\"meta_align\":\"below-title\",\"meta_element\":\"div\",\"meta_style\":\"text-meta\",\"nav\":\"\",\"nav_align\":\"center\",\"nav_below\":true,\"nav_breakpoint\":\"s\",\"nav_position\":\"bottom-center\",\"nav_position_margin\":\"medium\",\"overlay_mode\":\"cover\",\"overlay_position\":\"center\",\"overlay_transition\":\"fade\",\"show_content\":true,\"show_hover_image\":true,\"show_hover_video\":true,\"show_link\":true,\"show_meta\":true,\"show_title\":true,\"slidenav\":\"default\",\"slidenav_breakpoint\":\"s\",\"slidenav_hover\":true,\"slidenav_margin\":\"medium\",\"slidenav_outside_breakpoint\":\"xl\",\"slider_autoplay\":true,\"slider_autoplay_interval\":\"5\",\"slider_autoplay_pause\":true,\"slider_center\":true,\"slider_divider\":false,\"slider_gap\":\"small\",\"slider_velocity\":\"1\",\"slider_width\":\"\",\"slider_width_default\":\"1-1\",\"slider_width_medium\":\"4-5\",\"text_align\":\"center\",\"title_element\":\"h3\",\"title_hover_style\":\"reset\"},\"children\":[{\"type\":\"overlay-slider_item\",\"props\":{\"image\":\"wp-content\\\/uploads\\\/sites\\\/2\\\/2024\\\/08\\\/waermepumpenmanufaktur-heim-ag-1.jpg\",\"image_alt\":\"Produktion Heim AG\"}},{\"type\":\"overlay-slider_item\",\"props\":{\"image\":\"wp-content\\\/uploads\\\/sites\\\/2\\\/2024\\\/05\\\/kaeltesystemmonteur-lehrstelle-heimag.jpg\"}},{\"type\":\"overlay-slider_item\",\"props\":{\"image\":\"wp-content\\\/uploads\\\/sites\\\/2\\\/2024\\\/05\\\/IMG_6390.jpg\",\"image_alt\":\"Pr\\u00fcfstand Produktion Heim AG\"}},{\"type\":\"overlay-slider_item\",\"props\":{\"image\":\"wp-content\\\/uploads\\\/sites\\\/2\\\/2024\\\/05\\\/automatik-monteur-lehrstelle-heimag.jpg\"}},{\"type\":\"overlay-slider_item\",\"props\":{\"image\":\"wp-content\\\/uploads\\\/sites\\\/2\\\/2024\\\/06\\\/wasser-wasser-waermepumpe.jpg\",\"image_alt\":\"Wasser-Wasser-W\\u00e4rmepumpe\"}},{\"type\":\"overlay-slider_item\",\"props\":{\"image\":\"\",\"image_alt\":\"LWKMii pro Luft-Wasser-W\\u00e4rmepumpe Heim AG\"}}],\"modified\":\"2021-01-08T14:59:02.896Z\",\"name\":\"Slider\"}]}]}],\"name\":\"Impressions\"}],\"version\":\"4.5.33\"} --><\/p>\n","protected":false},"excerpt":{"rendered":"<p>Unsere Heimst\u00e4rke Unsere Heim-W\u00e4rmepumpen Unser l\u00f6sungsorientiertes Entwicklungsteam erfindet immer wieder neue GeHEIMrezepte um mit zukunftsweisenden W\u00e4rmepumpen und Gesamtsystemen im Markt zu begeistern. Schweizer Produktion Eigene Entwick&shy;lungs- und Produktions&shy;abteilung bei uns am Hauptsitz in Aadorf Qualit\u00e4t, Flexibilit\u00e4t Wir gew\u00e4hrleisten die h\u00f6chsten Qualit\u00e4ts&shy;standards und maximale Anpas&shy;sungs&shy;f\u00e4higkeit L\u00f6sungs-orientiert Massgeschneiderte und individuelle L\u00f6sungen sind unsere St\u00e4rke.\u00a0 Produkt\u00fcbersicht<\/p>\n","protected":false},"author":6,"featured_media":0,"parent":1266,"menu_order":3,"comment_status":"closed","ping_status":"closed","template":"","meta":{"_acf_changed":false,"footnotes":""},"class_list":["post-5043","page","type-page","status-publish","hentry"],"acf":[],"yoast_head":"<!-- This site is optimized with the Yoast SEO plugin v27.5 - https:\/\/yoast.com\/product\/yoast-seo-wordpress\/ -->\n<title>Heim-W\u00e4rmepumpen - Heim AG Heizsysteme<\/title>\n<meta name=\"description\" content=\"Unsere Heim-W\u00e4rmepumpen werden direkt bei unserem Hauptsitz in Aadorf TG selbst entwickelt und produziert.\" \/>\n<meta name=\"robots\" content=\"index, follow, max-snippet:-1, max-image-preview:large, max-video-preview:-1\" \/>\n<link rel=\"canonical\" href=\"https:\/\/www.heim-ag.ch\/heizsysteme\/produktreihen\/heim-waermepumpen\/\" \/>\n<meta property=\"og:locale\" content=\"de_DE\" \/>\n<meta property=\"og:type\" content=\"article\" \/>\n<meta property=\"og:title\" content=\"Heim-W\u00e4rmepumpen - Heim AG Heizsysteme\" \/>\n<meta property=\"og:description\" content=\"Unsere Heim-W\u00e4rmepumpen werden direkt bei unserem Hauptsitz in Aadorf TG selbst entwickelt und produziert.\" \/>\n<meta property=\"og:url\" content=\"https:\/\/www.heim-ag.ch\/heizsysteme\/produktreihen\/heim-waermepumpen\/\" \/>\n<meta property=\"og:site_name\" content=\"Heim AG Heizsysteme\" \/>\n<meta property=\"article:modified_time\" content=\"2026-02-11T13:27:19+00:00\" \/>\n<meta property=\"og:image\" content=\"https:\/\/www.heim-ag.ch\/heizsysteme\/wp-content\/uploads\/sites\/2\/2024\/08\/heim-ag-logo-website-bild.jpg\" \/>\n\t<meta property=\"og:image:width\" content=\"1200\" \/>\n\t<meta property=\"og:image:height\" content=\"675\" \/>\n\t<meta property=\"og:image:type\" content=\"image\/jpeg\" \/>\n<meta name=\"twitter:card\" content=\"summary_large_image\" \/>\n<meta name=\"twitter:label1\" content=\"Gesch\u00e4tzte Lesezeit\" \/>\n\t<meta name=\"twitter:data1\" content=\"2\u00a0Minuten\" \/>\n<script type=\"application\/ld+json\" class=\"yoast-schema-graph\">{\"@context\":\"https:\\\/\\\/schema.org\",\"@graph\":[{\"@type\":\"WebPage\",\"@id\":\"https:\\\/\\\/www.heim-ag.ch\\\/heizsysteme\\\/produktreihen\\\/heim-waermepumpen\\\/\",\"url\":\"https:\\\/\\\/www.heim-ag.ch\\\/heizsysteme\\\/produktreihen\\\/heim-waermepumpen\\\/\",\"name\":\"Heim-W\u00e4rmepumpen - Heim AG Heizsysteme\",\"isPartOf\":{\"@id\":\"https:\\\/\\\/www.heim-ag.ch\\\/heizsysteme\\\/#website\"},\"datePublished\":\"2024-06-13T14:08:38+00:00\",\"dateModified\":\"2026-02-11T13:27:19+00:00\",\"description\":\"Unsere Heim-W\u00e4rmepumpen werden direkt bei unserem Hauptsitz in Aadorf TG selbst entwickelt und produziert.\",\"breadcrumb\":{\"@id\":\"https:\\\/\\\/www.heim-ag.ch\\\/heizsysteme\\\/produktreihen\\\/heim-waermepumpen\\\/#breadcrumb\"},\"inLanguage\":\"de\",\"potentialAction\":[{\"@type\":\"ReadAction\",\"target\":[\"https:\\\/\\\/www.heim-ag.ch\\\/heizsysteme\\\/produktreihen\\\/heim-waermepumpen\\\/\"]}]},{\"@type\":\"BreadcrumbList\",\"@id\":\"https:\\\/\\\/www.heim-ag.ch\\\/heizsysteme\\\/produktreihen\\\/heim-waermepumpen\\\/#breadcrumb\",\"itemListElement\":[{\"@type\":\"ListItem\",\"position\":1,\"name\":\"Startseite\",\"item\":\"https:\\\/\\\/www.heim-ag.ch\\\/heizsysteme\\\/\"},{\"@type\":\"ListItem\",\"position\":2,\"name\":\"Produktreihen\",\"item\":\"https:\\\/\\\/www.heim-ag.ch\\\/heizsysteme\\\/produktreihen\\\/\"},{\"@type\":\"ListItem\",\"position\":3,\"name\":\"Heim-W\u00e4rmepumpen\"}]},{\"@type\":\"WebSite\",\"@id\":\"https:\\\/\\\/www.heim-ag.ch\\\/heizsysteme\\\/#website\",\"url\":\"https:\\\/\\\/www.heim-ag.ch\\\/heizsysteme\\\/\",\"name\":\"Heim AG Heizsysteme\",\"description\":\"Ganzheitlicher Partner f\u00fcr Energiel\u00f6sungen: erneuerbar und lokal\",\"publisher\":{\"@id\":\"https:\\\/\\\/www.heim-ag.ch\\\/heizsysteme\\\/#organization\"},\"alternateName\":\"Heim AG\",\"potentialAction\":[{\"@type\":\"SearchAction\",\"target\":{\"@type\":\"EntryPoint\",\"urlTemplate\":\"https:\\\/\\\/www.heim-ag.ch\\\/heizsysteme\\\/?s={search_term_string}\"},\"query-input\":{\"@type\":\"PropertyValueSpecification\",\"valueRequired\":true,\"valueName\":\"search_term_string\"}}],\"inLanguage\":\"de\"},{\"@type\":\"Organization\",\"@id\":\"https:\\\/\\\/www.heim-ag.ch\\\/heizsysteme\\\/#organization\",\"name\":\"Heim AG Heizsysteme\",\"alternateName\":\"Heim AG\",\"url\":\"https:\\\/\\\/www.heim-ag.ch\\\/heizsysteme\\\/\",\"logo\":{\"@type\":\"ImageObject\",\"inLanguage\":\"de\",\"@id\":\"https:\\\/\\\/www.heim-ag.ch\\\/heizsysteme\\\/#\\\/schema\\\/logo\\\/image\\\/\",\"url\":\"https:\\\/\\\/www.heim-ag.ch\\\/heizsysteme\\\/wp-content\\\/uploads\\\/sites\\\/2\\\/2024\\\/08\\\/heim-ag-logo-organisations-logo.jpg\",\"contentUrl\":\"https:\\\/\\\/www.heim-ag.ch\\\/heizsysteme\\\/wp-content\\\/uploads\\\/sites\\\/2\\\/2024\\\/08\\\/heim-ag-logo-organisations-logo.jpg\",\"width\":696,\"height\":697,\"caption\":\"Heim AG Heizsysteme\"},\"image\":{\"@id\":\"https:\\\/\\\/www.heim-ag.ch\\\/heizsysteme\\\/#\\\/schema\\\/logo\\\/image\\\/\"}}]}<\/script>\n<!-- \/ Yoast SEO plugin. -->","yoast_head_json":{"title":"Heim-W\u00e4rmepumpen - Heim AG Heizsysteme","description":"Unsere Heim-W\u00e4rmepumpen werden direkt bei unserem Hauptsitz in Aadorf TG selbst entwickelt und produziert.","robots":{"index":"index","follow":"follow","max-snippet":"max-snippet:-1","max-image-preview":"max-image-preview:large","max-video-preview":"max-video-preview:-1"},"canonical":"https:\/\/www.heim-ag.ch\/heizsysteme\/produktreihen\/heim-waermepumpen\/","og_locale":"de_DE","og_type":"article","og_title":"Heim-W\u00e4rmepumpen - Heim AG Heizsysteme","og_description":"Unsere Heim-W\u00e4rmepumpen werden direkt bei unserem Hauptsitz in Aadorf TG selbst entwickelt und produziert.","og_url":"https:\/\/www.heim-ag.ch\/heizsysteme\/produktreihen\/heim-waermepumpen\/","og_site_name":"Heim AG Heizsysteme","article_modified_time":"2026-02-11T13:27:19+00:00","og_image":[{"width":1200,"height":675,"url":"https:\/\/www.heim-ag.ch\/heizsysteme\/wp-content\/uploads\/sites\/2\/2024\/08\/heim-ag-logo-website-bild.jpg","type":"image\/jpeg"}],"twitter_card":"summary_large_image","twitter_misc":{"Gesch\u00e4tzte Lesezeit":"2\u00a0Minuten"},"schema":{"@context":"https:\/\/schema.org","@graph":[{"@type":"WebPage","@id":"https:\/\/www.heim-ag.ch\/heizsysteme\/produktreihen\/heim-waermepumpen\/","url":"https:\/\/www.heim-ag.ch\/heizsysteme\/produktreihen\/heim-waermepumpen\/","name":"Heim-W\u00e4rmepumpen - Heim AG Heizsysteme","isPartOf":{"@id":"https:\/\/www.heim-ag.ch\/heizsysteme\/#website"},"datePublished":"2024-06-13T14:08:38+00:00","dateModified":"2026-02-11T13:27:19+00:00","description":"Unsere Heim-W\u00e4rmepumpen werden direkt bei unserem Hauptsitz in Aadorf TG selbst entwickelt und produziert.","breadcrumb":{"@id":"https:\/\/www.heim-ag.ch\/heizsysteme\/produktreihen\/heim-waermepumpen\/#breadcrumb"},"inLanguage":"de","potentialAction":[{"@type":"ReadAction","target":["https:\/\/www.heim-ag.ch\/heizsysteme\/produktreihen\/heim-waermepumpen\/"]}]},{"@type":"BreadcrumbList","@id":"https:\/\/www.heim-ag.ch\/heizsysteme\/produktreihen\/heim-waermepumpen\/#breadcrumb","itemListElement":[{"@type":"ListItem","position":1,"name":"Startseite","item":"https:\/\/www.heim-ag.ch\/heizsysteme\/"},{"@type":"ListItem","position":2,"name":"Produktreihen","item":"https:\/\/www.heim-ag.ch\/heizsysteme\/produktreihen\/"},{"@type":"ListItem","position":3,"name":"Heim-W\u00e4rmepumpen"}]},{"@type":"WebSite","@id":"https:\/\/www.heim-ag.ch\/heizsysteme\/#website","url":"https:\/\/www.heim-ag.ch\/heizsysteme\/","name":"Heim AG Heizsysteme","description":"Ganzheitlicher Partner f\u00fcr Energiel\u00f6sungen: erneuerbar und lokal","publisher":{"@id":"https:\/\/www.heim-ag.ch\/heizsysteme\/#organization"},"alternateName":"Heim AG","potentialAction":[{"@type":"SearchAction","target":{"@type":"EntryPoint","urlTemplate":"https:\/\/www.heim-ag.ch\/heizsysteme\/?s={search_term_string}"},"query-input":{"@type":"PropertyValueSpecification","valueRequired":true,"valueName":"search_term_string"}}],"inLanguage":"de"},{"@type":"Organization","@id":"https:\/\/www.heim-ag.ch\/heizsysteme\/#organization","name":"Heim AG Heizsysteme","alternateName":"Heim AG","url":"https:\/\/www.heim-ag.ch\/heizsysteme\/","logo":{"@type":"ImageObject","inLanguage":"de","@id":"https:\/\/www.heim-ag.ch\/heizsysteme\/#\/schema\/logo\/image\/","url":"https:\/\/www.heim-ag.ch\/heizsysteme\/wp-content\/uploads\/sites\/2\/2024\/08\/heim-ag-logo-organisations-logo.jpg","contentUrl":"https:\/\/www.heim-ag.ch\/heizsysteme\/wp-content\/uploads\/sites\/2\/2024\/08\/heim-ag-logo-organisations-logo.jpg","width":696,"height":697,"caption":"Heim AG Heizsysteme"},"image":{"@id":"https:\/\/www.heim-ag.ch\/heizsysteme\/#\/schema\/logo\/image\/"}}]}},"_links":{"self":[{"href":"https:\/\/www.heim-ag.ch\/heizsysteme\/wp-json\/wp\/v2\/pages\/5043","targetHints":{"allow":["GET"]}}],"collection":[{"href":"https:\/\/www.heim-ag.ch\/heizsysteme\/wp-json\/wp\/v2\/pages"}],"about":[{"href":"https:\/\/www.heim-ag.ch\/heizsysteme\/wp-json\/wp\/v2\/types\/page"}],"author":[{"embeddable":true,"href":"https:\/\/www.heim-ag.ch\/heizsysteme\/wp-json\/wp\/v2\/users\/6"}],"replies":[{"embeddable":true,"href":"https:\/\/www.heim-ag.ch\/heizsysteme\/wp-json\/wp\/v2\/comments?post=5043"}],"version-history":[{"count":100,"href":"https:\/\/www.heim-ag.ch\/heizsysteme\/wp-json\/wp\/v2\/pages\/5043\/revisions"}],"predecessor-version":[{"id":22286,"href":"https:\/\/www.heim-ag.ch\/heizsysteme\/wp-json\/wp\/v2\/pages\/5043\/revisions\/22286"}],"up":[{"embeddable":true,"href":"https:\/\/www.heim-ag.ch\/heizsysteme\/wp-json\/wp\/v2\/pages\/1266"}],"wp:attachment":[{"href":"https:\/\/www.heim-ag.ch\/heizsysteme\/wp-json\/wp\/v2\/media?parent=5043"}],"curies":[{"name":"wp","href":"https:\/\/api.w.org\/{rel}","templated":true}]}}