{"id":6414,"date":"2024-07-04T16:51:19","date_gmt":"2024-07-04T14:51:19","guid":{"rendered":"https:\/\/stage.heim-ag.ch\/heizsysteme\/?page_id=6414"},"modified":"2024-07-31T09:54:44","modified_gmt":"2024-07-31T07:54:44","slug":"brennstoffeinbringung","status":"publish","type":"page","link":"https:\/\/www.heim-ag.ch\/heizsysteme\/produkte-loesungen\/holzenergie\/brennstofflogistik\/brennstoffeinbringung\/","title":{"rendered":"Brennstoffeinbringung"},"content":{"rendered":"<h1>Brennstoff&shy;einbringung<\/h1>\n<div>\n<p><span data-contrast=\"none\" xml:lang=\"DE-DE\" lang=\"DE-DE\" class=\"TextRun SCXW32292184 BCX0\"><span class=\"NormalTextRun SCXW32292184 BCX0\" data-ccp-charstyle=\"normaltextrun\">W<\/span><\/span><span data-contrast=\"none\" xml:lang=\"DE-CH\" lang=\"DE-CH\" class=\"TextRun SCXW32292184 BCX0\"><span class=\"NormalTextRun SpellingErrorV2Themed SCXW32292184 BCX0\" data-ccp-charstyle=\"normaltextrun\">ir<\/span><span class=\"NormalTextRun SCXW32292184 BCX0\" data-ccp-charstyle=\"normaltextrun\"> sorgen daf\u00fcr, <\/span><span class=\"NormalTextRun SCXW32292184 BCX0\" data-ccp-charstyle=\"normaltextrun\">dass <\/span><\/span><span data-contrast=\"none\" xml:lang=\"DE-DE\" lang=\"DE-DE\" class=\"TextRun SCXW32292184 BCX0\"><span class=\"NormalTextRun SCXW32292184 BCX0\" data-ccp-charstyle=\"normaltextrun\">\u202f<\/span><span class=\"NormalTextRun SCXW32292184 BCX0\" data-ccp-charstyle=\"normaltextrun\">d<\/span><\/span><span data-contrast=\"none\" xml:lang=\"DE-CH\" lang=\"DE-CH\" class=\"TextRun SCXW32292184 BCX0\"><span class=\"NormalTextRun SCXW32292184 BCX0\" data-ccp-charstyle=\"normaltextrun\">er<\/span><span class=\"NormalTextRun SCXW32292184 BCX0\" data-ccp-charstyle=\"normaltextrun\"> jeweilige Biomasse-Brennstoff<\/span><span class=\"NormalTextRun SCXW32292184 BCX0\" data-ccp-charstyle=\"eop\" data-ccp-charstyle-defn=\"{&quot;ObjectId&quot;:&quot;1eaaba47-e3a2-4518-9f87-1fb52042abcc|97&quot;,&quot;ClassId&quot;:1073872969,&quot;Properties&quot;:[201342446,&quot;1&quot;,201342447,&quot;5&quot;,201342448,&quot;1&quot;,201342449,&quot;1&quot;,469777841,&quot;Aptos&quot;,469777842,&quot;&quot;,469777843,&quot;Aptos&quot;,469777844,&quot;Aptos&quot;,201341986,&quot;1&quot;,469769226,&quot;Aptos&quot;,268442635,&quot;22&quot;,469775450,&quot;eop&quot;,201340122,&quot;1&quot;,134233614,&quot;true&quot;,469778129,&quot;eop&quot;,335572020,&quot;1&quot;,469778324,&quot;Default Paragraph Font&quot;]}\">\u202f<\/span><span class=\"NormalTextRun SCXW32292184 BCX0\" data-ccp-charstyle=\"eop\">sicher und effizient <\/span><span class=\"NormalTextRun SCXW32292184 BCX0\" data-ccp-charstyle=\"eop\">in das vorgesehene Lager <\/span><span class=\"NormalTextRun SCXW32292184 BCX0\" data-ccp-charstyle=\"eop\">eingebracht werden kann.<\/span><\/span><\/p>\n<\/div>\n<h2>Bestandteile unserer Gesamtl\u00f6sungen in der Brennstofflogistik<\/h2>\n<div>\n<p>Die Bestandteile unserer Gesamtl\u00f6sungen werden durch uns individuell, bed\u00fcrfnisorientiert und projektspezifisch eruiert und so konzipiert, damit das Zusammenspiel der einzelnen Komponenten aufeinander abgestimmt sind. So gelingt es und unsere massgeschneiderte Lagerl\u00f6sung nach individuellen Anforderungen anzubieten.\u00a0<\/p>\n<\/p>\n<\/div>\n<p><img decoding=\"async\" src=\"\/heizsysteme\/wp-content\/uploads\/sites\/2\/2024\/07\/Zerkleinerungstechnik.jpg\" alt=\"Zerkleinerungstechnik\"><\/p>\n<h2><span>Zerkleinerungstechnik<\/span><\/h2>\n<div>\n<p>Bevor der Brennstoff gelagert werden kann, muss dieser je nach Form zerkleinert werden. Bei der Heim AG Heizsysteme bieten wir Holzzerkleinerungsl\u00f6sungen an, um Holzabf\u00e4lle in handliche St\u00fccke zu verwandelt, die ideal f\u00fcr die Lagerung und Verbrennung sind. Dies optimiert die Brennstoffqualit\u00e4t und Effizienz.<\/p>\n<p>Diese Holzreste k\u00f6nnen direkt zur Energiegewinnung in Feuerungsanlagen verwendet werden.\u00a0<\/p>\n<\/p>\n<\/div>\n<p><img decoding=\"async\" src=\"\/heizsysteme\/wp-content\/uploads\/sites\/2\/2024\/07\/Bodentor.jpg\" alt=\"Bodentore\"><\/p>\n<h2><span>Bodentore<\/span><\/h2>\n<div>\n<p>Bodentore sind robuste Abdeckungen, die den Zugang zu unterirdischen Bereichen wie Kellern, Sch\u00e4chten oder Versorgungsleitungen erm\u00f6glichen. Sie bieten Sicherheit und Schutz, sind begehbar oder befahrbar und lassen sich nahtlos in verschiedene Bodenbel\u00e4ge integrieren.<\/p>\n<\/p>\n<\/div>\n<p><img decoding=\"async\" src=\"\/heizsysteme\/wp-content\/uploads\/sites\/2\/2024\/07\/Bunker_Senkrechtbefuellsystem_04-erweitert.jpg\" alt=\"Bunker Senkrechtbef\u00fcllsystem 04 erweitert\"><\/p>\n<h2><span>Bunker- \/Senkrecht&shy;bef\u00fcllsysteme<\/span><\/h2>\n<div>\n<p>Bunker-Senkrechtbef\u00fcllsysteme erm\u00f6glichen die effiziente Bef\u00fcllung von Lagerr\u00e4umen oder Silos. Sie sorgen f\u00fcr eine gleichm\u00e4ssige Verteilung des Brennstoffs, minimieren Staubentwicklung und sind ideal f\u00fcr die Lagerung von Sch\u00fcttg\u00fctern wie Getreide, Pellets oder Holzsp\u00e4nen.<\/p>\n<\/div>\n<p><img decoding=\"async\" src=\"\/heizsysteme\/wp-content\/uploads\/sites\/2\/2024\/07\/Einblasung.jpg\" alt=\"Einblasung\"><\/p>\n<h2><span>Einblasung (Pellets)<\/span><\/h2>\n<div>\n<p>Die losen Pellets werden mittel Silofahrzeugen angeliefert und in das Lager eingeblasen.\u00a0<\/p>\n<p>Die Einblasung von Pellets erm\u00f6glicht eine staubfreie und effiziente Bef\u00fcllung von Lagerr\u00e4umen. Dies gew\u00e4hrleistet eine saubere und schnelle Versorgung Ihrer Heizungsanlage.<\/p>\n<\/div>\n<h2>Als ganzheitlicher Partner stehen wir dir f\u00fcr Fragen<br \/>rund um Holzenergie gerne zur Verf\u00fcgung.<\/h2>\n<p>\n    <a href=\"\/heizsysteme\/kontakt\/\">Kontaktiere uns unverbindlich<\/a>\n<\/p>\n<p><!--more--><br \/>\n<!-- {\"type\":\"layout\",\"children\":[{\"type\":\"section\",\"props\":{\"image_position\":\"center-center\",\"padding_remove_bottom\":false,\"style\":\"default\",\"title_breakpoint\":\"xl\",\"title_position\":\"top-left\",\"title_rotation\":\"left\",\"vertical_align\":\"middle\",\"width\":\"default\"},\"children\":[{\"type\":\"row\",\"props\":{\"layout\":\"1-2,1-2\"},\"children\":[{\"type\":\"column\",\"props\":{\"image_position\":\"center-center\",\"position_sticky_breakpoint\":\"m\",\"width_medium\":\"1-2\"},\"children\":[{\"type\":\"headline\",\"props\":{\"content\":\"Brennstoff&shy;einbringung\",\"title_color\":\"primary\",\"title_element\":\"h1\",\"title_style\":\"h1\"}},{\"type\":\"text\",\"props\":{\"column_breakpoint\":\"m\",\"content\":\"\n\n<p><span data-contrast=\\\"none\\\" xml:lang=\\\"DE-DE\\\" lang=\\\"DE-DE\\\" class=\\\"TextRun SCXW32292184 BCX0\\\"><span class=\\\"NormalTextRun SCXW32292184 BCX0\\\" data-ccp-charstyle=\\\"normaltextrun\\\">W<\\\/span><\\\/span><span data-contrast=\\\"none\\\" xml:lang=\\\"DE-CH\\\" lang=\\\"DE-CH\\\" class=\\\"TextRun SCXW32292184 BCX0\\\"><span class=\\\"NormalTextRun SpellingErrorV2Themed SCXW32292184 BCX0\\\" data-ccp-charstyle=\\\"normaltextrun\\\">ir<\\\/span><span class=\\\"NormalTextRun SCXW32292184 BCX0\\\" data-ccp-charstyle=\\\"normaltextrun\\\"> sorgen daf\\u00fcr, <\\\/span><span class=\\\"NormalTextRun SCXW32292184 BCX0\\\" data-ccp-charstyle=\\\"normaltextrun\\\">dass <\\\/span><\\\/span><span data-contrast=\\\"none\\\" xml:lang=\\\"DE-DE\\\" lang=\\\"DE-DE\\\" class=\\\"TextRun SCXW32292184 BCX0\\\"><span class=\\\"NormalTextRun SCXW32292184 BCX0\\\" data-ccp-charstyle=\\\"normaltextrun\\\">\\u202f<\\\/span><span class=\\\"NormalTextRun SCXW32292184 BCX0\\\" data-ccp-charstyle=\\\"normaltextrun\\\">d<\\\/span><\\\/span><span data-contrast=\\\"none\\\" xml:lang=\\\"DE-CH\\\" lang=\\\"DE-CH\\\" class=\\\"TextRun SCXW32292184 BCX0\\\"><span class=\\\"NormalTextRun SCXW32292184 BCX0\\\" data-ccp-charstyle=\\\"normaltextrun\\\">er<\\\/span><span class=\\\"NormalTextRun SCXW32292184 BCX0\\\" data-ccp-charstyle=\\\"normaltextrun\\\"> jeweilige Biomasse-Brennstoff<\\\/span><span class=\\\"NormalTextRun SCXW32292184 BCX0\\\" data-ccp-charstyle=\\\"eop\\\" data-ccp-charstyle-defn=\\\"{&quot;ObjectId&quot;:&quot;1eaaba47-e3a2-4518-9f87-1fb52042abcc|97&quot;,&quot;ClassId&quot;:1073872969,&quot;Properties&quot;:[201342446,&quot;1&quot;,201342447,&quot;5&quot;,201342448,&quot;1&quot;,201342449,&quot;1&quot;,469777841,&quot;Aptos&quot;,469777842,&quot;&quot;,469777843,&quot;Aptos&quot;,469777844,&quot;Aptos&quot;,201341986,&quot;1&quot;,469769226,&quot;Aptos&quot;,268442635,&quot;22&quot;,469775450,&quot;eop&quot;,201340122,&quot;1&quot;,134233614,&quot;true&quot;,469778129,&quot;eop&quot;,335572020,&quot;1&quot;,469778324,&quot;Default Paragraph Font&quot;]}\\\">\\u202f<\\\/span><span class=\\\"NormalTextRun SCXW32292184 BCX0\\\" data-ccp-charstyle=\\\"eop\\\">sicher und effizient <\\\/span><span class=\\\"NormalTextRun SCXW32292184 BCX0\\\" data-ccp-charstyle=\\\"eop\\\">in das vorgesehene Lager <\\\/span><span class=\\\"NormalTextRun SCXW32292184 BCX0\\\" data-ccp-charstyle=\\\"eop\\\">eingebracht werden kann.<\\\/span><\\\/span><\\\/p>\",\"margin\":\"default\"}},{\"type\":\"headline\",\"props\":{\"content\":\"Bestandteile unserer Gesamtl\\u00f6sungen in der Brennstofflogistik\",\"title_color\":\"primary\",\"title_element\":\"h2\",\"title_style\":\"h4\"}},{\"type\":\"text\",\"props\":{\"column_breakpoint\":\"m\",\"content\":\"\n\n<p>Die Bestandteile unserer Gesamtl\\u00f6sungen werden durch uns individuell, bed\\u00fcrfnisorientiert und projektspezifisch eruiert und so konzipiert, damit das Zusammenspiel der einzelnen Komponenten aufeinander abgestimmt sind. So gelingt es und unsere massgeschneiderte Lagerl\\u00f6sung nach individuellen Anforderungen anzubieten.\\u00a0<\\\/p>\\n\n\n<p><\\\/p>\\n\n\n<p><\\\/p>\",\"margin\":\"default\"}}]},{\"type\":\"column\",\"props\":{\"image_position\":\"center-center\",\"position_sticky_breakpoint\":\"m\",\"width_medium\":\"1-2\"}}]}],\"name\":\"Einleitungsbereich Produkte\"},{\"type\":\"section\",\"props\":{\"image_position\":\"center-center\",\"padding_remove_top\":true,\"style\":\"default\",\"title_breakpoint\":\"xl\",\"title_position\":\"top-left\",\"title_rotation\":\"left\",\"vertical_align\":\"middle\",\"width\":\"default\"},\"children\":[{\"type\":\"row\",\"props\":{\"layout\":\"1-3,1-3,1-3\"},\"children\":[{\"type\":\"column\",\"props\":{\"image_position\":\"center-center\",\"position_sticky_breakpoint\":\"m\",\"width_medium\":\"1-3\"},\"children\":[{\"type\":\"image\",\"props\":{\"image\":\"wp-content\\\/uploads\\\/sites\\\/2\\\/2024\\\/07\\\/Zerkleinerungstechnik.jpg\",\"image_alt\":\"Zerkleinerungstechnik\",\"image_svg_color\":\"emphasis\",\"margin\":\"default\"}},{\"type\":\"headline\",\"props\":{\"content\":\"<span>Zerkleinerungstechnik<\\\/span>\",\"title_element\":\"h2\",\"title_style\":\"h3\"}},{\"type\":\"text\",\"props\":{\"column_breakpoint\":\"m\",\"content\":\"\n\n<p>Bevor der Brennstoff gelagert werden kann, muss dieser je nach Form zerkleinert werden. Bei der Heim AG Heizsysteme bieten wir Holzzerkleinerungsl\\u00f6sungen an, um Holzabf\\u00e4lle in handliche St\\u00fccke zu verwandelt, die ideal f\\u00fcr die Lagerung und Verbrennung sind. Dies optimiert die Brennstoffqualit\\u00e4t und Effizienz.<\\\/p>\\n\n\n<p>Diese Holzreste k\\u00f6nnen direkt zur Energiegewinnung in Feuerungsanlagen verwendet werden.\\u00a0<\\\/p>\\n\n\n<p><\\\/p>\",\"margin\":\"default\"}}]},{\"type\":\"column\",\"props\":{\"image_position\":\"center-center\",\"position_sticky_breakpoint\":\"m\",\"width_medium\":\"1-3\"},\"children\":[{\"type\":\"image\",\"props\":{\"image\":\"wp-content\\\/uploads\\\/sites\\\/2\\\/2024\\\/07\\\/Bodentor.jpg\",\"image_alt\":\"Bodentore\",\"image_svg_color\":\"emphasis\",\"margin\":\"default\"}},{\"type\":\"headline\",\"props\":{\"content\":\"<span>Bodentore<\\\/span>\",\"title_element\":\"h2\",\"title_style\":\"h3\"}},{\"type\":\"text\",\"props\":{\"column_breakpoint\":\"m\",\"content\":\"\n\n<p>Bodentore sind robuste Abdeckungen, die den Zugang zu unterirdischen Bereichen wie Kellern, Sch\\u00e4chten oder Versorgungsleitungen erm\\u00f6glichen. Sie bieten Sicherheit und Schutz, sind begehbar oder befahrbar und lassen sich nahtlos in verschiedene Bodenbel\\u00e4ge integrieren.<\\\/p>\\n\n\n<p><\\\/p>\",\"margin\":\"default\"}}]},{\"type\":\"column\",\"props\":{\"image_position\":\"center-center\",\"position_sticky_breakpoint\":\"m\",\"width_medium\":\"1-3\"},\"children\":[{\"type\":\"image\",\"props\":{\"image\":\"wp-content\\\/uploads\\\/sites\\\/2\\\/2024\\\/07\\\/Bunker_Senkrechtbefuellsystem_04-erweitert.jpg\",\"image_alt\":\"Bunker Senkrechtbef\\u00fcllsystem 04 erweitert\",\"image_svg_color\":\"emphasis\",\"margin\":\"default\"}},{\"type\":\"headline\",\"props\":{\"content\":\"<span>Bunker- \\\/Senkrecht&shy;bef\\u00fcllsysteme<\\\/span>\",\"title_element\":\"h2\",\"title_style\":\"h3\"}},{\"type\":\"text\",\"props\":{\"column_breakpoint\":\"m\",\"content\":\"\n\n<p>Bunker-Senkrechtbef\\u00fcllsysteme erm\\u00f6glichen die effiziente Bef\\u00fcllung von Lagerr\\u00e4umen oder Silos. Sie sorgen f\\u00fcr eine gleichm\\u00e4ssige Verteilung des Brennstoffs, minimieren Staubentwicklung und sind ideal f\\u00fcr die Lagerung von Sch\\u00fcttg\\u00fctern wie Getreide, Pellets oder Holzsp\\u00e4nen.<\\\/p>\",\"margin\":\"default\"}}]}]}]},{\"type\":\"section\",\"props\":{\"image_position\":\"center-center\",\"style\":\"default\",\"title_breakpoint\":\"xl\",\"title_position\":\"top-left\",\"title_rotation\":\"left\",\"vertical_align\":\"middle\",\"width\":\"default\"},\"children\":[{\"type\":\"row\",\"props\":{\"layout\":\"1-3,1-3,1-3\"},\"children\":[{\"type\":\"column\",\"props\":{\"image_position\":\"center-center\",\"position_sticky_breakpoint\":\"m\",\"width_medium\":\"1-3\"},\"children\":[{\"type\":\"image\",\"props\":{\"image\":\"wp-content\\\/uploads\\\/sites\\\/2\\\/2024\\\/07\\\/Einblasung.jpg\",\"image_alt\":\"Einblasung\",\"image_svg_color\":\"emphasis\",\"margin\":\"default\"}},{\"type\":\"headline\",\"props\":{\"content\":\"<span>Einblasung (Pellets)<\\\/span>\",\"title_element\":\"h2\",\"title_style\":\"h3\"}},{\"type\":\"text\",\"props\":{\"column_breakpoint\":\"m\",\"content\":\"\n\n<p>Die losen Pellets werden mittel Silofahrzeugen angeliefert und in das Lager eingeblasen.\\u00a0<\\\/p>\\n\n\n<p>Die Einblasung von Pellets erm\\u00f6glicht eine staubfreie und effiziente Bef\\u00fcllung von Lagerr\\u00e4umen. Dies gew\\u00e4hrleistet eine saubere und schnelle Versorgung Ihrer Heizungsanlage.<\\\/p>\",\"margin\":\"default\"}}]},{\"type\":\"column\",\"props\":{\"image_position\":\"center-center\",\"position_sticky_breakpoint\":\"m\",\"width_medium\":\"1-3\"}},{\"type\":\"column\",\"props\":{\"image_position\":\"center-center\",\"position_sticky_breakpoint\":\"m\",\"width_medium\":\"1-3\"}}]}]},{\"type\":\"section\",\"props\":{\"image_position\":\"center-center\",\"padding_remove_top\":false,\"style\":\"muted\",\"title_breakpoint\":\"xl\",\"title_position\":\"top-left\",\"title_rotation\":\"left\",\"vertical_align\":\"middle\",\"width\":\"default\"},\"children\":[{\"type\":\"row\",\"children\":[{\"type\":\"column\",\"props\":{\"image_position\":\"center-center\",\"position_sticky_breakpoint\":\"m\"},\"children\":[{\"type\":\"headline\",\"props\":{\"content\":\"Als ganzheitlicher Partner stehen wir dir f\\u00fcr Fragen<br \\\/>rund um Holzenergie gerne zur Verf\\u00fcgung.\",\"text_align\":\"center\",\"title_element\":\"h2\",\"title_style\":\"h2\"}},{\"type\":\"button\",\"props\":{\"grid_column_gap\":\"small\",\"grid_row_gap\":\"small\",\"margin\":\"default\",\"text_align\":\"center\"},\"children\":[{\"type\":\"button_item\",\"props\":{\"button_style\":\"default\",\"content\":\"Kontaktiere uns unverbindlich\",\"icon_align\":\"left\",\"link\":\"kontakt\\\/\"}}]}]}]}]}],\"version\":\"4.4.5\"} --><\/p>\n","protected":false},"excerpt":{"rendered":"<p>Brennstoff&shy;einbringung Wir sorgen daf\u00fcr, dass \u202fder jeweilige Biomasse-Brennstoff\u202fsicher und effizient in das vorgesehene Lager eingebracht werden kann. Bestandteile unserer Gesamtl\u00f6sungen in der Brennstofflogistik Die Bestandteile unserer Gesamtl\u00f6sungen werden durch uns individuell, bed\u00fcrfnisorientiert und projektspezifisch eruiert und so konzipiert, damit das Zusammenspiel der einzelnen Komponenten aufeinander abgestimmt sind. So gelingt es und unsere massgeschneiderte Lagerl\u00f6sung nach [&hellip;]<\/p>\n","protected":false},"author":6,"featured_media":0,"parent":5028,"menu_order":1,"comment_status":"closed","ping_status":"closed","template":"","meta":{"_acf_changed":false,"footnotes":""},"class_list":["post-6414","page","type-page","status-publish","hentry"],"acf":[],"yoast_head":"<!-- This site is optimized with the Yoast SEO plugin v27.4 - https:\/\/yoast.com\/product\/yoast-seo-wordpress\/ -->\n<title>Brennstoffeinbringung - Heim AG Heizsysteme<\/title>\n<meta name=\"description\" content=\"Die Bestandteile unserer Gesamtl\u00f6sungen werden durch uns individuell, bed\u00fcrfnisorientiert und projektspezifisch eruiert.\" \/>\n<meta name=\"robots\" content=\"index, follow, max-snippet:-1, max-image-preview:large, max-video-preview:-1\" \/>\n<link rel=\"canonical\" href=\"https:\/\/www.heim-ag.ch\/heizsysteme\/produkte-loesungen\/holzenergie\/brennstofflogistik\/brennstoffeinbringung\/\" \/>\n<meta property=\"og:locale\" content=\"de_DE\" \/>\n<meta property=\"og:type\" content=\"article\" \/>\n<meta property=\"og:title\" content=\"Brennstoffeinbringung - Heim AG Heizsysteme\" \/>\n<meta property=\"og:description\" content=\"Die Bestandteile unserer Gesamtl\u00f6sungen werden durch uns individuell, bed\u00fcrfnisorientiert und projektspezifisch eruiert.\" \/>\n<meta property=\"og:url\" content=\"https:\/\/www.heim-ag.ch\/heizsysteme\/produkte-loesungen\/holzenergie\/brennstofflogistik\/brennstoffeinbringung\/\" \/>\n<meta property=\"og:site_name\" content=\"Heim AG Heizsysteme\" \/>\n<meta property=\"article:modified_time\" content=\"2024-07-31T07:54:44+00:00\" \/>\n<meta property=\"og:image\" content=\"https:\/\/www.heim-ag.ch\/heizsysteme\/wp-content\/uploads\/sites\/2\/2024\/08\/heim-ag-logo-website-bild.jpg\" \/>\n\t<meta property=\"og:image:width\" content=\"1200\" \/>\n\t<meta property=\"og:image:height\" content=\"675\" \/>\n\t<meta property=\"og:image:type\" content=\"image\/jpeg\" \/>\n<meta name=\"twitter:card\" content=\"summary_large_image\" \/>\n<meta name=\"twitter:label1\" content=\"Gesch\u00e4tzte Lesezeit\" \/>\n\t<meta name=\"twitter:data1\" content=\"3\u00a0Minuten\" \/>\n<script type=\"application\/ld+json\" class=\"yoast-schema-graph\">{\"@context\":\"https:\\\/\\\/schema.org\",\"@graph\":[{\"@type\":\"WebPage\",\"@id\":\"https:\\\/\\\/www.heim-ag.ch\\\/heizsysteme\\\/produkte-loesungen\\\/holzenergie\\\/brennstofflogistik\\\/brennstoffeinbringung\\\/\",\"url\":\"https:\\\/\\\/www.heim-ag.ch\\\/heizsysteme\\\/produkte-loesungen\\\/holzenergie\\\/brennstofflogistik\\\/brennstoffeinbringung\\\/\",\"name\":\"Brennstoffeinbringung - Heim AG Heizsysteme\",\"isPartOf\":{\"@id\":\"https:\\\/\\\/www.heim-ag.ch\\\/heizsysteme\\\/#website\"},\"datePublished\":\"2024-07-04T14:51:19+00:00\",\"dateModified\":\"2024-07-31T07:54:44+00:00\",\"description\":\"Die Bestandteile unserer Gesamtl\u00f6sungen werden durch uns individuell, bed\u00fcrfnisorientiert und projektspezifisch eruiert.\",\"breadcrumb\":{\"@id\":\"https:\\\/\\\/www.heim-ag.ch\\\/heizsysteme\\\/produkte-loesungen\\\/holzenergie\\\/brennstofflogistik\\\/brennstoffeinbringung\\\/#breadcrumb\"},\"inLanguage\":\"de\",\"potentialAction\":[{\"@type\":\"ReadAction\",\"target\":[\"https:\\\/\\\/www.heim-ag.ch\\\/heizsysteme\\\/produkte-loesungen\\\/holzenergie\\\/brennstofflogistik\\\/brennstoffeinbringung\\\/\"]}]},{\"@type\":\"BreadcrumbList\",\"@id\":\"https:\\\/\\\/www.heim-ag.ch\\\/heizsysteme\\\/produkte-loesungen\\\/holzenergie\\\/brennstofflogistik\\\/brennstoffeinbringung\\\/#breadcrumb\",\"itemListElement\":[{\"@type\":\"ListItem\",\"position\":1,\"name\":\"Startseite\",\"item\":\"https:\\\/\\\/www.heim-ag.ch\\\/heizsysteme\\\/\"},{\"@type\":\"ListItem\",\"position\":2,\"name\":\"Produkte &#038; L\u00f6sungen\",\"item\":\"https:\\\/\\\/www.heim-ag.ch\\\/heizsysteme\\\/produkte-loesungen\\\/\"},{\"@type\":\"ListItem\",\"position\":3,\"name\":\"Holzenergie\",\"item\":\"https:\\\/\\\/www.heim-ag.ch\\\/heizsysteme\\\/produkte-loesungen\\\/holzenergie\\\/\"},{\"@type\":\"ListItem\",\"position\":4,\"name\":\"Brennstofflogistik\",\"item\":\"https:\\\/\\\/www.heim-ag.ch\\\/heizsysteme\\\/produkte-loesungen\\\/holzenergie\\\/brennstofflogistik\\\/\"},{\"@type\":\"ListItem\",\"position\":5,\"name\":\"Brennstoffeinbringung\"}]},{\"@type\":\"WebSite\",\"@id\":\"https:\\\/\\\/www.heim-ag.ch\\\/heizsysteme\\\/#website\",\"url\":\"https:\\\/\\\/www.heim-ag.ch\\\/heizsysteme\\\/\",\"name\":\"Heim AG Heizsysteme\",\"description\":\"Ganzheitlicher Partner f\u00fcr Energiel\u00f6sungen: erneuerbar und lokal\",\"publisher\":{\"@id\":\"https:\\\/\\\/www.heim-ag.ch\\\/heizsysteme\\\/#organization\"},\"alternateName\":\"Heim AG\",\"potentialAction\":[{\"@type\":\"SearchAction\",\"target\":{\"@type\":\"EntryPoint\",\"urlTemplate\":\"https:\\\/\\\/www.heim-ag.ch\\\/heizsysteme\\\/?s={search_term_string}\"},\"query-input\":{\"@type\":\"PropertyValueSpecification\",\"valueRequired\":true,\"valueName\":\"search_term_string\"}}],\"inLanguage\":\"de\"},{\"@type\":\"Organization\",\"@id\":\"https:\\\/\\\/www.heim-ag.ch\\\/heizsysteme\\\/#organization\",\"name\":\"Heim AG Heizsysteme\",\"alternateName\":\"Heim AG\",\"url\":\"https:\\\/\\\/www.heim-ag.ch\\\/heizsysteme\\\/\",\"logo\":{\"@type\":\"ImageObject\",\"inLanguage\":\"de\",\"@id\":\"https:\\\/\\\/www.heim-ag.ch\\\/heizsysteme\\\/#\\\/schema\\\/logo\\\/image\\\/\",\"url\":\"https:\\\/\\\/www.heim-ag.ch\\\/heizsysteme\\\/wp-content\\\/uploads\\\/sites\\\/2\\\/2024\\\/08\\\/heim-ag-logo-organisations-logo.jpg\",\"contentUrl\":\"https:\\\/\\\/www.heim-ag.ch\\\/heizsysteme\\\/wp-content\\\/uploads\\\/sites\\\/2\\\/2024\\\/08\\\/heim-ag-logo-organisations-logo.jpg\",\"width\":696,\"height\":697,\"caption\":\"Heim AG Heizsysteme\"},\"image\":{\"@id\":\"https:\\\/\\\/www.heim-ag.ch\\\/heizsysteme\\\/#\\\/schema\\\/logo\\\/image\\\/\"}}]}<\/script>\n<!-- \/ Yoast SEO plugin. -->","yoast_head_json":{"title":"Brennstoffeinbringung - Heim AG Heizsysteme","description":"Die Bestandteile unserer Gesamtl\u00f6sungen werden durch uns individuell, bed\u00fcrfnisorientiert und projektspezifisch eruiert.","robots":{"index":"index","follow":"follow","max-snippet":"max-snippet:-1","max-image-preview":"max-image-preview:large","max-video-preview":"max-video-preview:-1"},"canonical":"https:\/\/www.heim-ag.ch\/heizsysteme\/produkte-loesungen\/holzenergie\/brennstofflogistik\/brennstoffeinbringung\/","og_locale":"de_DE","og_type":"article","og_title":"Brennstoffeinbringung - Heim AG Heizsysteme","og_description":"Die Bestandteile unserer Gesamtl\u00f6sungen werden durch uns individuell, bed\u00fcrfnisorientiert und projektspezifisch eruiert.","og_url":"https:\/\/www.heim-ag.ch\/heizsysteme\/produkte-loesungen\/holzenergie\/brennstofflogistik\/brennstoffeinbringung\/","og_site_name":"Heim AG Heizsysteme","article_modified_time":"2024-07-31T07:54:44+00:00","og_image":[{"width":1200,"height":675,"url":"https:\/\/www.heim-ag.ch\/heizsysteme\/wp-content\/uploads\/sites\/2\/2024\/08\/heim-ag-logo-website-bild.jpg","type":"image\/jpeg"}],"twitter_card":"summary_large_image","twitter_misc":{"Gesch\u00e4tzte Lesezeit":"3\u00a0Minuten"},"schema":{"@context":"https:\/\/schema.org","@graph":[{"@type":"WebPage","@id":"https:\/\/www.heim-ag.ch\/heizsysteme\/produkte-loesungen\/holzenergie\/brennstofflogistik\/brennstoffeinbringung\/","url":"https:\/\/www.heim-ag.ch\/heizsysteme\/produkte-loesungen\/holzenergie\/brennstofflogistik\/brennstoffeinbringung\/","name":"Brennstoffeinbringung - Heim AG Heizsysteme","isPartOf":{"@id":"https:\/\/www.heim-ag.ch\/heizsysteme\/#website"},"datePublished":"2024-07-04T14:51:19+00:00","dateModified":"2024-07-31T07:54:44+00:00","description":"Die Bestandteile unserer Gesamtl\u00f6sungen werden durch uns individuell, bed\u00fcrfnisorientiert und projektspezifisch eruiert.","breadcrumb":{"@id":"https:\/\/www.heim-ag.ch\/heizsysteme\/produkte-loesungen\/holzenergie\/brennstofflogistik\/brennstoffeinbringung\/#breadcrumb"},"inLanguage":"de","potentialAction":[{"@type":"ReadAction","target":["https:\/\/www.heim-ag.ch\/heizsysteme\/produkte-loesungen\/holzenergie\/brennstofflogistik\/brennstoffeinbringung\/"]}]},{"@type":"BreadcrumbList","@id":"https:\/\/www.heim-ag.ch\/heizsysteme\/produkte-loesungen\/holzenergie\/brennstofflogistik\/brennstoffeinbringung\/#breadcrumb","itemListElement":[{"@type":"ListItem","position":1,"name":"Startseite","item":"https:\/\/www.heim-ag.ch\/heizsysteme\/"},{"@type":"ListItem","position":2,"name":"Produkte &#038; L\u00f6sungen","item":"https:\/\/www.heim-ag.ch\/heizsysteme\/produkte-loesungen\/"},{"@type":"ListItem","position":3,"name":"Holzenergie","item":"https:\/\/www.heim-ag.ch\/heizsysteme\/produkte-loesungen\/holzenergie\/"},{"@type":"ListItem","position":4,"name":"Brennstofflogistik","item":"https:\/\/www.heim-ag.ch\/heizsysteme\/produkte-loesungen\/holzenergie\/brennstofflogistik\/"},{"@type":"ListItem","position":5,"name":"Brennstoffeinbringung"}]},{"@type":"WebSite","@id":"https:\/\/www.heim-ag.ch\/heizsysteme\/#website","url":"https:\/\/www.heim-ag.ch\/heizsysteme\/","name":"Heim AG Heizsysteme","description":"Ganzheitlicher Partner f\u00fcr Energiel\u00f6sungen: erneuerbar und lokal","publisher":{"@id":"https:\/\/www.heim-ag.ch\/heizsysteme\/#organization"},"alternateName":"Heim AG","potentialAction":[{"@type":"SearchAction","target":{"@type":"EntryPoint","urlTemplate":"https:\/\/www.heim-ag.ch\/heizsysteme\/?s={search_term_string}"},"query-input":{"@type":"PropertyValueSpecification","valueRequired":true,"valueName":"search_term_string"}}],"inLanguage":"de"},{"@type":"Organization","@id":"https:\/\/www.heim-ag.ch\/heizsysteme\/#organization","name":"Heim AG Heizsysteme","alternateName":"Heim AG","url":"https:\/\/www.heim-ag.ch\/heizsysteme\/","logo":{"@type":"ImageObject","inLanguage":"de","@id":"https:\/\/www.heim-ag.ch\/heizsysteme\/#\/schema\/logo\/image\/","url":"https:\/\/www.heim-ag.ch\/heizsysteme\/wp-content\/uploads\/sites\/2\/2024\/08\/heim-ag-logo-organisations-logo.jpg","contentUrl":"https:\/\/www.heim-ag.ch\/heizsysteme\/wp-content\/uploads\/sites\/2\/2024\/08\/heim-ag-logo-organisations-logo.jpg","width":696,"height":697,"caption":"Heim AG Heizsysteme"},"image":{"@id":"https:\/\/www.heim-ag.ch\/heizsysteme\/#\/schema\/logo\/image\/"}}]}},"_links":{"self":[{"href":"https:\/\/www.heim-ag.ch\/heizsysteme\/wp-json\/wp\/v2\/pages\/6414","targetHints":{"allow":["GET"]}}],"collection":[{"href":"https:\/\/www.heim-ag.ch\/heizsysteme\/wp-json\/wp\/v2\/pages"}],"about":[{"href":"https:\/\/www.heim-ag.ch\/heizsysteme\/wp-json\/wp\/v2\/types\/page"}],"author":[{"embeddable":true,"href":"https:\/\/www.heim-ag.ch\/heizsysteme\/wp-json\/wp\/v2\/users\/6"}],"replies":[{"embeddable":true,"href":"https:\/\/www.heim-ag.ch\/heizsysteme\/wp-json\/wp\/v2\/comments?post=6414"}],"version-history":[{"count":50,"href":"https:\/\/www.heim-ag.ch\/heizsysteme\/wp-json\/wp\/v2\/pages\/6414\/revisions"}],"predecessor-version":[{"id":11518,"href":"https:\/\/www.heim-ag.ch\/heizsysteme\/wp-json\/wp\/v2\/pages\/6414\/revisions\/11518"}],"up":[{"embeddable":true,"href":"https:\/\/www.heim-ag.ch\/heizsysteme\/wp-json\/wp\/v2\/pages\/5028"}],"wp:attachment":[{"href":"https:\/\/www.heim-ag.ch\/heizsysteme\/wp-json\/wp\/v2\/media?parent=6414"}],"curies":[{"name":"wp","href":"https:\/\/api.w.org\/{rel}","templated":true}]}}